
{"id":48,"date":"2011-05-16T08:13:14","date_gmt":"2011-05-16T08:13:14","guid":{"rendered":"http:\/\/www.enjoyslovakiasoul.com\/?page_id=48"},"modified":"2013-01-12T23:55:38","modified_gmt":"2013-01-12T23:55:38","slug":"skiapling","status":"publish","type":"page","link":"https:\/\/www.enjoyslovakiasoul.com\/sk\/outdoor\/snow-paradise-tours\/skiapling\/","title":{"rendered":"Skialpinizmus"},"content":{"rendered":"<p><\/p>\n<p style=\"text-align: center;\"><a href=\"http:\/\/www.enjoyslovakiasoul.com\/wp-content\/uploads\/Zmena3.jpg\"><img decoding=\"async\" loading=\"lazy\" class=\"aligncenter size-full wp-image-306\" title=\"Winter\" src=\"http:\/\/www.enjoyslovakiasoul.com\/wp-content\/uploads\/Zmena3.jpg\" alt=\"\" width=\"615\" height=\"116\" srcset=\"https:\/\/www.enjoyslovakiasoul.com\/wp-content\/uploads\/Zmena3.jpg 615w, https:\/\/www.enjoyslovakiasoul.com\/wp-content\/uploads\/Zmena3-300x56.jpg 300w\" sizes=\"(max-width: 615px) 100vw, 615px\" \/><\/a><span style=\"color: #008000;\"><strong>Vychutnaj si s\u00a0nami nezabudnute\u013en\u00e9 z\u00e1\u017eitky skialpinizmu na Slovensku v\u00a0tichej pr\u00edrode slovensk\u00fdch h<\/strong><strong>\u00f4r..<\/strong><\/span><\/p>\n<p>Rozm\u00fd\u0161\u013eate nav\u0161t\u00edvi\u0165 slovensk\u00e9 hory a zak\u00fasi\u0165 \u010daro skialpinizmu\u00a0 v\u00a0kr\u00e1snom prostred\u00ed vysok\u00fdch h\u00f4r s\u00a0tradi\u010dnou slovenskou atmosf\u00e9rou, veselou z\u00e1bavou a chutn\u00fdm slovensk\u00fdm jedlom? Potom ste na spr\u00e1vnej ceste\u2026<\/p>\n<p><strong><a href=\"http:\/\/www.enjoyslovakiasoul.com\/wp-content\/uploads\/skialp_vazani.jpg\"><img decoding=\"async\" loading=\"lazy\" class=\"alignleft size-thumbnail wp-image-307\" title=\"Winter\" src=\"http:\/\/www.enjoyslovakiasoul.com\/wp-content\/uploads\/skialp_vazani-150x150.jpg\" alt=\"\" width=\"150\" height=\"150\" \/><\/a><\/strong><strong>EST Frontier Slovakia, travel agency,<\/strong>\u00a0V\u00e1m pon\u00faka v\u00fdborn\u00fa mo\u017enos\u0165 nav\u0161t\u00edvi\u0165 slovensk\u00e9 ve\u013ehory a u\u017ei\u0165 si skialpinizmus z\u00a0t\u00fdch najkraj\u0161\u00edch vrcholov na\u0161ich slovensk\u00fdch h\u00f4r v\u00a0mnoh\u00fdch ly\u017eiarsk\u00fdch stredisk\u00e1ch, ktor\u00e9 Slovensko, t\u00e1to mal\u00e1 krajina s\u00a0ve\u013ek\u00fdm srdcom, pon\u00faka.<\/p>\n<p>Skialpinizmus je vysokohorsk\u00fd, zimn\u00fd \u0161port,\u00a0 ktor\u00fd v\u00a0sebe sp\u00e1ja prvky ly\u017eovania horolezectva. Skialpinisti prekon\u00e1vaj\u00fa ve\u013ek\u00e9 v\u00fd\u0161kov\u00e9 a\u00a0\u010dasto aj vzdialenostn\u00e9 rozdiely po\u010das v\u00fdstupov na ly\u017eiach, pr\u00edpadne st\u00fapac\u00edch \u017eelez\u00e1ch (tzv. ma\u010dk\u00e1ch), a\u00a0n\u00e1sledne pri zjazdoch z\u00a0vrcholov a\u00a0horsk\u00fdch sediel.<\/p>\n<p>Skialpinizmus n\u00e1m d\u00e1va mo\u017enos\u0165 unikn\u00fa\u0165 z pre\u013eudnen\u00fdch zjazdoviek do tichej pr\u00edrody h\u00f4r, ly\u017eova\u0165 v neporu\u0161enom snehovom pra\u0161ane i nezabudnute\u013en\u00e9 scen\u00e9rie zo snehom zaliatych \u0161t\u00edtov. <strong>Nazrite spolu s <strong>EST Frontier Slovakia, travel agency<\/strong>\u00a0do tohto sveta&#8230;<\/strong><\/p>\n<p><a href=\"http:\/\/www.enjoyslovakiasoul.com\/wp-content\/uploads\/550x375_AussichtSkifahrer.jpg\"><img decoding=\"async\" loading=\"lazy\" class=\"alignleft size-thumbnail wp-image-308\" title=\"Winter\" src=\"http:\/\/www.enjoyslovakiasoul.com\/wp-content\/uploads\/550x375_AussichtSkifahrer-150x150.jpg\" alt=\"\" width=\"150\" height=\"150\" \/><\/a>Ak m\u00e1te z\u00e1ujem o dovolenku na Slovensku s\u00a0nami, nev\u00e1hajte a <a title=\"Kontakt\" href=\"..\/?page_id=17&amp;lang=sk\">kontaktujte n\u00e1s<\/a>. Povedzte n\u00e1m svoje predstavy a my sa budeme sna\u017ei\u0165 splni\u0165 v\u00e1m ich a obohati\u0165 ich o na\u0161e sk\u00fasenosti. Zabezpe\u010d\u00edme pre v\u00e1s cel\u00fd program, od dopravy a\u017e po ubytovanie v\u00a0tradi\u010dnom slovenskom prostred\u00ed, aby ste pre\u017eili nie len nezabudnute\u013en\u00e9 chv\u00edle v slovensk\u00fdch hor\u00e1ch, ale aby ste spoznali aj trad\u00edcie slovenskej kult\u00fary.<\/p>","protected":false},"excerpt":{"rendered":"<p>Vychutnaj si s\u00a0nami nezabudnute\u013en\u00e9 z\u00e1\u017eitky skialpinizmu na Slovensku v\u00a0tichej pr\u00edrode slovensk\u00fdch h\u00f4r.. Rozm\u00fd\u0161\u013eate nav\u0161t\u00edvi\u0165 slovensk\u00e9 hory a zak\u00fasi\u0165 \u010daro skialpinizmu\u00a0 v\u00a0kr\u00e1snom prostred\u00ed vysok\u00fdch h\u00f4r s\u00a0tradi\u010dnou slovenskou atmosf\u00e9rou, veselou z\u00e1bavou a chutn\u00fdm slovensk\u00fdm jedlom? Potom ste na spr\u00e1vnej ceste\u2026 EST Frontier Slovakia, travel agency,\u00a0V\u00e1m pon\u00faka v\u00fdborn\u00fa mo\u017enos\u0165 nav\u0161t\u00edvi\u0165 slovensk\u00e9 ve\u013ehory a u\u017ei\u0165 si skialpinizmus z\u00a0t\u00fdch najkraj\u0161\u00edch [&hellip;]<\/p>\n","protected":false},"author":1,"featured_media":0,"parent":22,"menu_order":0,"comment_status":"open","ping_status":"open","template":"","meta":{"ngg_post_thumbnail":0},"yoast_head":"<!-- This site is optimized with the Yoast SEO plugin v20.3 - https:\/\/yoast.com\/wordpress\/plugins\/seo\/ -->\n<title>Skialpinizmus - EST Frontier Slovakia<\/title>\n<meta name=\"robots\" content=\"index, follow, max-snippet:-1, max-image-preview:large, max-video-preview:-1\" \/>\n<link rel=\"canonical\" href=\"https:\/\/www.enjoyslovakiasoul.com\/outdoor\/snow-paradise-tours\/skiapling\/\" \/>\n<meta property=\"og:locale\" content=\"sk_SK\" \/>\n<meta property=\"og:type\" content=\"article\" \/>\n<meta property=\"og:title\" content=\"Skialpinizmus - EST Frontier Slovakia\" \/>\n<meta property=\"og:description\" content=\"Vychutnaj si s\u00a0nami nezabudnute\u013en\u00e9 z\u00e1\u017eitky skialpinizmu na Slovensku v\u00a0tichej pr\u00edrode slovensk\u00fdch h\u00f4r.. Rozm\u00fd\u0161\u013eate nav\u0161t\u00edvi\u0165 slovensk\u00e9 hory a zak\u00fasi\u0165 \u010daro skialpinizmu\u00a0 v\u00a0kr\u00e1snom prostred\u00ed vysok\u00fdch h\u00f4r s\u00a0tradi\u010dnou slovenskou atmosf\u00e9rou, veselou z\u00e1bavou a chutn\u00fdm slovensk\u00fdm jedlom? Potom ste na spr\u00e1vnej ceste\u2026 EST Frontier Slovakia, travel agency,\u00a0V\u00e1m pon\u00faka v\u00fdborn\u00fa mo\u017enos\u0165 nav\u0161t\u00edvi\u0165 slovensk\u00e9 ve\u013ehory a u\u017ei\u0165 si skialpinizmus z\u00a0t\u00fdch najkraj\u0161\u00edch [&hellip;]\" \/>\n<meta property=\"og:url\" content=\"https:\/\/www.enjoyslovakiasoul.com\/outdoor\/snow-paradise-tours\/skiapling\/\" \/>\n<meta property=\"og:site_name\" content=\"EST Frontier Slovakia\" \/>\n<meta property=\"article:modified_time\" content=\"2013-01-12T23:55:38+00:00\" \/>\n<meta property=\"og:image\" content=\"http:\/\/www.enjoyslovakiasoul.com\/wp-content\/uploads\/Zmena3.jpg\" \/>\n<meta name=\"twitter:card\" content=\"summary_large_image\" \/>\n<meta name=\"twitter:label1\" content=\"Predpokladan\u00fd \u010das \u010d\u00edtania\" \/>\n\t<meta name=\"twitter:data1\" content=\"3 min\u00faty\" \/>\n<script type=\"application\/ld+json\" class=\"yoast-schema-graph\">{\"@context\":\"https:\/\/schema.org\",\"@graph\":[{\"@type\":\"WebPage\",\"@id\":\"https:\/\/www.enjoyslovakiasoul.com\/outdoor\/snow-paradise-tours\/skiapling\/\",\"url\":\"https:\/\/www.enjoyslovakiasoul.com\/outdoor\/snow-paradise-tours\/skiapling\/\",\"name\":\"Skialpinizmus - EST Frontier Slovakia\",\"isPartOf\":{\"@id\":\"https:\/\/www.enjoyslovakiasoul.com\/#website\"},\"datePublished\":\"2011-05-16T08:13:14+00:00\",\"dateModified\":\"2013-01-12T23:55:38+00:00\",\"breadcrumb\":{\"@id\":\"https:\/\/www.enjoyslovakiasoul.com\/outdoor\/snow-paradise-tours\/skiapling\/#breadcrumb\"},\"inLanguage\":\"sk-SK\",\"potentialAction\":[{\"@type\":\"ReadAction\",\"target\":[\"https:\/\/www.enjoyslovakiasoul.com\/outdoor\/snow-paradise-tours\/skiapling\/\"]}]},{\"@type\":\"BreadcrumbList\",\"@id\":\"https:\/\/www.enjoyslovakiasoul.com\/outdoor\/snow-paradise-tours\/skiapling\/#breadcrumb\",\"itemListElement\":[{\"@type\":\"ListItem\",\"position\":1,\"name\":\"Home\",\"item\":\"https:\/\/www.enjoyslovakiasoul.com\/\"},{\"@type\":\"ListItem\",\"position\":2,\"name\":\"Outdoor\",\"item\":\"https:\/\/www.enjoyslovakiasoul.com\/outdoor\/\"},{\"@type\":\"ListItem\",\"position\":3,\"name\":\"Winter Activities\",\"item\":\"https:\/\/www.enjoyslovakiasoul.com\/outdoor\/snow-paradise-tours\/\"},{\"@type\":\"ListItem\",\"position\":4,\"name\":\"Ski Mountaineering\"}]},{\"@type\":\"WebSite\",\"@id\":\"https:\/\/www.enjoyslovakiasoul.com\/#website\",\"url\":\"https:\/\/www.enjoyslovakiasoul.com\/\",\"name\":\"EST Frontier Slovakia\",\"description\":\"Fun, Relax, Adventure\",\"potentialAction\":[{\"@type\":\"SearchAction\",\"target\":{\"@type\":\"EntryPoint\",\"urlTemplate\":\"https:\/\/www.enjoyslovakiasoul.com\/?s={search_term_string}\"},\"query-input\":\"required name=search_term_string\"}],\"inLanguage\":\"sk-SK\"}]}<\/script>\n<!-- \/ Yoast SEO plugin. -->","yoast_head_json":{"title":"Skialpinizmus - EST Frontier Slovakia","robots":{"index":"index","follow":"follow","max-snippet":"max-snippet:-1","max-image-preview":"max-image-preview:large","max-video-preview":"max-video-preview:-1"},"canonical":"https:\/\/www.enjoyslovakiasoul.com\/outdoor\/snow-paradise-tours\/skiapling\/","og_locale":"sk_SK","og_type":"article","og_title":"Skialpinizmus - EST Frontier Slovakia","og_description":"Vychutnaj si s\u00a0nami nezabudnute\u013en\u00e9 z\u00e1\u017eitky skialpinizmu na Slovensku v\u00a0tichej pr\u00edrode slovensk\u00fdch h\u00f4r.. Rozm\u00fd\u0161\u013eate nav\u0161t\u00edvi\u0165 slovensk\u00e9 hory a zak\u00fasi\u0165 \u010daro skialpinizmu\u00a0 v\u00a0kr\u00e1snom prostred\u00ed vysok\u00fdch h\u00f4r s\u00a0tradi\u010dnou slovenskou atmosf\u00e9rou, veselou z\u00e1bavou a chutn\u00fdm slovensk\u00fdm jedlom? Potom ste na spr\u00e1vnej ceste\u2026 EST Frontier Slovakia, travel agency,\u00a0V\u00e1m pon\u00faka v\u00fdborn\u00fa mo\u017enos\u0165 nav\u0161t\u00edvi\u0165 slovensk\u00e9 ve\u013ehory a u\u017ei\u0165 si skialpinizmus z\u00a0t\u00fdch najkraj\u0161\u00edch [&hellip;]","og_url":"https:\/\/www.enjoyslovakiasoul.com\/outdoor\/snow-paradise-tours\/skiapling\/","og_site_name":"EST Frontier Slovakia","article_modified_time":"2013-01-12T23:55:38+00:00","og_image":[{"url":"http:\/\/www.enjoyslovakiasoul.com\/wp-content\/uploads\/Zmena3.jpg"}],"twitter_card":"summary_large_image","twitter_misc":{"Predpokladan\u00fd \u010das \u010d\u00edtania":"3 min\u00faty"},"schema":{"@context":"https:\/\/schema.org","@graph":[{"@type":"WebPage","@id":"https:\/\/www.enjoyslovakiasoul.com\/outdoor\/snow-paradise-tours\/skiapling\/","url":"https:\/\/www.enjoyslovakiasoul.com\/outdoor\/snow-paradise-tours\/skiapling\/","name":"Skialpinizmus - EST Frontier Slovakia","isPartOf":{"@id":"https:\/\/www.enjoyslovakiasoul.com\/#website"},"datePublished":"2011-05-16T08:13:14+00:00","dateModified":"2013-01-12T23:55:38+00:00","breadcrumb":{"@id":"https:\/\/www.enjoyslovakiasoul.com\/outdoor\/snow-paradise-tours\/skiapling\/#breadcrumb"},"inLanguage":"sk-SK","potentialAction":[{"@type":"ReadAction","target":["https:\/\/www.enjoyslovakiasoul.com\/outdoor\/snow-paradise-tours\/skiapling\/"]}]},{"@type":"BreadcrumbList","@id":"https:\/\/www.enjoyslovakiasoul.com\/outdoor\/snow-paradise-tours\/skiapling\/#breadcrumb","itemListElement":[{"@type":"ListItem","position":1,"name":"Home","item":"https:\/\/www.enjoyslovakiasoul.com\/"},{"@type":"ListItem","position":2,"name":"Outdoor","item":"https:\/\/www.enjoyslovakiasoul.com\/outdoor\/"},{"@type":"ListItem","position":3,"name":"Winter Activities","item":"https:\/\/www.enjoyslovakiasoul.com\/outdoor\/snow-paradise-tours\/"},{"@type":"ListItem","position":4,"name":"Ski Mountaineering"}]},{"@type":"WebSite","@id":"https:\/\/www.enjoyslovakiasoul.com\/#website","url":"https:\/\/www.enjoyslovakiasoul.com\/","name":"EST Frontier Slovakia","description":"Fun, Relax, Adventure","potentialAction":[{"@type":"SearchAction","target":{"@type":"EntryPoint","urlTemplate":"https:\/\/www.enjoyslovakiasoul.com\/?s={search_term_string}"},"query-input":"required name=search_term_string"}],"inLanguage":"sk-SK"}]}},"_links":{"self":[{"href":"https:\/\/www.enjoyslovakiasoul.com\/sk\/wp-json\/wp\/v2\/pages\/48"}],"collection":[{"href":"https:\/\/www.enjoyslovakiasoul.com\/sk\/wp-json\/wp\/v2\/pages"}],"about":[{"href":"https:\/\/www.enjoyslovakiasoul.com\/sk\/wp-json\/wp\/v2\/types\/page"}],"author":[{"embeddable":true,"href":"https:\/\/www.enjoyslovakiasoul.com\/sk\/wp-json\/wp\/v2\/users\/1"}],"replies":[{"embeddable":true,"href":"https:\/\/www.enjoyslovakiasoul.com\/sk\/wp-json\/wp\/v2\/comments?post=48"}],"version-history":[{"count":12,"href":"https:\/\/www.enjoyslovakiasoul.com\/sk\/wp-json\/wp\/v2\/pages\/48\/revisions"}],"predecessor-version":[{"id":3380,"href":"https:\/\/www.enjoyslovakiasoul.com\/sk\/wp-json\/wp\/v2\/pages\/48\/revisions\/3380"}],"up":[{"embeddable":true,"href":"https:\/\/www.enjoyslovakiasoul.com\/sk\/wp-json\/wp\/v2\/pages\/22"}],"wp:attachment":[{"href":"https:\/\/www.enjoyslovakiasoul.com\/sk\/wp-json\/wp\/v2\/media?parent=48"}],"curies":[{"name":"wp","href":"https:\/\/api.w.org\/{rel}","templated":true}]}}