
{"id":50,"date":"2011-05-16T08:13:37","date_gmt":"2011-05-16T08:13:37","guid":{"rendered":"http:\/\/www.enjoyslovakiasoul.com\/?page_id=50"},"modified":"2013-01-12T23:56:46","modified_gmt":"2013-01-12T23:56:46","slug":"skiing","status":"publish","type":"page","link":"https:\/\/www.enjoyslovakiasoul.com\/sk\/outdoor\/snow-paradise-tours\/skiing\/","title":{"rendered":"Ly\u017eovanie"},"content":{"rendered":"<p><\/p>\n<p style=\"text-align: center;\"><a href=\"http:\/\/www.enjoyslovakiasoul.com\/wp-content\/uploads\/Zmena5.jpg\"><img decoding=\"async\" loading=\"lazy\" class=\"aligncenter size-full wp-image-317\" title=\"Winter\" src=\"http:\/\/www.enjoyslovakiasoul.com\/wp-content\/uploads\/Zmena5.jpg\" alt=\"\" width=\"615\" height=\"141\" srcset=\"https:\/\/www.enjoyslovakiasoul.com\/wp-content\/uploads\/Zmena5.jpg 615w, https:\/\/www.enjoyslovakiasoul.com\/wp-content\/uploads\/Zmena5-300x68.jpg 300w\" sizes=\"(max-width: 615px) 100vw, 615px\" \/><\/a><span style=\"color: #008000;\"><strong>Vychutnaj si s\u00a0nami nezabudnute\u013en\u00fa ly\u017eova\u010dku na Slovensku pln\u00fa z\u00e1bavy v tradi\u010dnej slovenskej atmosf\u00e9re..<\/strong><\/span><\/p>\n<p>Rozm\u00fd\u0161\u013eate nad ly\u017eova\u010dkou\u00a0 v\u00a0kr\u00e1snom prostred\u00ed vysok\u00fdch h\u00f4r s\u00a0tradi\u010dnou slovenskou atmosf\u00e9rou, veselou z\u00e1bavou a chutn\u00fdm slovensk\u00fdm jedlom? Potom ste na spr\u00e1vnej ceste\u2026<\/p>\n<p><a href=\"http:\/\/www.enjoyslovakiasoul.com\/wp-content\/uploads\/3-pitztal-skifahren.jpg\"><img decoding=\"async\" loading=\"lazy\" class=\"alignleft size-thumbnail wp-image-318\" title=\"Skiing\" src=\"http:\/\/www.enjoyslovakiasoul.com\/wp-content\/uploads\/3-pitztal-skifahren-150x150.jpg\" alt=\"\" width=\"150\" height=\"150\" \/><\/a>V\u00a0tejto malej krajine s\u00a0ve\u013ek\u00fdm srdcom v\u00a0strede Eur\u00f3py, v\u00e1s \u010dak\u00e1 jedna z\u00a0najkraj\u0161\u00edch ly\u017eova\u010diek, ak\u00e9 si viete predstavi\u0165. Toto v\u0161etko si m\u00f4\u017eete vychutna\u0165 v\u00a0najsevernej\u0161ej a <strong>najscenickejsej<\/strong> \u010dasti Slovenska &#8211; na Orave v\u00a0Zapadn\u00fdch Tatr\u00e1ch naz\u00fdvan\u00fdch Roh\u00e1\u010de alebo priamo v\u00a0<strong>najvy\u0161\u0161\u00edch<\/strong> slovensk\u00fdch hor\u00e1ch- vo Vysok\u00fdch Tatr\u00e1ch. Z\u00a0ly\u017eova\u010dky na Slovensku \u00a0si odnesiete nie len nezabudnuteln\u00e9 \u0161portov\u00e9 chv\u00edle s\u00a0va\u0161imi priatelmi a rodinou, no tie\u017e sa postar\u00e1me sa o to, aby ste pre\u017eili ly\u017eova\u010dku aj ostatn\u00fd vo\u013en\u00fd \u010das pozn\u00e1van\u00edm slovenskej kult\u00fary a trad\u00edci\u00ed \u2013 preto\u017ee ako sa na Slovensku hovor\u00ed\u2026 \u201eNA SLOVENSKU PO SLOVENSKY\u201c.<\/p>\n<p>Pre ly\u017eiarov Slovensko pon\u00faka vy\u0161e 300 stred\u00edsk r\u00f4znej ve\u013ekosti. Mnoh\u00e9 z nich le\u017eia priamo v n\u00e1rodn\u00fdch parkoch. Vo viacer\u00fdch sa pravidelne uskuto\u010d\u0148uj\u00fa medzin\u00e1rodn\u00e9 preteky v alpsk\u00fdch discipl\u00ednach, ly\u017eovan\u00ed, snowboardovan\u00ed \u010di preteky ps\u00edch z\u00e1prahov.<\/p>\n<p><a href=\"http:\/\/www.enjoyslovakiasoul.com\/wp-content\/uploads\/chalupa.jpg\"><img decoding=\"async\" loading=\"lazy\" class=\"alignright size-thumbnail wp-image-319\" title=\"Winter Romantic\" src=\"http:\/\/www.enjoyslovakiasoul.com\/wp-content\/uploads\/chalupa-150x150.jpg\" alt=\"\" width=\"150\" height=\"150\" \/><\/a>Cez krajinu sa tiahne Karpatsk\u00fd obl\u00fak, kde sa pohoria striedaj\u00fa s kotlinami, \u010d\u00edm vznik\u00e1 \u010dlenit\u00fd ter\u00e9n a tak si tu m\u00f4\u017eete vychutna\u0165 \u010dist\u00e9, panensk\u00e9 ly\u017eovanie v r\u00f4znych ter\u00e9noch, \u00fachvatn\u00e9 horsk\u00e9 scen\u00e9rie a vynikaj\u00face snehov\u00e9 podmienky, ktor\u00e9 dohromady vytv\u00e1raj\u00fa neopakovate\u013en\u00e9 prostredie pre nezabudnute\u013en\u00e9 ly\u017eovanie. Ly\u017eiarske stredisk\u00e1 pon\u00fakaj\u00fa tie\u017e adrenal\u00ednov\u00e9 atrakcie, ako je <strong>s<\/strong><strong>nowtubing, kitewing, bobov\u00e9 a s\u00e1nkarsk\u00e9 dr\u00e1hy, \u010di klzisk\u00e1.<\/strong><\/p>\n<p><strong><strong>EST Frontier Slovakia, travel agency<\/strong>\u00a0<\/strong><strong>v\u00e1<\/strong>m pon\u00faka v\u00fdber z\u00a0mnoh\u00fdch ly\u017earsk\u00fdch stred\u00edsk v jedn\u00fdch z\u00a0najkraj\u0161\u00edch regi\u00f3nov Slovenska, ktor\u00e9 z\u00e1rove\u0148 patria k najpr\u00ed\u0165a\u017elivej\u0161\u00edm slovensk\u00fdm oblastiam. Orava-Z\u00e1padn\u00e9 Tatry a Vysok\u00e9 Tatry poskytuj\u00fa v\u00fdborn\u00e9 podmienky aj pre in\u00e9 zimn\u00e9 \u0161porty ako je cross-country skiing, snowshoeing \u010di skialping a snowboarding.<\/p>\n<p>Ak m\u00e1te z\u00e1ujem o dovolenku na Slovensku s\u00a0nami, nev\u00e1hajte a <a title=\"Kontakt\" href=\"..\/?page_id=17&amp;lang=sk\">kontaktujte n\u00e1s<\/a>. Povedzte n\u00e1m svoje predstavy a my sa budeme sna\u017ei\u0165 splni\u0165 v\u00e1m ich a obohati\u0165 ich o na\u0161e sk\u00fasenosti. Zabezpe\u010d\u00edme pre v\u00e1s cel\u00fd program, od dopravy a\u017e po ubytovanie v\u00a0tradi\u010dnom slovenskom prostred\u00ed, aby ste pre\u017eili nie len nezabudnute\u013en\u00e9 chv\u00edle v slovensk\u00fdch hor\u00e1ch, ale aby ste spoznali aj trad\u00edcie slovenskej kult\u00fary.<\/p>\n<div><\/div>\n<p><\/p>","protected":false},"excerpt":{"rendered":"<p>Vychutnaj si s\u00a0nami nezabudnute\u013en\u00fa ly\u017eova\u010dku na Slovensku pln\u00fa z\u00e1bavy v tradi\u010dnej slovenskej atmosf\u00e9re.. Rozm\u00fd\u0161\u013eate nad ly\u017eova\u010dkou\u00a0 v\u00a0kr\u00e1snom prostred\u00ed vysok\u00fdch h\u00f4r s\u00a0tradi\u010dnou slovenskou atmosf\u00e9rou, veselou z\u00e1bavou a chutn\u00fdm slovensk\u00fdm jedlom? Potom ste na spr\u00e1vnej ceste\u2026 V\u00a0tejto malej krajine s\u00a0ve\u013ek\u00fdm srdcom v\u00a0strede Eur\u00f3py, v\u00e1s \u010dak\u00e1 jedna z\u00a0najkraj\u0161\u00edch ly\u017eova\u010diek, ak\u00e9 si viete predstavi\u0165. Toto v\u0161etko si m\u00f4\u017eete vychutna\u0165 [&hellip;]<\/p>\n","protected":false},"author":1,"featured_media":0,"parent":22,"menu_order":0,"comment_status":"open","ping_status":"open","template":"","meta":{"ngg_post_thumbnail":0},"yoast_head":"<!-- This site is optimized with the Yoast SEO plugin v20.3 - https:\/\/yoast.com\/wordpress\/plugins\/seo\/ -->\n<title>Ly\u017eovanie - EST Frontier Slovakia<\/title>\n<meta name=\"robots\" content=\"index, follow, max-snippet:-1, max-image-preview:large, max-video-preview:-1\" \/>\n<link rel=\"canonical\" href=\"https:\/\/www.enjoyslovakiasoul.com\/outdoor\/snow-paradise-tours\/skiing\/\" \/>\n<meta property=\"og:locale\" content=\"sk_SK\" \/>\n<meta property=\"og:type\" content=\"article\" \/>\n<meta property=\"og:title\" content=\"Ly\u017eovanie - EST Frontier Slovakia\" \/>\n<meta property=\"og:description\" content=\"Vychutnaj si s\u00a0nami nezabudnute\u013en\u00fa ly\u017eova\u010dku na Slovensku pln\u00fa z\u00e1bavy v tradi\u010dnej slovenskej atmosf\u00e9re.. Rozm\u00fd\u0161\u013eate nad ly\u017eova\u010dkou\u00a0 v\u00a0kr\u00e1snom prostred\u00ed vysok\u00fdch h\u00f4r s\u00a0tradi\u010dnou slovenskou atmosf\u00e9rou, veselou z\u00e1bavou a chutn\u00fdm slovensk\u00fdm jedlom? Potom ste na spr\u00e1vnej ceste\u2026 V\u00a0tejto malej krajine s\u00a0ve\u013ek\u00fdm srdcom v\u00a0strede Eur\u00f3py, v\u00e1s \u010dak\u00e1 jedna z\u00a0najkraj\u0161\u00edch ly\u017eova\u010diek, ak\u00e9 si viete predstavi\u0165. Toto v\u0161etko si m\u00f4\u017eete vychutna\u0165 [&hellip;]\" \/>\n<meta property=\"og:url\" content=\"https:\/\/www.enjoyslovakiasoul.com\/outdoor\/snow-paradise-tours\/skiing\/\" \/>\n<meta property=\"og:site_name\" content=\"EST Frontier Slovakia\" \/>\n<meta property=\"article:modified_time\" content=\"2013-01-12T23:56:46+00:00\" \/>\n<meta property=\"og:image\" content=\"http:\/\/www.enjoyslovakiasoul.com\/wp-content\/uploads\/Zmena5.jpg\" \/>\n<meta name=\"twitter:card\" content=\"summary_large_image\" \/>\n<meta name=\"twitter:label1\" content=\"Predpokladan\u00fd \u010das \u010d\u00edtania\" \/>\n\t<meta name=\"twitter:data1\" content=\"4 min\u00faty\" \/>\n<script type=\"application\/ld+json\" class=\"yoast-schema-graph\">{\"@context\":\"https:\/\/schema.org\",\"@graph\":[{\"@type\":\"WebPage\",\"@id\":\"https:\/\/www.enjoyslovakiasoul.com\/outdoor\/snow-paradise-tours\/skiing\/\",\"url\":\"https:\/\/www.enjoyslovakiasoul.com\/outdoor\/snow-paradise-tours\/skiing\/\",\"name\":\"Ly\u017eovanie - EST Frontier Slovakia\",\"isPartOf\":{\"@id\":\"https:\/\/www.enjoyslovakiasoul.com\/#website\"},\"datePublished\":\"2011-05-16T08:13:37+00:00\",\"dateModified\":\"2013-01-12T23:56:46+00:00\",\"breadcrumb\":{\"@id\":\"https:\/\/www.enjoyslovakiasoul.com\/outdoor\/snow-paradise-tours\/skiing\/#breadcrumb\"},\"inLanguage\":\"sk-SK\",\"potentialAction\":[{\"@type\":\"ReadAction\",\"target\":[\"https:\/\/www.enjoyslovakiasoul.com\/outdoor\/snow-paradise-tours\/skiing\/\"]}]},{\"@type\":\"BreadcrumbList\",\"@id\":\"https:\/\/www.enjoyslovakiasoul.com\/outdoor\/snow-paradise-tours\/skiing\/#breadcrumb\",\"itemListElement\":[{\"@type\":\"ListItem\",\"position\":1,\"name\":\"Home\",\"item\":\"https:\/\/www.enjoyslovakiasoul.com\/\"},{\"@type\":\"ListItem\",\"position\":2,\"name\":\"Outdoor\",\"item\":\"https:\/\/www.enjoyslovakiasoul.com\/outdoor\/\"},{\"@type\":\"ListItem\",\"position\":3,\"name\":\"Winter Activities\",\"item\":\"https:\/\/www.enjoyslovakiasoul.com\/outdoor\/snow-paradise-tours\/\"},{\"@type\":\"ListItem\",\"position\":4,\"name\":\"Skiing\"}]},{\"@type\":\"WebSite\",\"@id\":\"https:\/\/www.enjoyslovakiasoul.com\/#website\",\"url\":\"https:\/\/www.enjoyslovakiasoul.com\/\",\"name\":\"EST Frontier Slovakia\",\"description\":\"Fun, Relax, Adventure\",\"potentialAction\":[{\"@type\":\"SearchAction\",\"target\":{\"@type\":\"EntryPoint\",\"urlTemplate\":\"https:\/\/www.enjoyslovakiasoul.com\/?s={search_term_string}\"},\"query-input\":\"required name=search_term_string\"}],\"inLanguage\":\"sk-SK\"}]}<\/script>\n<!-- \/ Yoast SEO plugin. -->","yoast_head_json":{"title":"Ly\u017eovanie - EST Frontier Slovakia","robots":{"index":"index","follow":"follow","max-snippet":"max-snippet:-1","max-image-preview":"max-image-preview:large","max-video-preview":"max-video-preview:-1"},"canonical":"https:\/\/www.enjoyslovakiasoul.com\/outdoor\/snow-paradise-tours\/skiing\/","og_locale":"sk_SK","og_type":"article","og_title":"Ly\u017eovanie - EST Frontier Slovakia","og_description":"Vychutnaj si s\u00a0nami nezabudnute\u013en\u00fa ly\u017eova\u010dku na Slovensku pln\u00fa z\u00e1bavy v tradi\u010dnej slovenskej atmosf\u00e9re.. Rozm\u00fd\u0161\u013eate nad ly\u017eova\u010dkou\u00a0 v\u00a0kr\u00e1snom prostred\u00ed vysok\u00fdch h\u00f4r s\u00a0tradi\u010dnou slovenskou atmosf\u00e9rou, veselou z\u00e1bavou a chutn\u00fdm slovensk\u00fdm jedlom? Potom ste na spr\u00e1vnej ceste\u2026 V\u00a0tejto malej krajine s\u00a0ve\u013ek\u00fdm srdcom v\u00a0strede Eur\u00f3py, v\u00e1s \u010dak\u00e1 jedna z\u00a0najkraj\u0161\u00edch ly\u017eova\u010diek, ak\u00e9 si viete predstavi\u0165. Toto v\u0161etko si m\u00f4\u017eete vychutna\u0165 [&hellip;]","og_url":"https:\/\/www.enjoyslovakiasoul.com\/outdoor\/snow-paradise-tours\/skiing\/","og_site_name":"EST Frontier Slovakia","article_modified_time":"2013-01-12T23:56:46+00:00","og_image":[{"url":"http:\/\/www.enjoyslovakiasoul.com\/wp-content\/uploads\/Zmena5.jpg"}],"twitter_card":"summary_large_image","twitter_misc":{"Predpokladan\u00fd \u010das \u010d\u00edtania":"4 min\u00faty"},"schema":{"@context":"https:\/\/schema.org","@graph":[{"@type":"WebPage","@id":"https:\/\/www.enjoyslovakiasoul.com\/outdoor\/snow-paradise-tours\/skiing\/","url":"https:\/\/www.enjoyslovakiasoul.com\/outdoor\/snow-paradise-tours\/skiing\/","name":"Ly\u017eovanie - EST Frontier Slovakia","isPartOf":{"@id":"https:\/\/www.enjoyslovakiasoul.com\/#website"},"datePublished":"2011-05-16T08:13:37+00:00","dateModified":"2013-01-12T23:56:46+00:00","breadcrumb":{"@id":"https:\/\/www.enjoyslovakiasoul.com\/outdoor\/snow-paradise-tours\/skiing\/#breadcrumb"},"inLanguage":"sk-SK","potentialAction":[{"@type":"ReadAction","target":["https:\/\/www.enjoyslovakiasoul.com\/outdoor\/snow-paradise-tours\/skiing\/"]}]},{"@type":"BreadcrumbList","@id":"https:\/\/www.enjoyslovakiasoul.com\/outdoor\/snow-paradise-tours\/skiing\/#breadcrumb","itemListElement":[{"@type":"ListItem","position":1,"name":"Home","item":"https:\/\/www.enjoyslovakiasoul.com\/"},{"@type":"ListItem","position":2,"name":"Outdoor","item":"https:\/\/www.enjoyslovakiasoul.com\/outdoor\/"},{"@type":"ListItem","position":3,"name":"Winter Activities","item":"https:\/\/www.enjoyslovakiasoul.com\/outdoor\/snow-paradise-tours\/"},{"@type":"ListItem","position":4,"name":"Skiing"}]},{"@type":"WebSite","@id":"https:\/\/www.enjoyslovakiasoul.com\/#website","url":"https:\/\/www.enjoyslovakiasoul.com\/","name":"EST Frontier Slovakia","description":"Fun, Relax, Adventure","potentialAction":[{"@type":"SearchAction","target":{"@type":"EntryPoint","urlTemplate":"https:\/\/www.enjoyslovakiasoul.com\/?s={search_term_string}"},"query-input":"required name=search_term_string"}],"inLanguage":"sk-SK"}]}},"_links":{"self":[{"href":"https:\/\/www.enjoyslovakiasoul.com\/sk\/wp-json\/wp\/v2\/pages\/50"}],"collection":[{"href":"https:\/\/www.enjoyslovakiasoul.com\/sk\/wp-json\/wp\/v2\/pages"}],"about":[{"href":"https:\/\/www.enjoyslovakiasoul.com\/sk\/wp-json\/wp\/v2\/types\/page"}],"author":[{"embeddable":true,"href":"https:\/\/www.enjoyslovakiasoul.com\/sk\/wp-json\/wp\/v2\/users\/1"}],"replies":[{"embeddable":true,"href":"https:\/\/www.enjoyslovakiasoul.com\/sk\/wp-json\/wp\/v2\/comments?post=50"}],"version-history":[{"count":9,"href":"https:\/\/www.enjoyslovakiasoul.com\/sk\/wp-json\/wp\/v2\/pages\/50\/revisions"}],"predecessor-version":[{"id":3381,"href":"https:\/\/www.enjoyslovakiasoul.com\/sk\/wp-json\/wp\/v2\/pages\/50\/revisions\/3381"}],"up":[{"embeddable":true,"href":"https:\/\/www.enjoyslovakiasoul.com\/sk\/wp-json\/wp\/v2\/pages\/22"}],"wp:attachment":[{"href":"https:\/\/www.enjoyslovakiasoul.com\/sk\/wp-json\/wp\/v2\/media?parent=50"}],"curies":[{"name":"wp","href":"https:\/\/api.w.org\/{rel}","templated":true}]}}