
{"id":52,"date":"2011-05-16T08:14:08","date_gmt":"2011-05-16T08:14:08","guid":{"rendered":"http:\/\/www.enjoyslovakiasoul.com\/?page_id=52"},"modified":"2013-01-12T23:57:54","modified_gmt":"2013-01-12T23:57:54","slug":"snowboarding","status":"publish","type":"page","link":"https:\/\/www.enjoyslovakiasoul.com\/sk\/outdoor\/snow-paradise-tours\/snowboarding\/","title":{"rendered":"Snowboardovanie"},"content":{"rendered":"<p><\/p>\n<p style=\"text-align: center;\"><a href=\"http:\/\/www.enjoyslovakiasoul.com\/wp-content\/uploads\/amazing-view-snowboardingZmena.jpg\"><img decoding=\"async\" loading=\"lazy\" class=\"aligncenter size-full wp-image-446\" title=\"Amazing snowboarding\" src=\"http:\/\/www.enjoyslovakiasoul.com\/wp-content\/uploads\/amazing-view-snowboardingZmena.jpg\" alt=\"\" width=\"615\" height=\"184\" srcset=\"https:\/\/www.enjoyslovakiasoul.com\/wp-content\/uploads\/amazing-view-snowboardingZmena.jpg 615w, https:\/\/www.enjoyslovakiasoul.com\/wp-content\/uploads\/amazing-view-snowboardingZmena-300x89.jpg 300w\" sizes=\"(max-width: 615px) 100vw, 615px\" \/><\/a><\/p>\n<p style=\"text-align: center;\"><span style=\"color: #008000;\"><strong>Vychutnaj si s\u00a0nami nezabudnute\u013en\u00e9 z\u00e1\u017eitky snowboardingu na Slovensku v\u00a0tichej pr\u00edrode slovensk\u00fdch h<\/strong><strong>\u00f4r..<\/strong><\/span><\/p>\n<p>Rozm\u00fd\u0161\u013eate nav\u0161t\u00edvi\u0165 slovensk\u00e9 hory a zak\u00fasi\u0165 \u010daro snowboardingu\u00a0 v\u00a0kr\u00e1snom prostred\u00ed vysok\u00fdch h\u00f4r s\u00a0tradi\u010dnou slovenskou atmosf\u00e9rou, veselou z\u00e1bavou a chutn\u00fdm slovensk\u00fdm jedlom? Potom ste na spr\u00e1vnej ceste\u2026<\/p>\n<p><strong><a href=\"http:\/\/www.enjoyslovakiasoul.com\/wp-content\/uploads\/article-4478Zmena.jpg\"><img decoding=\"async\" loading=\"lazy\" class=\"alignleft size-thumbnail wp-image-450\" title=\"Winter\" src=\"http:\/\/www.enjoyslovakiasoul.com\/wp-content\/uploads\/article-4478Zmena-150x150.jpg\" alt=\"\" width=\"150\" height=\"150\" \/><\/a><\/strong><strong>EST Frontier Slovakia, travel agency,<\/strong>\u00a0V\u00e1m pon\u00faka v\u00fdborn\u00fa mo\u017enos\u0165 nav\u0161t\u00edvi\u0165 slovensk\u00e9 ve\u013ehory a u\u017ei\u0165 si snowboarding z\u00a0t\u00fdch najkraj\u0161\u00edch vrcholov na\u0161ich slovensk\u00fdch h\u00f4r v\u00a0mnoh\u00fdch ly\u017eiarsk\u00fdch stredisk\u00e1ch, ktor\u00e9 Slovensko, t\u00e1to mal\u00e1 krajina s\u00a0ve\u013ek\u00fdm srdcom, pon\u00faka.<\/p>\n<p>Snowboarding je zimn\u00fd \u0161port,\u00a0 ktor\u00fd v\u00a0sebe sp\u00e1ja \u0161port, adrenal\u00edn a nekone\u010dn\u00fd pocit slobody. Snowboarding tie\u017e d\u00e1va mo\u017enos\u0165 unikn\u00fa\u0165 z pre\u013eudnen\u00fdch zjazdoviek do tichej pr\u00edrody h\u00f4r, snowboardova\u0165 v neporu\u0161enom snehovom pra\u0161ane i nezabudnute\u013en\u00e9 scen\u00e9rie zo snehom zaliatych \u0161t\u00edtov. Nazrite spolu s\u00a0Enjoy Slovakia Tours do tohto sveta&#8230;<\/p>\n<p>Ak m\u00e1te ak\u00fdk\u013evek z\u00e1ujem o dovolenku na Slovensku s\u00a0nami, nev\u00e1hajte a <a title=\"Kontakt\" href=\"..\/?page_id=17&amp;lang=sk\">kontaktujte n\u00e1s<\/a>. Povedzte n\u00e1m svoje <a href=\"http:\/\/www.enjoyslovakiasoul.com\/wp-content\/uploads\/snowboarding_perisher_kosciuszko_national_park_nsw_australia_photo_nolen_oayda.jpg\"><img decoding=\"async\" loading=\"lazy\" class=\"alignright size-thumbnail wp-image-452\" title=\"Winter\" src=\"http:\/\/www.enjoyslovakiasoul.com\/wp-content\/uploads\/snowboarding_perisher_kosciuszko_national_park_nsw_australia_photo_nolen_oayda-150x150.jpg\" alt=\"\" width=\"150\" height=\"150\" \/><\/a><a href=\"http:\/\/www.enjoyslovakiasoul.com\/wp-content\/uploads\/Untitled-2.jpg\"><img decoding=\"async\" loading=\"lazy\" class=\"alignright size-thumbnail wp-image-451\" title=\"Winter\" src=\"http:\/\/www.enjoyslovakiasoul.com\/wp-content\/uploads\/Untitled-2-150x150.jpg\" alt=\"\" width=\"150\" height=\"150\" \/><\/a>predstavy a my sa budeme sna\u017ei\u0165 splni\u0165 v\u00e1m ich a obohati\u0165 ich aj o na\u0161e sk\u00fasenosti.<strong> Zabezpe\u010d\u00edme pre v\u00e1s v\u0161etko od dopravy a\u017e po ubytovanie v\u00a0tradi\u010dnom slovenskom prostred\u00ed, aby ste pre\u017eili nie len nezabudnute\u013en\u00e9 chv\u00edle zo slovensk\u00fdch h\u00f4r, ale aby ste spoznali aj trad\u00edcie slovenskej kult\u00fary.<\/strong><\/p>","protected":false},"excerpt":{"rendered":"<p>Vychutnaj si s\u00a0nami nezabudnute\u013en\u00e9 z\u00e1\u017eitky snowboardingu na Slovensku v\u00a0tichej pr\u00edrode slovensk\u00fdch h\u00f4r.. Rozm\u00fd\u0161\u013eate nav\u0161t\u00edvi\u0165 slovensk\u00e9 hory a zak\u00fasi\u0165 \u010daro snowboardingu\u00a0 v\u00a0kr\u00e1snom prostred\u00ed vysok\u00fdch h\u00f4r s\u00a0tradi\u010dnou slovenskou atmosf\u00e9rou, veselou z\u00e1bavou a chutn\u00fdm slovensk\u00fdm jedlom? Potom ste na spr\u00e1vnej ceste\u2026 EST Frontier Slovakia, travel agency,\u00a0V\u00e1m pon\u00faka v\u00fdborn\u00fa mo\u017enos\u0165 nav\u0161t\u00edvi\u0165 slovensk\u00e9 ve\u013ehory a u\u017ei\u0165 si snowboarding z\u00a0t\u00fdch najkraj\u0161\u00edch [&hellip;]<\/p>\n","protected":false},"author":1,"featured_media":0,"parent":22,"menu_order":0,"comment_status":"open","ping_status":"open","template":"","meta":{"ngg_post_thumbnail":0},"yoast_head":"<!-- This site is optimized with the Yoast SEO plugin v20.3 - https:\/\/yoast.com\/wordpress\/plugins\/seo\/ -->\n<title>Snowboardovanie - EST Frontier Slovakia<\/title>\n<meta name=\"robots\" content=\"index, follow, max-snippet:-1, max-image-preview:large, max-video-preview:-1\" \/>\n<link rel=\"canonical\" href=\"https:\/\/www.enjoyslovakiasoul.com\/outdoor\/snow-paradise-tours\/snowboarding\/\" \/>\n<meta property=\"og:locale\" content=\"sk_SK\" \/>\n<meta property=\"og:type\" content=\"article\" \/>\n<meta property=\"og:title\" content=\"Snowboardovanie - EST Frontier Slovakia\" \/>\n<meta property=\"og:description\" content=\"Vychutnaj si s\u00a0nami nezabudnute\u013en\u00e9 z\u00e1\u017eitky snowboardingu na Slovensku v\u00a0tichej pr\u00edrode slovensk\u00fdch h\u00f4r.. Rozm\u00fd\u0161\u013eate nav\u0161t\u00edvi\u0165 slovensk\u00e9 hory a zak\u00fasi\u0165 \u010daro snowboardingu\u00a0 v\u00a0kr\u00e1snom prostred\u00ed vysok\u00fdch h\u00f4r s\u00a0tradi\u010dnou slovenskou atmosf\u00e9rou, veselou z\u00e1bavou a chutn\u00fdm slovensk\u00fdm jedlom? Potom ste na spr\u00e1vnej ceste\u2026 EST Frontier Slovakia, travel agency,\u00a0V\u00e1m pon\u00faka v\u00fdborn\u00fa mo\u017enos\u0165 nav\u0161t\u00edvi\u0165 slovensk\u00e9 ve\u013ehory a u\u017ei\u0165 si snowboarding z\u00a0t\u00fdch najkraj\u0161\u00edch [&hellip;]\" \/>\n<meta property=\"og:url\" content=\"https:\/\/www.enjoyslovakiasoul.com\/outdoor\/snow-paradise-tours\/snowboarding\/\" \/>\n<meta property=\"og:site_name\" content=\"EST Frontier Slovakia\" \/>\n<meta property=\"article:modified_time\" content=\"2013-01-12T23:57:54+00:00\" \/>\n<meta property=\"og:image\" content=\"http:\/\/www.enjoyslovakiasoul.com\/wp-content\/uploads\/amazing-view-snowboardingZmena.jpg\" \/>\n<meta name=\"twitter:card\" content=\"summary_large_image\" \/>\n<meta name=\"twitter:label1\" content=\"Predpokladan\u00fd \u010das \u010d\u00edtania\" \/>\n\t<meta name=\"twitter:data1\" content=\"2 min\u00faty\" \/>\n<script type=\"application\/ld+json\" class=\"yoast-schema-graph\">{\"@context\":\"https:\/\/schema.org\",\"@graph\":[{\"@type\":\"WebPage\",\"@id\":\"https:\/\/www.enjoyslovakiasoul.com\/outdoor\/snow-paradise-tours\/snowboarding\/\",\"url\":\"https:\/\/www.enjoyslovakiasoul.com\/outdoor\/snow-paradise-tours\/snowboarding\/\",\"name\":\"Snowboardovanie - EST Frontier Slovakia\",\"isPartOf\":{\"@id\":\"https:\/\/www.enjoyslovakiasoul.com\/#website\"},\"datePublished\":\"2011-05-16T08:14:08+00:00\",\"dateModified\":\"2013-01-12T23:57:54+00:00\",\"breadcrumb\":{\"@id\":\"https:\/\/www.enjoyslovakiasoul.com\/outdoor\/snow-paradise-tours\/snowboarding\/#breadcrumb\"},\"inLanguage\":\"sk-SK\",\"potentialAction\":[{\"@type\":\"ReadAction\",\"target\":[\"https:\/\/www.enjoyslovakiasoul.com\/outdoor\/snow-paradise-tours\/snowboarding\/\"]}]},{\"@type\":\"BreadcrumbList\",\"@id\":\"https:\/\/www.enjoyslovakiasoul.com\/outdoor\/snow-paradise-tours\/snowboarding\/#breadcrumb\",\"itemListElement\":[{\"@type\":\"ListItem\",\"position\":1,\"name\":\"Home\",\"item\":\"https:\/\/www.enjoyslovakiasoul.com\/\"},{\"@type\":\"ListItem\",\"position\":2,\"name\":\"Outdoor\",\"item\":\"https:\/\/www.enjoyslovakiasoul.com\/outdoor\/\"},{\"@type\":\"ListItem\",\"position\":3,\"name\":\"Winter Activities\",\"item\":\"https:\/\/www.enjoyslovakiasoul.com\/outdoor\/snow-paradise-tours\/\"},{\"@type\":\"ListItem\",\"position\":4,\"name\":\"Snowboarding\"}]},{\"@type\":\"WebSite\",\"@id\":\"https:\/\/www.enjoyslovakiasoul.com\/#website\",\"url\":\"https:\/\/www.enjoyslovakiasoul.com\/\",\"name\":\"EST Frontier Slovakia\",\"description\":\"Fun, Relax, Adventure\",\"potentialAction\":[{\"@type\":\"SearchAction\",\"target\":{\"@type\":\"EntryPoint\",\"urlTemplate\":\"https:\/\/www.enjoyslovakiasoul.com\/?s={search_term_string}\"},\"query-input\":\"required name=search_term_string\"}],\"inLanguage\":\"sk-SK\"}]}<\/script>\n<!-- \/ Yoast SEO plugin. -->","yoast_head_json":{"title":"Snowboardovanie - EST Frontier Slovakia","robots":{"index":"index","follow":"follow","max-snippet":"max-snippet:-1","max-image-preview":"max-image-preview:large","max-video-preview":"max-video-preview:-1"},"canonical":"https:\/\/www.enjoyslovakiasoul.com\/outdoor\/snow-paradise-tours\/snowboarding\/","og_locale":"sk_SK","og_type":"article","og_title":"Snowboardovanie - EST Frontier Slovakia","og_description":"Vychutnaj si s\u00a0nami nezabudnute\u013en\u00e9 z\u00e1\u017eitky snowboardingu na Slovensku v\u00a0tichej pr\u00edrode slovensk\u00fdch h\u00f4r.. Rozm\u00fd\u0161\u013eate nav\u0161t\u00edvi\u0165 slovensk\u00e9 hory a zak\u00fasi\u0165 \u010daro snowboardingu\u00a0 v\u00a0kr\u00e1snom prostred\u00ed vysok\u00fdch h\u00f4r s\u00a0tradi\u010dnou slovenskou atmosf\u00e9rou, veselou z\u00e1bavou a chutn\u00fdm slovensk\u00fdm jedlom? Potom ste na spr\u00e1vnej ceste\u2026 EST Frontier Slovakia, travel agency,\u00a0V\u00e1m pon\u00faka v\u00fdborn\u00fa mo\u017enos\u0165 nav\u0161t\u00edvi\u0165 slovensk\u00e9 ve\u013ehory a u\u017ei\u0165 si snowboarding z\u00a0t\u00fdch najkraj\u0161\u00edch [&hellip;]","og_url":"https:\/\/www.enjoyslovakiasoul.com\/outdoor\/snow-paradise-tours\/snowboarding\/","og_site_name":"EST Frontier Slovakia","article_modified_time":"2013-01-12T23:57:54+00:00","og_image":[{"url":"http:\/\/www.enjoyslovakiasoul.com\/wp-content\/uploads\/amazing-view-snowboardingZmena.jpg"}],"twitter_card":"summary_large_image","twitter_misc":{"Predpokladan\u00fd \u010das \u010d\u00edtania":"2 min\u00faty"},"schema":{"@context":"https:\/\/schema.org","@graph":[{"@type":"WebPage","@id":"https:\/\/www.enjoyslovakiasoul.com\/outdoor\/snow-paradise-tours\/snowboarding\/","url":"https:\/\/www.enjoyslovakiasoul.com\/outdoor\/snow-paradise-tours\/snowboarding\/","name":"Snowboardovanie - EST Frontier Slovakia","isPartOf":{"@id":"https:\/\/www.enjoyslovakiasoul.com\/#website"},"datePublished":"2011-05-16T08:14:08+00:00","dateModified":"2013-01-12T23:57:54+00:00","breadcrumb":{"@id":"https:\/\/www.enjoyslovakiasoul.com\/outdoor\/snow-paradise-tours\/snowboarding\/#breadcrumb"},"inLanguage":"sk-SK","potentialAction":[{"@type":"ReadAction","target":["https:\/\/www.enjoyslovakiasoul.com\/outdoor\/snow-paradise-tours\/snowboarding\/"]}]},{"@type":"BreadcrumbList","@id":"https:\/\/www.enjoyslovakiasoul.com\/outdoor\/snow-paradise-tours\/snowboarding\/#breadcrumb","itemListElement":[{"@type":"ListItem","position":1,"name":"Home","item":"https:\/\/www.enjoyslovakiasoul.com\/"},{"@type":"ListItem","position":2,"name":"Outdoor","item":"https:\/\/www.enjoyslovakiasoul.com\/outdoor\/"},{"@type":"ListItem","position":3,"name":"Winter Activities","item":"https:\/\/www.enjoyslovakiasoul.com\/outdoor\/snow-paradise-tours\/"},{"@type":"ListItem","position":4,"name":"Snowboarding"}]},{"@type":"WebSite","@id":"https:\/\/www.enjoyslovakiasoul.com\/#website","url":"https:\/\/www.enjoyslovakiasoul.com\/","name":"EST Frontier Slovakia","description":"Fun, Relax, Adventure","potentialAction":[{"@type":"SearchAction","target":{"@type":"EntryPoint","urlTemplate":"https:\/\/www.enjoyslovakiasoul.com\/?s={search_term_string}"},"query-input":"required name=search_term_string"}],"inLanguage":"sk-SK"}]}},"_links":{"self":[{"href":"https:\/\/www.enjoyslovakiasoul.com\/sk\/wp-json\/wp\/v2\/pages\/52"}],"collection":[{"href":"https:\/\/www.enjoyslovakiasoul.com\/sk\/wp-json\/wp\/v2\/pages"}],"about":[{"href":"https:\/\/www.enjoyslovakiasoul.com\/sk\/wp-json\/wp\/v2\/types\/page"}],"author":[{"embeddable":true,"href":"https:\/\/www.enjoyslovakiasoul.com\/sk\/wp-json\/wp\/v2\/users\/1"}],"replies":[{"embeddable":true,"href":"https:\/\/www.enjoyslovakiasoul.com\/sk\/wp-json\/wp\/v2\/comments?post=52"}],"version-history":[{"count":7,"href":"https:\/\/www.enjoyslovakiasoul.com\/sk\/wp-json\/wp\/v2\/pages\/52\/revisions"}],"predecessor-version":[{"id":3382,"href":"https:\/\/www.enjoyslovakiasoul.com\/sk\/wp-json\/wp\/v2\/pages\/52\/revisions\/3382"}],"up":[{"embeddable":true,"href":"https:\/\/www.enjoyslovakiasoul.com\/sk\/wp-json\/wp\/v2\/pages\/22"}],"wp:attachment":[{"href":"https:\/\/www.enjoyslovakiasoul.com\/sk\/wp-json\/wp\/v2\/media?parent=52"}],"curies":[{"name":"wp","href":"https:\/\/api.w.org\/{rel}","templated":true}]}}