
{"id":54,"date":"2011-05-16T08:14:52","date_gmt":"2011-05-16T08:14:52","guid":{"rendered":"http:\/\/www.enjoyslovakiasoul.com\/?page_id=54"},"modified":"2013-01-12T23:59:45","modified_gmt":"2013-01-12T23:59:45","slug":"snowshoeing","status":"publish","type":"page","link":"https:\/\/www.enjoyslovakiasoul.com\/sk\/outdoor\/snow-paradise-tours\/snowshoeing\/","title":{"rendered":"Roh\u00e1\u010de na sne\u017eniciach"},"content":{"rendered":"<p><\/p>\n<p style=\"text-align: center;\"><a href=\"http:\/\/www.enjoyslovakiasoul.com\/wp-content\/uploads\/Zmena6.jpg\"><img decoding=\"async\" loading=\"lazy\" class=\"aligncenter size-full wp-image-457\" title=\"Snowshoeing\" src=\"http:\/\/www.enjoyslovakiasoul.com\/wp-content\/uploads\/Zmena6.jpg\" alt=\"\" width=\"615\" height=\"148\" srcset=\"https:\/\/www.enjoyslovakiasoul.com\/wp-content\/uploads\/Zmena6.jpg 615w, https:\/\/www.enjoyslovakiasoul.com\/wp-content\/uploads\/Zmena6-300x72.jpg 300w\" sizes=\"(max-width: 615px) 100vw, 615px\" \/><\/a><\/p>\n<p style=\"text-align: center;\"><span style=\"color: #008000;\"><strong>Nasa\u010f si sne\u017enice a vychutnaj si s\u00a0nami nezabudnute\u013en\u00e9 prech\u00e1dzky po\u00a0najkraj\u0161\u00edch horsk\u00fdch cesti\u010dk\u00e1ch..<\/strong><\/span><\/p>\n<p>Rozm\u00fd\u0161\u013eate nav\u0161t\u00edvi\u0165 slovensk\u00e9 hory a zak\u00fasi\u0165 \u010daro chv\u00ed\u013e, str\u00e1ven\u00fdch v\u00a0kr\u00e1snom prostred\u00ed vysok\u00fdch h\u00f4r s\u00a0tradi\u010dnou slovenskou atmosf\u00e9rou, veselou z\u00e1bavou a chutn\u00fdm slovensk\u00fdm jedlom? Potom ste na spr\u00e1vnej ceste\u2026<\/p>\n<p><a href=\"http:\/\/www.enjoyslovakiasoul.com\/wp-content\/uploads\/278.jpg\"><img decoding=\"async\" loading=\"lazy\" class=\"alignleft size-thumbnail wp-image-459\" title=\"Winter\" src=\"http:\/\/www.enjoyslovakiasoul.com\/wp-content\/uploads\/278-150x150.jpg\" alt=\"\" width=\"150\" height=\"150\" \/><\/a>Aj so sne\u017enicami v\u00e1s v\u00a0tejto malej krajine s\u00a0ve\u013ek\u00fdm srdcom v\u00a0strede Eur\u00f3py, \u010dak\u00e1 jedna z\u00a0najkraj\u0161\u00edch dovoleniek, ak\u00e9 si viete predstavi\u0165. Toto v\u0161etko si m\u00f4\u017eete vychutna\u0165\u00a0 v najsc\u00e9nickej\u0161\u00edch regi\u00f3nov Slovenska na <strong>Orave<\/strong> v\u00a0Z\u00e1padn\u00fdch Tatr\u00e1ch naz\u00fdvan\u00fdch Roh\u00e1\u010de, na <strong>Liptove<\/strong> alebo priamo v\u00a0najvy\u0161\u0161\u00edch slovensk\u00fdch hor\u00e1ch naz\u00fdvan\u00fdch <strong>Vysok\u00e9 Tatry<\/strong>.<\/p>\n<p>&nbsp;<\/p>\n<p>Venujte sa prech\u00e1dzkam po mnoh\u00fdch tristick\u00fdch chodn\u00edkoch a s\u00a0pou\u017eit\u00edm sne\u017en\u00edc objavujte z\u00e1kutia n\u00e1dhernej slovenskej pr\u00edrody<strong>.<\/strong><\/p>\n<p><strong>EST Frontier Slovakia, travel agency,<\/strong>\u00a0V\u00e1m pom\u00f4\u017ee zrealizova\u0165 va\u0161e predstavy, aby z va\u0161ej n\u00e1v\u0161tevy slovensk\u00fdch h\u00f4r sa stal neopakovate\u013en\u00fd v\u00fdlet s\u00a0priate\u013emi \u010di rodinou. Nasad\u0165e si sne\u017enice a nechajte sa nami sprev\u00e1dza\u0165 medzi najkraj\u0161\u00edmi vrcholmi ktor\u00e9 si zachov\u00e1vaj\u00fa pr\u00edrodn\u00e9 bohatstvo, lesn\u00e9 \u010distinky, kr\u00e1sne v\u00fdh\u013eady, tich\u00e9 a snehom zaliate \u0161t\u00edty, horsk\u00e9 lazy a vz\u00e1cnu div\u00fa zver. Objavte toto v\u0161etko na sne\u017eniciach a za\u017eite s\u00a0va\u0161imi najbli\u017e\u0161\u00edmi nezabudnute\u013en\u00e9 chv\u00edle. <strong>Nazrite spolu s <strong>EST Frontier Slovakia, travel agency,<\/strong>\u00a0do tohto sveta&#8230;<strong> <\/strong><strong> <\/strong><\/strong><\/p>\n<p>Ak m\u00e1te ak\u00fdk\u013evek z\u00e1ujem o dovolenku na Slovensku s\u00a0nami nev\u00e1hajte a <a title=\"Kontakt\" href=\"..\/?page_id=17&amp;lang=sk\">kontaktujte n\u00e1s<\/a>. Povedzte n\u00e1m svoje predstavy a my sa budeme sna\u017ei\u0165 splni\u0165 v\u00e1m ich a obohati\u0165 ich aj o na\u0161e sk\u00fasenosti. <strong>Zabezpe\u010d\u00edme pre v\u00e1s v\u0161etko od dopravy z letiska a\u017e po ubytovanie v\u00a0tradi\u010dnom slovenskom prostred\u00ed, aby ste pre\u017eili nie len nezabudnute\u013en\u00e9 chv\u00edle zo slovensk\u00fdch h\u00f4r, ale aby ste spoznali aj trad\u00edcie slovenskej kult\u00fary.<\/strong><\/p>\n<p><a href=\"http:\/\/www.enjoyslovakiasoul.com\/wp-content\/uploads\/resource-94386.jpg\"><img decoding=\"async\" loading=\"lazy\" class=\"alignleft size-thumbnail wp-image-460\" title=\"Winter\" src=\"http:\/\/www.enjoyslovakiasoul.com\/wp-content\/uploads\/resource-94386-150x150.jpg\" alt=\"\" width=\"150\" height=\"150\" \/><\/a><a href=\"http:\/\/www.enjoyslovakiasoul.com\/wp-content\/uploads\/Zmenass.jpg\"><img decoding=\"async\" loading=\"lazy\" class=\"alignleft size-thumbnail wp-image-462\" title=\"Winter\" src=\"http:\/\/www.enjoyslovakiasoul.com\/wp-content\/uploads\/Zmenass-150x150.jpg\" alt=\"\" width=\"150\" height=\"150\" \/><\/a><a href=\"http:\/\/www.enjoyslovakiasoul.com\/wp-content\/uploads\/393144169_afe4d8b053_o.jpg\"><img decoding=\"async\" loading=\"lazy\" class=\"alignleft size-thumbnail wp-image-463\" title=\"Winter\" src=\"http:\/\/www.enjoyslovakiasoul.com\/wp-content\/uploads\/393144169_afe4d8b053_o-150x150.jpg\" alt=\"\" width=\"150\" height=\"150\" \/><\/a><a href=\"http:\/\/www.enjoyslovakiasoul.com\/wp-content\/uploads\/Untssitled-1.jpg\"><img decoding=\"async\" loading=\"lazy\" class=\"alignleft size-thumbnail wp-image-464\" title=\"Winter\" src=\"http:\/\/www.enjoyslovakiasoul.com\/wp-content\/uploads\/Untssitled-1-150x150.jpg\" alt=\"\" width=\"150\" height=\"150\" \/><\/a><\/p>","protected":false},"excerpt":{"rendered":"<p>Nasa\u010f si sne\u017enice a vychutnaj si s\u00a0nami nezabudnute\u013en\u00e9 prech\u00e1dzky po\u00a0najkraj\u0161\u00edch horsk\u00fdch cesti\u010dk\u00e1ch.. Rozm\u00fd\u0161\u013eate nav\u0161t\u00edvi\u0165 slovensk\u00e9 hory a zak\u00fasi\u0165 \u010daro chv\u00ed\u013e, str\u00e1ven\u00fdch v\u00a0kr\u00e1snom prostred\u00ed vysok\u00fdch h\u00f4r s\u00a0tradi\u010dnou slovenskou atmosf\u00e9rou, veselou z\u00e1bavou a chutn\u00fdm slovensk\u00fdm jedlom? Potom ste na spr\u00e1vnej ceste\u2026 Aj so sne\u017enicami v\u00e1s v\u00a0tejto malej krajine s\u00a0ve\u013ek\u00fdm srdcom v\u00a0strede Eur\u00f3py, \u010dak\u00e1 jedna z\u00a0najkraj\u0161\u00edch dovoleniek, ak\u00e9 [&hellip;]<\/p>\n","protected":false},"author":1,"featured_media":0,"parent":22,"menu_order":0,"comment_status":"open","ping_status":"open","template":"","meta":{"ngg_post_thumbnail":0},"yoast_head":"<!-- This site is optimized with the Yoast SEO plugin v20.3 - https:\/\/yoast.com\/wordpress\/plugins\/seo\/ -->\n<title>Roh\u00e1\u010de na sne\u017eniciach - EST Frontier Slovakia<\/title>\n<meta name=\"robots\" content=\"index, follow, max-snippet:-1, max-image-preview:large, max-video-preview:-1\" \/>\n<link rel=\"canonical\" href=\"https:\/\/www.enjoyslovakiasoul.com\/outdoor\/snow-paradise-tours\/snowshoeing\/\" \/>\n<meta property=\"og:locale\" content=\"sk_SK\" \/>\n<meta property=\"og:type\" content=\"article\" \/>\n<meta property=\"og:title\" content=\"Roh\u00e1\u010de na sne\u017eniciach - EST Frontier Slovakia\" \/>\n<meta property=\"og:description\" content=\"Nasa\u010f si sne\u017enice a vychutnaj si s\u00a0nami nezabudnute\u013en\u00e9 prech\u00e1dzky po\u00a0najkraj\u0161\u00edch horsk\u00fdch cesti\u010dk\u00e1ch.. Rozm\u00fd\u0161\u013eate nav\u0161t\u00edvi\u0165 slovensk\u00e9 hory a zak\u00fasi\u0165 \u010daro chv\u00ed\u013e, str\u00e1ven\u00fdch v\u00a0kr\u00e1snom prostred\u00ed vysok\u00fdch h\u00f4r s\u00a0tradi\u010dnou slovenskou atmosf\u00e9rou, veselou z\u00e1bavou a chutn\u00fdm slovensk\u00fdm jedlom? Potom ste na spr\u00e1vnej ceste\u2026 Aj so sne\u017enicami v\u00e1s v\u00a0tejto malej krajine s\u00a0ve\u013ek\u00fdm srdcom v\u00a0strede Eur\u00f3py, \u010dak\u00e1 jedna z\u00a0najkraj\u0161\u00edch dovoleniek, ak\u00e9 [&hellip;]\" \/>\n<meta property=\"og:url\" content=\"https:\/\/www.enjoyslovakiasoul.com\/outdoor\/snow-paradise-tours\/snowshoeing\/\" \/>\n<meta property=\"og:site_name\" content=\"EST Frontier Slovakia\" \/>\n<meta property=\"article:modified_time\" content=\"2013-01-12T23:59:45+00:00\" \/>\n<meta property=\"og:image\" content=\"http:\/\/www.enjoyslovakiasoul.com\/wp-content\/uploads\/Zmena6.jpg\" \/>\n<meta name=\"twitter:card\" content=\"summary_large_image\" \/>\n<meta name=\"twitter:label1\" content=\"Predpokladan\u00fd \u010das \u010d\u00edtania\" \/>\n\t<meta name=\"twitter:data1\" content=\"3 min\u00faty\" \/>\n<script type=\"application\/ld+json\" class=\"yoast-schema-graph\">{\"@context\":\"https:\/\/schema.org\",\"@graph\":[{\"@type\":\"WebPage\",\"@id\":\"https:\/\/www.enjoyslovakiasoul.com\/outdoor\/snow-paradise-tours\/snowshoeing\/\",\"url\":\"https:\/\/www.enjoyslovakiasoul.com\/outdoor\/snow-paradise-tours\/snowshoeing\/\",\"name\":\"Roh\u00e1\u010de na sne\u017eniciach - EST Frontier Slovakia\",\"isPartOf\":{\"@id\":\"https:\/\/www.enjoyslovakiasoul.com\/#website\"},\"datePublished\":\"2011-05-16T08:14:52+00:00\",\"dateModified\":\"2013-01-12T23:59:45+00:00\",\"breadcrumb\":{\"@id\":\"https:\/\/www.enjoyslovakiasoul.com\/outdoor\/snow-paradise-tours\/snowshoeing\/#breadcrumb\"},\"inLanguage\":\"sk-SK\",\"potentialAction\":[{\"@type\":\"ReadAction\",\"target\":[\"https:\/\/www.enjoyslovakiasoul.com\/outdoor\/snow-paradise-tours\/snowshoeing\/\"]}]},{\"@type\":\"BreadcrumbList\",\"@id\":\"https:\/\/www.enjoyslovakiasoul.com\/outdoor\/snow-paradise-tours\/snowshoeing\/#breadcrumb\",\"itemListElement\":[{\"@type\":\"ListItem\",\"position\":1,\"name\":\"Home\",\"item\":\"https:\/\/www.enjoyslovakiasoul.com\/\"},{\"@type\":\"ListItem\",\"position\":2,\"name\":\"Outdoor\",\"item\":\"https:\/\/www.enjoyslovakiasoul.com\/outdoor\/\"},{\"@type\":\"ListItem\",\"position\":3,\"name\":\"Winter Activities\",\"item\":\"https:\/\/www.enjoyslovakiasoul.com\/outdoor\/snow-paradise-tours\/\"},{\"@type\":\"ListItem\",\"position\":4,\"name\":\"Snowshoeing\"}]},{\"@type\":\"WebSite\",\"@id\":\"https:\/\/www.enjoyslovakiasoul.com\/#website\",\"url\":\"https:\/\/www.enjoyslovakiasoul.com\/\",\"name\":\"EST Frontier Slovakia\",\"description\":\"Fun, Relax, Adventure\",\"potentialAction\":[{\"@type\":\"SearchAction\",\"target\":{\"@type\":\"EntryPoint\",\"urlTemplate\":\"https:\/\/www.enjoyslovakiasoul.com\/?s={search_term_string}\"},\"query-input\":\"required name=search_term_string\"}],\"inLanguage\":\"sk-SK\"}]}<\/script>\n<!-- \/ Yoast SEO plugin. -->","yoast_head_json":{"title":"Roh\u00e1\u010de na sne\u017eniciach - EST Frontier Slovakia","robots":{"index":"index","follow":"follow","max-snippet":"max-snippet:-1","max-image-preview":"max-image-preview:large","max-video-preview":"max-video-preview:-1"},"canonical":"https:\/\/www.enjoyslovakiasoul.com\/outdoor\/snow-paradise-tours\/snowshoeing\/","og_locale":"sk_SK","og_type":"article","og_title":"Roh\u00e1\u010de na sne\u017eniciach - EST Frontier Slovakia","og_description":"Nasa\u010f si sne\u017enice a vychutnaj si s\u00a0nami nezabudnute\u013en\u00e9 prech\u00e1dzky po\u00a0najkraj\u0161\u00edch horsk\u00fdch cesti\u010dk\u00e1ch.. Rozm\u00fd\u0161\u013eate nav\u0161t\u00edvi\u0165 slovensk\u00e9 hory a zak\u00fasi\u0165 \u010daro chv\u00ed\u013e, str\u00e1ven\u00fdch v\u00a0kr\u00e1snom prostred\u00ed vysok\u00fdch h\u00f4r s\u00a0tradi\u010dnou slovenskou atmosf\u00e9rou, veselou z\u00e1bavou a chutn\u00fdm slovensk\u00fdm jedlom? Potom ste na spr\u00e1vnej ceste\u2026 Aj so sne\u017enicami v\u00e1s v\u00a0tejto malej krajine s\u00a0ve\u013ek\u00fdm srdcom v\u00a0strede Eur\u00f3py, \u010dak\u00e1 jedna z\u00a0najkraj\u0161\u00edch dovoleniek, ak\u00e9 [&hellip;]","og_url":"https:\/\/www.enjoyslovakiasoul.com\/outdoor\/snow-paradise-tours\/snowshoeing\/","og_site_name":"EST Frontier Slovakia","article_modified_time":"2013-01-12T23:59:45+00:00","og_image":[{"url":"http:\/\/www.enjoyslovakiasoul.com\/wp-content\/uploads\/Zmena6.jpg"}],"twitter_card":"summary_large_image","twitter_misc":{"Predpokladan\u00fd \u010das \u010d\u00edtania":"3 min\u00faty"},"schema":{"@context":"https:\/\/schema.org","@graph":[{"@type":"WebPage","@id":"https:\/\/www.enjoyslovakiasoul.com\/outdoor\/snow-paradise-tours\/snowshoeing\/","url":"https:\/\/www.enjoyslovakiasoul.com\/outdoor\/snow-paradise-tours\/snowshoeing\/","name":"Roh\u00e1\u010de na sne\u017eniciach - EST Frontier Slovakia","isPartOf":{"@id":"https:\/\/www.enjoyslovakiasoul.com\/#website"},"datePublished":"2011-05-16T08:14:52+00:00","dateModified":"2013-01-12T23:59:45+00:00","breadcrumb":{"@id":"https:\/\/www.enjoyslovakiasoul.com\/outdoor\/snow-paradise-tours\/snowshoeing\/#breadcrumb"},"inLanguage":"sk-SK","potentialAction":[{"@type":"ReadAction","target":["https:\/\/www.enjoyslovakiasoul.com\/outdoor\/snow-paradise-tours\/snowshoeing\/"]}]},{"@type":"BreadcrumbList","@id":"https:\/\/www.enjoyslovakiasoul.com\/outdoor\/snow-paradise-tours\/snowshoeing\/#breadcrumb","itemListElement":[{"@type":"ListItem","position":1,"name":"Home","item":"https:\/\/www.enjoyslovakiasoul.com\/"},{"@type":"ListItem","position":2,"name":"Outdoor","item":"https:\/\/www.enjoyslovakiasoul.com\/outdoor\/"},{"@type":"ListItem","position":3,"name":"Winter Activities","item":"https:\/\/www.enjoyslovakiasoul.com\/outdoor\/snow-paradise-tours\/"},{"@type":"ListItem","position":4,"name":"Snowshoeing"}]},{"@type":"WebSite","@id":"https:\/\/www.enjoyslovakiasoul.com\/#website","url":"https:\/\/www.enjoyslovakiasoul.com\/","name":"EST Frontier Slovakia","description":"Fun, Relax, Adventure","potentialAction":[{"@type":"SearchAction","target":{"@type":"EntryPoint","urlTemplate":"https:\/\/www.enjoyslovakiasoul.com\/?s={search_term_string}"},"query-input":"required name=search_term_string"}],"inLanguage":"sk-SK"}]}},"_links":{"self":[{"href":"https:\/\/www.enjoyslovakiasoul.com\/sk\/wp-json\/wp\/v2\/pages\/54"}],"collection":[{"href":"https:\/\/www.enjoyslovakiasoul.com\/sk\/wp-json\/wp\/v2\/pages"}],"about":[{"href":"https:\/\/www.enjoyslovakiasoul.com\/sk\/wp-json\/wp\/v2\/types\/page"}],"author":[{"embeddable":true,"href":"https:\/\/www.enjoyslovakiasoul.com\/sk\/wp-json\/wp\/v2\/users\/1"}],"replies":[{"embeddable":true,"href":"https:\/\/www.enjoyslovakiasoul.com\/sk\/wp-json\/wp\/v2\/comments?post=54"}],"version-history":[{"count":8,"href":"https:\/\/www.enjoyslovakiasoul.com\/sk\/wp-json\/wp\/v2\/pages\/54\/revisions"}],"predecessor-version":[{"id":458,"href":"https:\/\/www.enjoyslovakiasoul.com\/sk\/wp-json\/wp\/v2\/pages\/54\/revisions\/458"}],"up":[{"embeddable":true,"href":"https:\/\/www.enjoyslovakiasoul.com\/sk\/wp-json\/wp\/v2\/pages\/22"}],"wp:attachment":[{"href":"https:\/\/www.enjoyslovakiasoul.com\/sk\/wp-json\/wp\/v2\/media?parent=54"}],"curies":[{"name":"wp","href":"https:\/\/api.w.org\/{rel}","templated":true}]}}