
{"id":58,"date":"2011-05-16T08:20:41","date_gmt":"2011-05-16T08:20:41","guid":{"rendered":"http:\/\/www.enjoyslovakiasoul.com\/?page_id=58"},"modified":"2013-01-13T00:08:40","modified_gmt":"2013-01-13T00:08:40","slug":"fishing","status":"publish","type":"page","link":"https:\/\/www.enjoyslovakiasoul.com\/sk\/outdoor\/traditional-outdoors-tours\/fishing\/","title":{"rendered":"Ryba\u010dka"},"content":{"rendered":"<p><\/p>\n<p style=\"text-align: center;\"><a href=\"http:\/\/www.enjoyslovakiasoul.com\/wp-content\/uploads\/OK-Liptovska-Mara-Liptovsky-Trnovec-ripperlmZmena.jpg\"><img decoding=\"async\" loading=\"lazy\" class=\"aligncenter size-full wp-image-478\" title=\"Liptovska-Mara\" src=\"http:\/\/www.enjoyslovakiasoul.com\/wp-content\/uploads\/OK-Liptovska-Mara-Liptovsky-Trnovec-ripperlmZmena.jpg\" alt=\"\" width=\"615\" height=\"135\" srcset=\"https:\/\/www.enjoyslovakiasoul.com\/wp-content\/uploads\/OK-Liptovska-Mara-Liptovsky-Trnovec-ripperlmZmena.jpg 615w, https:\/\/www.enjoyslovakiasoul.com\/wp-content\/uploads\/OK-Liptovska-Mara-Liptovsky-Trnovec-ripperlmZmena-300x65.jpg 300w\" sizes=\"(max-width: 615px) 100vw, 615px\" \/><\/a><span style=\"color: #008000;\"><strong>Vychutnaj si s\u00a0nami nezabudnute\u013en\u00fd \u010das s ryb\u00e1rskym pr\u00fatom v\u00a0ruke \u00a0na slovensk\u00fdch\u00a0 riekach a jazer\u00e1ch v tradi\u010dnej slovenskej atmosf\u00e9re..<\/strong><\/span><\/p>\n<p>Rozm\u00fd\u0161\u013eate nad ryba\u010dkou vo fantastickom prostred\u00ed horsk\u00fdch jazier alebo n\u00ed\u017einat\u00fdch oblast\u00ed na Slovensku? Potom ste na spr\u00e1vnej ceste\u2026<\/p>\n<p><a href=\"http:\/\/www.enjoyslovakiasoul.com\/wp-content\/uploads\/BalLu.jpg\"><img decoding=\"async\" loading=\"lazy\" class=\"alignleft size-thumbnail wp-image-479\" title=\"Enjoy\" src=\"http:\/\/www.enjoyslovakiasoul.com\/wp-content\/uploads\/BalLu-150x150.jpg\" alt=\"\" width=\"150\" height=\"150\" \/><\/a>T\u00e1to mal\u00e1 krajina s\u00a0ve\u013ek\u00fdm srdcom v\u00a0strede Eur\u00f3py, pon\u00faka v\u00fdber rev\u00edrov pstruha d\u00fahov\u00e9ho a jazern\u00e9ho, kapra, \u0161\u0165uky, ostrie\u017ea, zub\u00e1\u010da, lie\u0148a, plesk\u00e1\u010da, ploticu, \u00fahora a sumca v\u00a0stojat\u00fdch alebo te\u010ducich vod\u00e1ch. Vychutnajte si preto ryba\u010dku v najkraj\u0161\u00edch a najsc\u00e9nickej\u0161\u00edch regi\u00f3noch na Orave a Liptove. Ke\u010f nie ste typ samot\u00e1ra, m\u00f4\u017eete si vychutna\u0165 vz\u00e1cne chv\u00edle s priate\u013emi, chv\u00edle, kedy je dovolen\u00e9 ml\u010da\u0165 a nikomu to ani trochu neprek\u00e1\u017ea. Je to ticho, kedy sa te\u0161\u00edte z okamihu, zo vz\u00e1jomnej pr\u00edtomnosti, z \u010dakania na \u201eve\u013ek\u00fa rybu\u201c.<\/p>\n<p><strong><strong>EST Frontier Slovakia, travel agency,<\/strong>\u00a0<\/strong>V\u00e1m pon\u00faka ryba\u010dku, kde ste len vy, slnko, nehybn\u00e1 hladina vody a v\u00e1nok \u010di nemenn\u00e9 scen\u00e9rie, ktor\u00e9 ma\u017eu vn\u00edmanie \u010dasu. Ale t\u00fdm sa v\u00f4bec netr\u00e1pte, medzi ryb\u00e1rmi sa traduje, \u017ee \u010das str\u00e1ven\u00fd na ryba\u010dke sa do n\u00e1\u0161ho \u017eivotn\u00e9ho \u010dasu nezapo\u010d\u00edtava. Pon\u00fakame v\u00e1m ryba\u010dku pod\u013ea v\u00e1\u0161ho gusta. \u010ci u\u017e si predstavujete ryba\u010dku v\u00a0tichom horskom prostred\u00ed, alebo na ve\u013ekom priestranstve vodnej n\u00e1dr\u017ee pod horami, z\u00a0brehu alebo z\u00a0\u010dlna, so stanovan\u00edm, alebo str\u00e1ven\u00edm dlh\u00fdch noc\u00ed grilovan\u00edm v\u00e1\u0161ho \u00falovku na tradi\u010dn\u00fdch horsk\u00fdch chat\u00e1ch so \u017eivou hudbou a veselou n\u00e1ladou. Daily, weekly and seasonal fishing licences can be supplied &#8211; prices differ according to individual fishing grounds. Fishing licence booking and detail information on fishing is available via Enjoy Slovakia Tours.<\/p>\n<p>Ak m\u00e1te z\u00e1ujem o dovolenku na Slovensku s\u00a0nami, nev\u00e1hajte a <a title=\"Kontakt\" href=\"..\/?page_id=17&amp;lang=sk\">kontaktujte n\u00e1s<\/a>. Povedzte n\u00e1m svoje predstavy a my sa budeme sna\u017ei\u0165 splni\u0165 v\u00e1m ich a obohati\u0165 ich o na\u0161e sk\u00fasenosti. Zabezpe\u010d\u00edme pre v\u00e1s cel\u00fd program, od dopravy a\u017e po ubytovanie v\u00a0tradi\u010dnom slovenskom prostred\u00ed, aby ste pre\u017eili nie len nezabudnute\u013en\u00e9 chv\u00edle v slovensk\u00fdch hor\u00e1ch, ale aby ste spoznali aj trad\u00edcie slovenskej kult\u00fary.<\/p>\n<p><a href=\"http:\/\/www.enjoyslovakiasoul.com\/wp-content\/uploads\/431485639InvMsp_fs.jpg\"><img decoding=\"async\" loading=\"lazy\" class=\"alignleft size-thumbnail wp-image-480\" title=\"Enjoy\" src=\"http:\/\/www.enjoyslovakiasoul.com\/wp-content\/uploads\/431485639InvMsp_fs-150x150.jpg\" alt=\"\" width=\"150\" height=\"150\" \/><\/a><a href=\"http:\/\/www.enjoyslovakiasoul.com\/wp-content\/uploads\/brooktrout-015.jpg\"><img decoding=\"async\" loading=\"lazy\" class=\"alignleft size-thumbnail wp-image-481\" title=\"Enjoy\" src=\"http:\/\/www.enjoyslovakiasoul.com\/wp-content\/uploads\/brooktrout-015-150x150.jpg\" alt=\"\" width=\"150\" height=\"150\" \/><\/a><a href=\"http:\/\/www.enjoyslovakiasoul.com\/wp-content\/uploads\/img_19211.jpg\"><img decoding=\"async\" loading=\"lazy\" class=\"alignleft size-thumbnail wp-image-482\" title=\"Enjoy\" src=\"http:\/\/www.enjoyslovakiasoul.com\/wp-content\/uploads\/img_19211-150x150.jpg\" alt=\"\" width=\"150\" height=\"150\" \/><\/a><\/p>","protected":false},"excerpt":{"rendered":"<p>Vychutnaj si s\u00a0nami nezabudnute\u013en\u00fd \u010das s ryb\u00e1rskym pr\u00fatom v\u00a0ruke \u00a0na slovensk\u00fdch\u00a0 riekach a jazer\u00e1ch v tradi\u010dnej slovenskej atmosf\u00e9re.. Rozm\u00fd\u0161\u013eate nad ryba\u010dkou vo fantastickom prostred\u00ed horsk\u00fdch jazier alebo n\u00ed\u017einat\u00fdch oblast\u00ed na Slovensku? Potom ste na spr\u00e1vnej ceste\u2026 T\u00e1to mal\u00e1 krajina s\u00a0ve\u013ek\u00fdm srdcom v\u00a0strede Eur\u00f3py, pon\u00faka v\u00fdber rev\u00edrov pstruha d\u00fahov\u00e9ho a jazern\u00e9ho, kapra, \u0161\u0165uky, ostrie\u017ea, zub\u00e1\u010da, lie\u0148a, [&hellip;]<\/p>\n","protected":false},"author":1,"featured_media":0,"parent":24,"menu_order":0,"comment_status":"open","ping_status":"open","template":"","meta":{"ngg_post_thumbnail":0},"yoast_head":"<!-- This site is optimized with the Yoast SEO plugin v20.3 - https:\/\/yoast.com\/wordpress\/plugins\/seo\/ -->\n<title>Ryba\u010dka - EST Frontier Slovakia<\/title>\n<meta name=\"robots\" content=\"index, follow, max-snippet:-1, max-image-preview:large, max-video-preview:-1\" \/>\n<link rel=\"canonical\" href=\"https:\/\/www.enjoyslovakiasoul.com\/outdoor\/traditional-outdoors-tours\/fishing\/\" \/>\n<meta property=\"og:locale\" content=\"sk_SK\" \/>\n<meta property=\"og:type\" content=\"article\" \/>\n<meta property=\"og:title\" content=\"Ryba\u010dka - EST Frontier Slovakia\" \/>\n<meta property=\"og:description\" content=\"Vychutnaj si s\u00a0nami nezabudnute\u013en\u00fd \u010das s ryb\u00e1rskym pr\u00fatom v\u00a0ruke \u00a0na slovensk\u00fdch\u00a0 riekach a jazer\u00e1ch v tradi\u010dnej slovenskej atmosf\u00e9re.. Rozm\u00fd\u0161\u013eate nad ryba\u010dkou vo fantastickom prostred\u00ed horsk\u00fdch jazier alebo n\u00ed\u017einat\u00fdch oblast\u00ed na Slovensku? Potom ste na spr\u00e1vnej ceste\u2026 T\u00e1to mal\u00e1 krajina s\u00a0ve\u013ek\u00fdm srdcom v\u00a0strede Eur\u00f3py, pon\u00faka v\u00fdber rev\u00edrov pstruha d\u00fahov\u00e9ho a jazern\u00e9ho, kapra, \u0161\u0165uky, ostrie\u017ea, zub\u00e1\u010da, lie\u0148a, [&hellip;]\" \/>\n<meta property=\"og:url\" content=\"https:\/\/www.enjoyslovakiasoul.com\/outdoor\/traditional-outdoors-tours\/fishing\/\" \/>\n<meta property=\"og:site_name\" content=\"EST Frontier Slovakia\" \/>\n<meta property=\"article:modified_time\" content=\"2013-01-13T00:08:40+00:00\" \/>\n<meta property=\"og:image\" content=\"http:\/\/www.enjoyslovakiasoul.com\/wp-content\/uploads\/OK-Liptovska-Mara-Liptovsky-Trnovec-ripperlmZmena.jpg\" \/>\n<meta name=\"twitter:card\" content=\"summary_large_image\" \/>\n<meta name=\"twitter:label1\" content=\"Predpokladan\u00fd \u010das \u010d\u00edtania\" \/>\n\t<meta name=\"twitter:data1\" content=\"4 min\u00faty\" \/>\n<script type=\"application\/ld+json\" class=\"yoast-schema-graph\">{\"@context\":\"https:\/\/schema.org\",\"@graph\":[{\"@type\":\"WebPage\",\"@id\":\"https:\/\/www.enjoyslovakiasoul.com\/outdoor\/traditional-outdoors-tours\/fishing\/\",\"url\":\"https:\/\/www.enjoyslovakiasoul.com\/outdoor\/traditional-outdoors-tours\/fishing\/\",\"name\":\"Ryba\u010dka - EST Frontier Slovakia\",\"isPartOf\":{\"@id\":\"https:\/\/www.enjoyslovakiasoul.com\/#website\"},\"datePublished\":\"2011-05-16T08:20:41+00:00\",\"dateModified\":\"2013-01-13T00:08:40+00:00\",\"breadcrumb\":{\"@id\":\"https:\/\/www.enjoyslovakiasoul.com\/outdoor\/traditional-outdoors-tours\/fishing\/#breadcrumb\"},\"inLanguage\":\"sk-SK\",\"potentialAction\":[{\"@type\":\"ReadAction\",\"target\":[\"https:\/\/www.enjoyslovakiasoul.com\/outdoor\/traditional-outdoors-tours\/fishing\/\"]}]},{\"@type\":\"BreadcrumbList\",\"@id\":\"https:\/\/www.enjoyslovakiasoul.com\/outdoor\/traditional-outdoors-tours\/fishing\/#breadcrumb\",\"itemListElement\":[{\"@type\":\"ListItem\",\"position\":1,\"name\":\"Home\",\"item\":\"https:\/\/www.enjoyslovakiasoul.com\/\"},{\"@type\":\"ListItem\",\"position\":2,\"name\":\"Outdoor\",\"item\":\"https:\/\/www.enjoyslovakiasoul.com\/outdoor\/\"},{\"@type\":\"ListItem\",\"position\":3,\"name\":\"Adrenaline Activities\",\"item\":\"https:\/\/www.enjoyslovakiasoul.com\/outdoor\/traditional-outdoors-tours\/\"},{\"@type\":\"ListItem\",\"position\":4,\"name\":\"Fishing\"}]},{\"@type\":\"WebSite\",\"@id\":\"https:\/\/www.enjoyslovakiasoul.com\/#website\",\"url\":\"https:\/\/www.enjoyslovakiasoul.com\/\",\"name\":\"EST Frontier Slovakia\",\"description\":\"Fun, Relax, Adventure\",\"potentialAction\":[{\"@type\":\"SearchAction\",\"target\":{\"@type\":\"EntryPoint\",\"urlTemplate\":\"https:\/\/www.enjoyslovakiasoul.com\/?s={search_term_string}\"},\"query-input\":\"required name=search_term_string\"}],\"inLanguage\":\"sk-SK\"}]}<\/script>\n<!-- \/ Yoast SEO plugin. -->","yoast_head_json":{"title":"Ryba\u010dka - EST Frontier Slovakia","robots":{"index":"index","follow":"follow","max-snippet":"max-snippet:-1","max-image-preview":"max-image-preview:large","max-video-preview":"max-video-preview:-1"},"canonical":"https:\/\/www.enjoyslovakiasoul.com\/outdoor\/traditional-outdoors-tours\/fishing\/","og_locale":"sk_SK","og_type":"article","og_title":"Ryba\u010dka - EST Frontier Slovakia","og_description":"Vychutnaj si s\u00a0nami nezabudnute\u013en\u00fd \u010das s ryb\u00e1rskym pr\u00fatom v\u00a0ruke \u00a0na slovensk\u00fdch\u00a0 riekach a jazer\u00e1ch v tradi\u010dnej slovenskej atmosf\u00e9re.. Rozm\u00fd\u0161\u013eate nad ryba\u010dkou vo fantastickom prostred\u00ed horsk\u00fdch jazier alebo n\u00ed\u017einat\u00fdch oblast\u00ed na Slovensku? Potom ste na spr\u00e1vnej ceste\u2026 T\u00e1to mal\u00e1 krajina s\u00a0ve\u013ek\u00fdm srdcom v\u00a0strede Eur\u00f3py, pon\u00faka v\u00fdber rev\u00edrov pstruha d\u00fahov\u00e9ho a jazern\u00e9ho, kapra, \u0161\u0165uky, ostrie\u017ea, zub\u00e1\u010da, lie\u0148a, [&hellip;]","og_url":"https:\/\/www.enjoyslovakiasoul.com\/outdoor\/traditional-outdoors-tours\/fishing\/","og_site_name":"EST Frontier Slovakia","article_modified_time":"2013-01-13T00:08:40+00:00","og_image":[{"url":"http:\/\/www.enjoyslovakiasoul.com\/wp-content\/uploads\/OK-Liptovska-Mara-Liptovsky-Trnovec-ripperlmZmena.jpg"}],"twitter_card":"summary_large_image","twitter_misc":{"Predpokladan\u00fd \u010das \u010d\u00edtania":"4 min\u00faty"},"schema":{"@context":"https:\/\/schema.org","@graph":[{"@type":"WebPage","@id":"https:\/\/www.enjoyslovakiasoul.com\/outdoor\/traditional-outdoors-tours\/fishing\/","url":"https:\/\/www.enjoyslovakiasoul.com\/outdoor\/traditional-outdoors-tours\/fishing\/","name":"Ryba\u010dka - EST Frontier Slovakia","isPartOf":{"@id":"https:\/\/www.enjoyslovakiasoul.com\/#website"},"datePublished":"2011-05-16T08:20:41+00:00","dateModified":"2013-01-13T00:08:40+00:00","breadcrumb":{"@id":"https:\/\/www.enjoyslovakiasoul.com\/outdoor\/traditional-outdoors-tours\/fishing\/#breadcrumb"},"inLanguage":"sk-SK","potentialAction":[{"@type":"ReadAction","target":["https:\/\/www.enjoyslovakiasoul.com\/outdoor\/traditional-outdoors-tours\/fishing\/"]}]},{"@type":"BreadcrumbList","@id":"https:\/\/www.enjoyslovakiasoul.com\/outdoor\/traditional-outdoors-tours\/fishing\/#breadcrumb","itemListElement":[{"@type":"ListItem","position":1,"name":"Home","item":"https:\/\/www.enjoyslovakiasoul.com\/"},{"@type":"ListItem","position":2,"name":"Outdoor","item":"https:\/\/www.enjoyslovakiasoul.com\/outdoor\/"},{"@type":"ListItem","position":3,"name":"Adrenaline Activities","item":"https:\/\/www.enjoyslovakiasoul.com\/outdoor\/traditional-outdoors-tours\/"},{"@type":"ListItem","position":4,"name":"Fishing"}]},{"@type":"WebSite","@id":"https:\/\/www.enjoyslovakiasoul.com\/#website","url":"https:\/\/www.enjoyslovakiasoul.com\/","name":"EST Frontier Slovakia","description":"Fun, Relax, Adventure","potentialAction":[{"@type":"SearchAction","target":{"@type":"EntryPoint","urlTemplate":"https:\/\/www.enjoyslovakiasoul.com\/?s={search_term_string}"},"query-input":"required name=search_term_string"}],"inLanguage":"sk-SK"}]}},"_links":{"self":[{"href":"https:\/\/www.enjoyslovakiasoul.com\/sk\/wp-json\/wp\/v2\/pages\/58"}],"collection":[{"href":"https:\/\/www.enjoyslovakiasoul.com\/sk\/wp-json\/wp\/v2\/pages"}],"about":[{"href":"https:\/\/www.enjoyslovakiasoul.com\/sk\/wp-json\/wp\/v2\/types\/page"}],"author":[{"embeddable":true,"href":"https:\/\/www.enjoyslovakiasoul.com\/sk\/wp-json\/wp\/v2\/users\/1"}],"replies":[{"embeddable":true,"href":"https:\/\/www.enjoyslovakiasoul.com\/sk\/wp-json\/wp\/v2\/comments?post=58"}],"version-history":[{"count":8,"href":"https:\/\/www.enjoyslovakiasoul.com\/sk\/wp-json\/wp\/v2\/pages\/58\/revisions"}],"predecessor-version":[{"id":3388,"href":"https:\/\/www.enjoyslovakiasoul.com\/sk\/wp-json\/wp\/v2\/pages\/58\/revisions\/3388"}],"up":[{"embeddable":true,"href":"https:\/\/www.enjoyslovakiasoul.com\/sk\/wp-json\/wp\/v2\/pages\/24"}],"wp:attachment":[{"href":"https:\/\/www.enjoyslovakiasoul.com\/sk\/wp-json\/wp\/v2\/media?parent=58"}],"curies":[{"name":"wp","href":"https:\/\/api.w.org\/{rel}","templated":true}]}}