
{"id":60,"date":"2011-05-16T08:21:09","date_gmt":"2011-05-16T08:21:09","guid":{"rendered":"http:\/\/www.enjoyslovakiasoul.com\/?page_id=60"},"modified":"2013-01-12T23:47:55","modified_gmt":"2013-01-12T23:47:55","slug":"horseback-riding","status":"publish","type":"page","link":"https:\/\/www.enjoyslovakiasoul.com\/sk\/outdoor\/traditional-outdoors-tours\/horseback-riding\/","title":{"rendered":"Jazda na koni"},"content":{"rendered":"<p><\/p>\n<p style=\"text-align: center;\"><a href=\"http:\/\/www.enjoyslovakiasoul.com\/wp-content\/uploads\/Oravsky-podvecer-VitoAntoliniZmena.jpg\"><img decoding=\"async\" loading=\"lazy\" class=\"aligncenter size-full wp-image-488\" title=\"Enjoy\" src=\"http:\/\/www.enjoyslovakiasoul.com\/wp-content\/uploads\/Oravsky-podvecer-VitoAntoliniZmena.jpg\" alt=\"\" width=\"615\" height=\"233\" srcset=\"https:\/\/www.enjoyslovakiasoul.com\/wp-content\/uploads\/Oravsky-podvecer-VitoAntoliniZmena.jpg 615w, https:\/\/www.enjoyslovakiasoul.com\/wp-content\/uploads\/Oravsky-podvecer-VitoAntoliniZmena-300x113.jpg 300w\" sizes=\"(max-width: 615px) 100vw, 615px\" \/><\/a><span style=\"color: #008000;\"><strong>Vychutnaj si s\u00a0nami nezabudnute\u013en\u00e9<\/strong><strong> jazdenie na koni na Slovensku v tradi\u010dnej slovenskej atmosf\u00e9re..<\/strong><\/span><\/p>\n<p>Rozm\u00fd\u0161\u013eate nad dovolenkou na Slovensku, kde sa akoby zastavil \u010das\u00a0 v\u00a0kr\u00e1snom prostred\u00ed vysok\u00fdch h\u00f4r, horsk\u00fdch bystr\u00edn a\u00a0slnkom zaliatych horsk\u00fdch lazov s\u00a0tradi\u010dnou slovenskou atmosf\u00e9rou, veselou z\u00e1bavou a chutn\u00fdm slovensk\u00fdm jedlom? Potom ste na spr\u00e1vnej ceste\u2026<\/p>\n<p><a href=\"http:\/\/www.enjoyslovakiasoul.com\/wp-content\/uploads\/Kone-na-planine1.jpg\"><img decoding=\"async\" loading=\"lazy\" class=\"alignleft size-thumbnail wp-image-489\" title=\"Kone-na-planine\" src=\"http:\/\/www.enjoyslovakiasoul.com\/wp-content\/uploads\/Kone-na-planine1-150x150.jpg\" alt=\"\" width=\"150\" height=\"150\" \/><\/a>V\u00a0tejto malej krajine s\u00a0ve\u013ek\u00fdm srdcom v\u00a0strede Eur\u00f3py, v\u00e1s \u010dakaj\u00fa nezabudnute\u013en\u00e9 chv\u00edle. Vychutnajte si jazdu na koni v\u00a0najsevernej\u0161\u00edch a najsc\u00e9nickej\u0161\u00edch rozpr\u00e1vkov\u00fdch regi\u00f3noch Slovenska \u2013 <strong>Orave, Liptove a Vysok\u00fdch Tatr\u00e1ch<\/strong>, ktor\u00e9 s\u00fa zn\u00e1me svojou idylickou pr\u00edrodou, kde v\u00e1s o\u010daria zelen\u00e9 horsk\u00e9 l\u00faky, \u010d\u00edre bystrinky, slne\u010dn\u00e9 \u0161t\u00edty h\u00f4r \u010di zachovan\u00e9 bohat\u00e9 trad\u00edcie tatranskej kult\u00fary a pr\u00edrody. Preto si z dovolenky s\u00a0nami odnesiete nie len nezabudnuteln\u00e9 \u0161portov\u00e9 z\u00e1\u017eitky a relax v\u00a0tichej \u010distej pr\u00edrode, no tie\u017e sa postar\u00e1me o to, aby ste spoznali \u00a0prad\u00e1vne trad\u00edcie a kult\u00faru slovensk\u00e9ho n\u00e1roda \u2013 preto\u017ee ako sa na Slovensku hovor\u00ed<strong>\u2026 \u201eNA SLOVENSKU PO SLOVENSKY\u201c. <\/strong><\/p>\n<p><strong><strong>EST Frontier Slovakia, travel agency,<\/strong>\u00a0<\/strong>sa v\u00e1m postar\u00e1 o neopakovate\u013en\u00fa dovolneku na Slovensku pre va\u0161u cel\u00fa rodinu \u010di <a href=\"http:\/\/www.enjoyslovakiasoul.com\/wp-content\/uploads\/vo-dvojici-na-chrbte-rumko.jpg\"><img decoding=\"async\" loading=\"lazy\" class=\"alignright size-thumbnail wp-image-490\" title=\"Vo-dvojici-na-chrbte-rumko\" src=\"http:\/\/www.enjoyslovakiasoul.com\/wp-content\/uploads\/vo-dvojici-na-chrbte-rumko-150x150.jpg\" alt=\"\" width=\"150\" height=\"150\" \/><\/a>kamar\u00e1tov. Vychutnajte si kr\u00e1sne pr\u00edrodn\u00e9 scen\u00e9erie z\u00a0v\u00fd\u0161ky konsk\u00e9ho chrbta. Hovor\u00ed sa, \u017ee poh\u013ead z\u00a0ko\u0148a sa ni\u010domu nevyrovn\u00e1\u2026 Vysk\u00fa\u0161ajte si \u017eivot na naozajstnej konskej farme, nechajte na\u0161ich ran\u010derov, aby v\u00e1s nau\u010dili jazdi\u0165 na koni ako keby ste na koni vyrastaliJ, za\u017eite no\u010dn\u00fa idylku pri ohni pod hol\u00fdm nebom, zabavte sa so \u017eivou \u013eudovou hudbou, ok\u00faste tradi\u010dn\u00e9 slovensk\u00e9 jedl\u00e1 alebo si len tak u\u017e\u00edvajte romantick\u00e9 prostredie na koni a spozn\u00e1vajte kr\u00e1sy na\u0161ich h\u00f4r a l\u00fak.<\/p>\n<p>Ak m\u00e1te z\u00e1ujem o dovolenku na Slovensku s\u00a0nami, nev\u00e1hajte a <a title=\"Kontakt\" href=\"..\/?page_id=17&amp;lang=sk\">kontaktujte n\u00e1s<\/a>. Povedzte n\u00e1m svoje predstavy a my sa<a href=\"http:\/\/www.enjoyslovakiasoul.com\/wp-content\/uploads\/kone.jpg\"><img decoding=\"async\" loading=\"lazy\" class=\"alignright size-thumbnail wp-image-492\" title=\"Enjoy\" src=\"http:\/\/www.enjoyslovakiasoul.com\/wp-content\/uploads\/kone-150x150.jpg\" alt=\"\" width=\"150\" height=\"150\" \/><\/a> budeme sna\u017ei\u0165 splni\u0165 v\u00e1m ich a obohati\u0165 ich o na\u0161e sk\u00fasenosti. Zabezpe\u010d\u00edme pre v\u00e1s cel\u00fd program, od dopravy a\u017e po ubytovanie v\u00a0tradi\u010dnom slovenskom prostred\u00ed, aby ste pre\u017eili nie len nezabudnute\u013en\u00e9 chv\u00edle v slovensk\u00fdch hor\u00e1ch, ale aby ste spoznali aj trad\u00edcie slovenskej kult\u00fary.<\/p>","protected":false},"excerpt":{"rendered":"<p>Vychutnaj si s\u00a0nami nezabudnute\u013en\u00e9 jazdenie na koni na Slovensku v tradi\u010dnej slovenskej atmosf\u00e9re.. Rozm\u00fd\u0161\u013eate nad dovolenkou na Slovensku, kde sa akoby zastavil \u010das\u00a0 v\u00a0kr\u00e1snom prostred\u00ed vysok\u00fdch h\u00f4r, horsk\u00fdch bystr\u00edn a\u00a0slnkom zaliatych horsk\u00fdch lazov s\u00a0tradi\u010dnou slovenskou atmosf\u00e9rou, veselou z\u00e1bavou a chutn\u00fdm slovensk\u00fdm jedlom? Potom ste na spr\u00e1vnej ceste\u2026 V\u00a0tejto malej krajine s\u00a0ve\u013ek\u00fdm srdcom v\u00a0strede Eur\u00f3py, v\u00e1s [&hellip;]<\/p>\n","protected":false},"author":1,"featured_media":0,"parent":24,"menu_order":0,"comment_status":"open","ping_status":"open","template":"","meta":{"ngg_post_thumbnail":0},"yoast_head":"<!-- This site is optimized with the Yoast SEO plugin v20.3 - https:\/\/yoast.com\/wordpress\/plugins\/seo\/ -->\n<title>Jazda na koni - EST Frontier Slovakia<\/title>\n<meta name=\"robots\" content=\"index, follow, max-snippet:-1, max-image-preview:large, max-video-preview:-1\" \/>\n<link rel=\"canonical\" href=\"https:\/\/www.enjoyslovakiasoul.com\/outdoor\/traditional-outdoors-tours\/horseback-riding\/\" \/>\n<meta property=\"og:locale\" content=\"sk_SK\" \/>\n<meta property=\"og:type\" content=\"article\" \/>\n<meta property=\"og:title\" content=\"Jazda na koni - EST Frontier Slovakia\" \/>\n<meta property=\"og:description\" content=\"Vychutnaj si s\u00a0nami nezabudnute\u013en\u00e9 jazdenie na koni na Slovensku v tradi\u010dnej slovenskej atmosf\u00e9re.. Rozm\u00fd\u0161\u013eate nad dovolenkou na Slovensku, kde sa akoby zastavil \u010das\u00a0 v\u00a0kr\u00e1snom prostred\u00ed vysok\u00fdch h\u00f4r, horsk\u00fdch bystr\u00edn a\u00a0slnkom zaliatych horsk\u00fdch lazov s\u00a0tradi\u010dnou slovenskou atmosf\u00e9rou, veselou z\u00e1bavou a chutn\u00fdm slovensk\u00fdm jedlom? Potom ste na spr\u00e1vnej ceste\u2026 V\u00a0tejto malej krajine s\u00a0ve\u013ek\u00fdm srdcom v\u00a0strede Eur\u00f3py, v\u00e1s [&hellip;]\" \/>\n<meta property=\"og:url\" content=\"https:\/\/www.enjoyslovakiasoul.com\/outdoor\/traditional-outdoors-tours\/horseback-riding\/\" \/>\n<meta property=\"og:site_name\" content=\"EST Frontier Slovakia\" \/>\n<meta property=\"article:modified_time\" content=\"2013-01-12T23:47:55+00:00\" \/>\n<meta property=\"og:image\" content=\"http:\/\/www.enjoyslovakiasoul.com\/wp-content\/uploads\/Oravsky-podvecer-VitoAntoliniZmena.jpg\" \/>\n<meta name=\"twitter:card\" content=\"summary_large_image\" \/>\n<meta name=\"twitter:label1\" content=\"Predpokladan\u00fd \u010das \u010d\u00edtania\" \/>\n\t<meta name=\"twitter:data1\" content=\"4 min\u00faty\" \/>\n<script type=\"application\/ld+json\" class=\"yoast-schema-graph\">{\"@context\":\"https:\/\/schema.org\",\"@graph\":[{\"@type\":\"WebPage\",\"@id\":\"https:\/\/www.enjoyslovakiasoul.com\/outdoor\/traditional-outdoors-tours\/horseback-riding\/\",\"url\":\"https:\/\/www.enjoyslovakiasoul.com\/outdoor\/traditional-outdoors-tours\/horseback-riding\/\",\"name\":\"Jazda na koni - EST Frontier Slovakia\",\"isPartOf\":{\"@id\":\"https:\/\/www.enjoyslovakiasoul.com\/#website\"},\"datePublished\":\"2011-05-16T08:21:09+00:00\",\"dateModified\":\"2013-01-12T23:47:55+00:00\",\"breadcrumb\":{\"@id\":\"https:\/\/www.enjoyslovakiasoul.com\/outdoor\/traditional-outdoors-tours\/horseback-riding\/#breadcrumb\"},\"inLanguage\":\"sk-SK\",\"potentialAction\":[{\"@type\":\"ReadAction\",\"target\":[\"https:\/\/www.enjoyslovakiasoul.com\/outdoor\/traditional-outdoors-tours\/horseback-riding\/\"]}]},{\"@type\":\"BreadcrumbList\",\"@id\":\"https:\/\/www.enjoyslovakiasoul.com\/outdoor\/traditional-outdoors-tours\/horseback-riding\/#breadcrumb\",\"itemListElement\":[{\"@type\":\"ListItem\",\"position\":1,\"name\":\"Home\",\"item\":\"https:\/\/www.enjoyslovakiasoul.com\/\"},{\"@type\":\"ListItem\",\"position\":2,\"name\":\"Outdoor\",\"item\":\"https:\/\/www.enjoyslovakiasoul.com\/outdoor\/\"},{\"@type\":\"ListItem\",\"position\":3,\"name\":\"Adrenaline Activities\",\"item\":\"https:\/\/www.enjoyslovakiasoul.com\/outdoor\/traditional-outdoors-tours\/\"},{\"@type\":\"ListItem\",\"position\":4,\"name\":\"Horseback Riding\"}]},{\"@type\":\"WebSite\",\"@id\":\"https:\/\/www.enjoyslovakiasoul.com\/#website\",\"url\":\"https:\/\/www.enjoyslovakiasoul.com\/\",\"name\":\"EST Frontier Slovakia\",\"description\":\"Fun, Relax, Adventure\",\"potentialAction\":[{\"@type\":\"SearchAction\",\"target\":{\"@type\":\"EntryPoint\",\"urlTemplate\":\"https:\/\/www.enjoyslovakiasoul.com\/?s={search_term_string}\"},\"query-input\":\"required name=search_term_string\"}],\"inLanguage\":\"sk-SK\"}]}<\/script>\n<!-- \/ Yoast SEO plugin. -->","yoast_head_json":{"title":"Jazda na koni - EST Frontier Slovakia","robots":{"index":"index","follow":"follow","max-snippet":"max-snippet:-1","max-image-preview":"max-image-preview:large","max-video-preview":"max-video-preview:-1"},"canonical":"https:\/\/www.enjoyslovakiasoul.com\/outdoor\/traditional-outdoors-tours\/horseback-riding\/","og_locale":"sk_SK","og_type":"article","og_title":"Jazda na koni - EST Frontier Slovakia","og_description":"Vychutnaj si s\u00a0nami nezabudnute\u013en\u00e9 jazdenie na koni na Slovensku v tradi\u010dnej slovenskej atmosf\u00e9re.. Rozm\u00fd\u0161\u013eate nad dovolenkou na Slovensku, kde sa akoby zastavil \u010das\u00a0 v\u00a0kr\u00e1snom prostred\u00ed vysok\u00fdch h\u00f4r, horsk\u00fdch bystr\u00edn a\u00a0slnkom zaliatych horsk\u00fdch lazov s\u00a0tradi\u010dnou slovenskou atmosf\u00e9rou, veselou z\u00e1bavou a chutn\u00fdm slovensk\u00fdm jedlom? Potom ste na spr\u00e1vnej ceste\u2026 V\u00a0tejto malej krajine s\u00a0ve\u013ek\u00fdm srdcom v\u00a0strede Eur\u00f3py, v\u00e1s [&hellip;]","og_url":"https:\/\/www.enjoyslovakiasoul.com\/outdoor\/traditional-outdoors-tours\/horseback-riding\/","og_site_name":"EST Frontier Slovakia","article_modified_time":"2013-01-12T23:47:55+00:00","og_image":[{"url":"http:\/\/www.enjoyslovakiasoul.com\/wp-content\/uploads\/Oravsky-podvecer-VitoAntoliniZmena.jpg"}],"twitter_card":"summary_large_image","twitter_misc":{"Predpokladan\u00fd \u010das \u010d\u00edtania":"4 min\u00faty"},"schema":{"@context":"https:\/\/schema.org","@graph":[{"@type":"WebPage","@id":"https:\/\/www.enjoyslovakiasoul.com\/outdoor\/traditional-outdoors-tours\/horseback-riding\/","url":"https:\/\/www.enjoyslovakiasoul.com\/outdoor\/traditional-outdoors-tours\/horseback-riding\/","name":"Jazda na koni - EST Frontier Slovakia","isPartOf":{"@id":"https:\/\/www.enjoyslovakiasoul.com\/#website"},"datePublished":"2011-05-16T08:21:09+00:00","dateModified":"2013-01-12T23:47:55+00:00","breadcrumb":{"@id":"https:\/\/www.enjoyslovakiasoul.com\/outdoor\/traditional-outdoors-tours\/horseback-riding\/#breadcrumb"},"inLanguage":"sk-SK","potentialAction":[{"@type":"ReadAction","target":["https:\/\/www.enjoyslovakiasoul.com\/outdoor\/traditional-outdoors-tours\/horseback-riding\/"]}]},{"@type":"BreadcrumbList","@id":"https:\/\/www.enjoyslovakiasoul.com\/outdoor\/traditional-outdoors-tours\/horseback-riding\/#breadcrumb","itemListElement":[{"@type":"ListItem","position":1,"name":"Home","item":"https:\/\/www.enjoyslovakiasoul.com\/"},{"@type":"ListItem","position":2,"name":"Outdoor","item":"https:\/\/www.enjoyslovakiasoul.com\/outdoor\/"},{"@type":"ListItem","position":3,"name":"Adrenaline Activities","item":"https:\/\/www.enjoyslovakiasoul.com\/outdoor\/traditional-outdoors-tours\/"},{"@type":"ListItem","position":4,"name":"Horseback Riding"}]},{"@type":"WebSite","@id":"https:\/\/www.enjoyslovakiasoul.com\/#website","url":"https:\/\/www.enjoyslovakiasoul.com\/","name":"EST Frontier Slovakia","description":"Fun, Relax, Adventure","potentialAction":[{"@type":"SearchAction","target":{"@type":"EntryPoint","urlTemplate":"https:\/\/www.enjoyslovakiasoul.com\/?s={search_term_string}"},"query-input":"required name=search_term_string"}],"inLanguage":"sk-SK"}]}},"_links":{"self":[{"href":"https:\/\/www.enjoyslovakiasoul.com\/sk\/wp-json\/wp\/v2\/pages\/60"}],"collection":[{"href":"https:\/\/www.enjoyslovakiasoul.com\/sk\/wp-json\/wp\/v2\/pages"}],"about":[{"href":"https:\/\/www.enjoyslovakiasoul.com\/sk\/wp-json\/wp\/v2\/types\/page"}],"author":[{"embeddable":true,"href":"https:\/\/www.enjoyslovakiasoul.com\/sk\/wp-json\/wp\/v2\/users\/1"}],"replies":[{"embeddable":true,"href":"https:\/\/www.enjoyslovakiasoul.com\/sk\/wp-json\/wp\/v2\/comments?post=60"}],"version-history":[{"count":10,"href":"https:\/\/www.enjoyslovakiasoul.com\/sk\/wp-json\/wp\/v2\/pages\/60\/revisions"}],"predecessor-version":[{"id":3375,"href":"https:\/\/www.enjoyslovakiasoul.com\/sk\/wp-json\/wp\/v2\/pages\/60\/revisions\/3375"}],"up":[{"embeddable":true,"href":"https:\/\/www.enjoyslovakiasoul.com\/sk\/wp-json\/wp\/v2\/pages\/24"}],"wp:attachment":[{"href":"https:\/\/www.enjoyslovakiasoul.com\/sk\/wp-json\/wp\/v2\/media?parent=60"}],"curies":[{"name":"wp","href":"https:\/\/api.w.org\/{rel}","templated":true}]}}