
{"id":62,"date":"2011-05-16T08:21:28","date_gmt":"2011-05-16T08:21:28","guid":{"rendered":"http:\/\/www.enjoyslovakiasoul.com\/?page_id=62"},"modified":"2013-01-13T00:04:03","modified_gmt":"2013-01-13T00:04:03","slug":"hunting","status":"publish","type":"page","link":"https:\/\/www.enjoyslovakiasoul.com\/sk\/outdoor\/traditional-outdoors-tours\/hunting\/","title":{"rendered":"Po\u013eova\u010dka"},"content":{"rendered":"<p><\/p>\n<p style=\"text-align: center;\"><a href=\"http:\/\/www.enjoyslovakiasoul.com\/wp-content\/uploads\/Rohacsky-podvecer-VitoAntoliniZmena.jpg\"><img decoding=\"async\" loading=\"lazy\" class=\"aligncenter size-full wp-image-500\" title=\"Rohacsky-podvecer-VitoAntolini\" src=\"http:\/\/www.enjoyslovakiasoul.com\/wp-content\/uploads\/Rohacsky-podvecer-VitoAntoliniZmena.jpg\" alt=\"\" width=\"615\" height=\"305\" srcset=\"https:\/\/www.enjoyslovakiasoul.com\/wp-content\/uploads\/Rohacsky-podvecer-VitoAntoliniZmena.jpg 615w, https:\/\/www.enjoyslovakiasoul.com\/wp-content\/uploads\/Rohacsky-podvecer-VitoAntoliniZmena-300x148.jpg 300w\" sizes=\"(max-width: 615px) 100vw, 615px\" \/><\/a><span style=\"color: #008000;\"><strong>Vychutnaj si s\u00a0nami po\u013eova\u010dku na Slovensku v tradi\u010dnej slovenskej atmosf\u00e9re..<\/strong><\/span><\/p>\n<p>Rozm\u00fd\u0161\u013eate nav\u0161t\u00edvi\u0165 Slovensko a zak\u00fasi\u0165 \u010daro po\u013eova\u010dky\u00a0 v\u00a0kr\u00e1snom prostred\u00ed vysok\u00fdch h\u00f4r na Orave alebo v\u00a0Liptove, regi\u00f3ne s pestrou mozaikou \u00fazkych p\u00e1sov pol\u00ed, l\u00fak a pasienkov s\u00a0tradi\u010dnou slovenskou atmosf\u00e9rou, veselou z\u00e1bavou a chutn\u00fdm slovensk\u00fdm jedlom? Potom ste na spr\u00e1vnej ceste\u2026 Krajina pretrv\u00e1vaj\u00facich trad\u00edci\u00ed, n\u00e1dhernej pr\u00edrody, \u00fa\u017easn\u00fdch historick\u00fdch miest a pokoja je tu len pre v\u00e1s.<\/p>\n<p><strong><a href=\"http:\/\/www.enjoyslovakiasoul.com\/wp-content\/uploads\/image_gallery.jpg\"><img decoding=\"async\" loading=\"lazy\" class=\"alignleft size-thumbnail wp-image-501\" title=\"Enjoy\" src=\"http:\/\/www.enjoyslovakiasoul.com\/wp-content\/uploads\/image_gallery-150x150.jpg\" alt=\"\" width=\"150\" height=\"150\" \/><\/a>EST Frontier Slovakia, travel agency, <\/strong> v\u00e1m pon\u00faka nezabudnute\u013en\u00fa tradi\u010dn\u00fa po\u013eova\u010dku so v\u0161etk\u00fdm, \u010do spr\u00e1vna po\u013eova\u010dka mus\u00ed ma\u0165, v\u00a0najkraj\u0161\u00edch regi\u00f3noch Slovenska<\/p>\n<p>Slovensko je domovom pre skoro 600.000 ha bohat\u00fdch lesov, ktor\u00e9 sa tiahnu po velebn\u00fdch pohoriach s n\u00e1dhern\u00fdm v\u00fdh\u013eadom na pokojn\u00e9 jazer\u00e1, divok\u00e9 rieky \u010di bystrinky, \u00a0vodop\u00e1dy a svie\u017ee alpsk\u00e9 l\u00faky. \u00a0Ubytujeme v\u00e1s v\u00a0mal\u00fdch loveck\u00fdch hradoch, historick\u00fdch ka\u0161tie\u013eoch, loveck\u00fdch chalup\u00e1ch alebo priamo v\u00a0chate hlboko v\u00a0lese. Spojenie\u00a0 po\u013eova\u010dky a\u00a0historick\u00e9ho ka\u0161tie\u013ea \u010di chaty uprostred lesa,\u00a0 dod\u00e1 v\u00e1\u0161mu lovu punc neopakovate\u013en\u00e9ho z\u00e1\u017eitku. Nezab\u00fadajte na miesto, kde budete oddychova\u0165 po po\u013eova\u010dke \u010di love. Preto v\u00e1m poskytneme druh akejko\u013evek z\u00e1bavy, \u017eivej hudby, odborn\u00e9 predn\u00e1\u0161ky, degust\u00e1ciu tradi\u010dnej kuchyne z\u00a0divej zvery alebo ve\u010dern\u00e9 posedenia pri degust\u00e1cii slovensk\u00fdch v\u00edn a jelenieho gu\u013e\u00e1\u0161a.<\/p>\n<p><strong>Hunting season:<\/strong><\/p>\n<p>Roe Deer: 16.5.- 30.09.\u00a0\u00a0\u00a0\u00a0\u00a0\u00a0 Doe Deer: 01.09.- 30.11.\u00a0\u00a0\u00a0\u00a0\u00a0\u00a0\u00a0 \u00a0Hart Deer: 01.09. &#8211; 31.12.<\/p>\n<p>Moufflon: 01.09. &#8211; 31.12.\u00a0\u00a0\u00a0\u00a0 Fallow Deer: 01.09 &#8211; 31.12.\u00a0\u00a0\u00a0\u00a0\u00a0 Wild Boar: 16.7. &#8211; 31.12.<\/p>\n<p>Bear: autumn\u00a0\u00a0\u00a0\u00a0\u00a0\u00a0\u00a0\u00a0\u00a0\u00a0\u00a0\u00a0\u00a0\u00a0\u00a0\u00a0\u00a0\u00a0\u00a0\u00a0\u00a0\u00a0\u00a0 Wof: 01. 11. &#8211; 15. 01.\u00a0\u00a0\u00a0\u00a0\u00a0\u00a0\u00a0\u00a0\u00a0\u00a0\u00a0\u00a0\u00a0 \u00a0\u00a0\u00a0\u00a0 Pheasant: 01. 11. &#8211; 28.02.<\/p>\n<p>Fox: whole year\u00a0\u00a0\u00a0\u00a0\u00a0\u00a0\u00a0\u00a0\u00a0\u00a0\u00a0\u00a0\u00a0\u00a0\u00a0 \u00a0\u00a0\u00a0 Wild duck: 16.09. &#8211; 15.01.\u00a0\u00a0\u00a0\u00a0\u00a0 \u00a0\u00a0\u00a0 Woodcock: 16. 03.-30.04.<\/p>\n<p>Wild Rabbit: 01.11. &#8211; 31. 12.<\/p>\n<p>Na\u0161i po\u013eovn\u00edcky hostia maj\u00fa rozsiahle mo\u017enosti pri v\u00fdbere honov a cenn\u00fdch po\u013eovn\u00edckych z\u00e1\u017eitkov. Po\u013eovn\u00e9 rev\u00edry pon\u00fakaj\u00fa: jazvece, ba\u017eanty, l\u00ed\u0161ky, zajace, diviaky, srnce, daniele, jelene, medve\u010fe, l\u00ed\u0161ky, vlky, div\u00e9 ka\u010dice, div\u00e9 zajace. Sme pripraven\u00ed poskytn\u00fa\u0165 po\u013eovn\u00edcke aktivity v priebehu cel\u00e9ho loveckej sez\u00f3ny. <strong>Nazrite spolu s\u00a0EST Frontier Slovakia, travel agency, do tohto sveta&#8230;<\/strong><\/p>\n<p>Ak m\u00e1te z\u00e1ujem o dovolenku na Slovensku s\u00a0nami, nev\u00e1hajte a <a title=\"Kontakt\" href=\"..\/?page_id=17&#038;lang=sk\">kontaktujte n\u00e1s<\/a>. Povedzte n\u00e1m svoje predstavy a my sa budeme sna\u017ei\u0165 splni\u0165 v\u00e1m ich a obohati\u0165 ich o na\u0161e sk\u00fasenosti. Zabezpe\u010d\u00edme pre v\u00e1s cel\u00fd program, od dopravy a\u017e po ubytovanie v\u00a0tradi\u010dnom slovenskom prostred\u00ed, aby ste pre\u017eili nie len nezabudnute\u013en\u00e9 chv\u00edle v slovensk\u00fdch hor\u00e1ch, ale aby ste spoznali aj trad\u00edcie slovenskej kult\u00fary.<\/p>\n<p><a href=\"http:\/\/www.enjoyslovakiasoul.com\/wp-content\/uploads\/1flush37-copyZmena.jpg\"><img decoding=\"async\" loading=\"lazy\" class=\"alignleft size-thumbnail wp-image-503\" title=\"Hunting\" src=\"http:\/\/www.enjoyslovakiasoul.com\/wp-content\/uploads\/1flush37-copyZmena-150x150.jpg\" alt=\"\" width=\"150\" height=\"150\" \/><\/a><a href=\"http:\/\/www.enjoyslovakiasoul.com\/wp-content\/uploads\/Na-polovacke-s-Orlom-matej301.jpg\"><img decoding=\"async\" loading=\"lazy\" class=\"alignleft size-thumbnail wp-image-504\" title=\"Enjoy\" src=\"http:\/\/www.enjoyslovakiasoul.com\/wp-content\/uploads\/Na-polovacke-s-Orlom-matej301-150x150.jpg\" alt=\"\" width=\"150\" height=\"150\" \/><\/a><a href=\"http:\/\/www.enjoyslovakiasoul.com\/wp-content\/uploads\/srnka-galileo.jpg\"><img decoding=\"async\" loading=\"lazy\" class=\"alignleft size-thumbnail wp-image-505\" title=\"Enjoy\" src=\"http:\/\/www.enjoyslovakiasoul.com\/wp-content\/uploads\/srnka-galileo-150x150.jpg\" alt=\"\" width=\"150\" height=\"150\" \/><\/a><\/p>\n<p><\/p>","protected":false},"excerpt":{"rendered":"<p>Vychutnaj si s\u00a0nami po\u013eova\u010dku na Slovensku v tradi\u010dnej slovenskej atmosf\u00e9re.. Rozm\u00fd\u0161\u013eate nav\u0161t\u00edvi\u0165 Slovensko a zak\u00fasi\u0165 \u010daro po\u013eova\u010dky\u00a0 v\u00a0kr\u00e1snom prostred\u00ed vysok\u00fdch h\u00f4r na Orave alebo v\u00a0Liptove, regi\u00f3ne s pestrou mozaikou \u00fazkych p\u00e1sov pol\u00ed, l\u00fak a pasienkov s\u00a0tradi\u010dnou slovenskou atmosf\u00e9rou, veselou z\u00e1bavou a chutn\u00fdm slovensk\u00fdm jedlom? Potom ste na spr\u00e1vnej ceste\u2026 Krajina pretrv\u00e1vaj\u00facich trad\u00edci\u00ed, n\u00e1dhernej pr\u00edrody, \u00fa\u017easn\u00fdch [&hellip;]<\/p>\n","protected":false},"author":1,"featured_media":0,"parent":24,"menu_order":0,"comment_status":"open","ping_status":"open","template":"","meta":{"ngg_post_thumbnail":0},"yoast_head":"<!-- This site is optimized with the Yoast SEO plugin v20.3 - https:\/\/yoast.com\/wordpress\/plugins\/seo\/ -->\n<title>Po\u013eova\u010dka - EST Frontier Slovakia<\/title>\n<meta name=\"robots\" content=\"index, follow, max-snippet:-1, max-image-preview:large, max-video-preview:-1\" \/>\n<link rel=\"canonical\" href=\"https:\/\/www.enjoyslovakiasoul.com\/outdoor\/traditional-outdoors-tours\/hunting\/\" \/>\n<meta property=\"og:locale\" content=\"sk_SK\" \/>\n<meta property=\"og:type\" content=\"article\" \/>\n<meta property=\"og:title\" content=\"Po\u013eova\u010dka - EST Frontier Slovakia\" \/>\n<meta property=\"og:description\" content=\"Vychutnaj si s\u00a0nami po\u013eova\u010dku na Slovensku v tradi\u010dnej slovenskej atmosf\u00e9re.. Rozm\u00fd\u0161\u013eate nav\u0161t\u00edvi\u0165 Slovensko a zak\u00fasi\u0165 \u010daro po\u013eova\u010dky\u00a0 v\u00a0kr\u00e1snom prostred\u00ed vysok\u00fdch h\u00f4r na Orave alebo v\u00a0Liptove, regi\u00f3ne s pestrou mozaikou \u00fazkych p\u00e1sov pol\u00ed, l\u00fak a pasienkov s\u00a0tradi\u010dnou slovenskou atmosf\u00e9rou, veselou z\u00e1bavou a chutn\u00fdm slovensk\u00fdm jedlom? Potom ste na spr\u00e1vnej ceste\u2026 Krajina pretrv\u00e1vaj\u00facich trad\u00edci\u00ed, n\u00e1dhernej pr\u00edrody, \u00fa\u017easn\u00fdch [&hellip;]\" \/>\n<meta property=\"og:url\" content=\"https:\/\/www.enjoyslovakiasoul.com\/outdoor\/traditional-outdoors-tours\/hunting\/\" \/>\n<meta property=\"og:site_name\" content=\"EST Frontier Slovakia\" \/>\n<meta property=\"article:modified_time\" content=\"2013-01-13T00:04:03+00:00\" \/>\n<meta property=\"og:image\" content=\"http:\/\/www.enjoyslovakiasoul.com\/wp-content\/uploads\/Rohacsky-podvecer-VitoAntoliniZmena.jpg\" \/>\n<meta name=\"twitter:card\" content=\"summary_large_image\" \/>\n<meta name=\"twitter:label1\" content=\"Predpokladan\u00fd \u010das \u010d\u00edtania\" \/>\n\t<meta name=\"twitter:data1\" content=\"7 min\u00fat\" \/>\n<script type=\"application\/ld+json\" class=\"yoast-schema-graph\">{\"@context\":\"https:\/\/schema.org\",\"@graph\":[{\"@type\":\"WebPage\",\"@id\":\"https:\/\/www.enjoyslovakiasoul.com\/outdoor\/traditional-outdoors-tours\/hunting\/\",\"url\":\"https:\/\/www.enjoyslovakiasoul.com\/outdoor\/traditional-outdoors-tours\/hunting\/\",\"name\":\"Po\u013eova\u010dka - EST Frontier Slovakia\",\"isPartOf\":{\"@id\":\"https:\/\/www.enjoyslovakiasoul.com\/#website\"},\"datePublished\":\"2011-05-16T08:21:28+00:00\",\"dateModified\":\"2013-01-13T00:04:03+00:00\",\"breadcrumb\":{\"@id\":\"https:\/\/www.enjoyslovakiasoul.com\/outdoor\/traditional-outdoors-tours\/hunting\/#breadcrumb\"},\"inLanguage\":\"sk-SK\",\"potentialAction\":[{\"@type\":\"ReadAction\",\"target\":[\"https:\/\/www.enjoyslovakiasoul.com\/outdoor\/traditional-outdoors-tours\/hunting\/\"]}]},{\"@type\":\"BreadcrumbList\",\"@id\":\"https:\/\/www.enjoyslovakiasoul.com\/outdoor\/traditional-outdoors-tours\/hunting\/#breadcrumb\",\"itemListElement\":[{\"@type\":\"ListItem\",\"position\":1,\"name\":\"Home\",\"item\":\"https:\/\/www.enjoyslovakiasoul.com\/\"},{\"@type\":\"ListItem\",\"position\":2,\"name\":\"Outdoor\",\"item\":\"https:\/\/www.enjoyslovakiasoul.com\/outdoor\/\"},{\"@type\":\"ListItem\",\"position\":3,\"name\":\"Adrenaline Activities\",\"item\":\"https:\/\/www.enjoyslovakiasoul.com\/outdoor\/traditional-outdoors-tours\/\"},{\"@type\":\"ListItem\",\"position\":4,\"name\":\"Hunting\"}]},{\"@type\":\"WebSite\",\"@id\":\"https:\/\/www.enjoyslovakiasoul.com\/#website\",\"url\":\"https:\/\/www.enjoyslovakiasoul.com\/\",\"name\":\"EST Frontier Slovakia\",\"description\":\"Fun, Relax, Adventure\",\"potentialAction\":[{\"@type\":\"SearchAction\",\"target\":{\"@type\":\"EntryPoint\",\"urlTemplate\":\"https:\/\/www.enjoyslovakiasoul.com\/?s={search_term_string}\"},\"query-input\":\"required name=search_term_string\"}],\"inLanguage\":\"sk-SK\"}]}<\/script>\n<!-- \/ Yoast SEO plugin. -->","yoast_head_json":{"title":"Po\u013eova\u010dka - EST Frontier Slovakia","robots":{"index":"index","follow":"follow","max-snippet":"max-snippet:-1","max-image-preview":"max-image-preview:large","max-video-preview":"max-video-preview:-1"},"canonical":"https:\/\/www.enjoyslovakiasoul.com\/outdoor\/traditional-outdoors-tours\/hunting\/","og_locale":"sk_SK","og_type":"article","og_title":"Po\u013eova\u010dka - EST Frontier Slovakia","og_description":"Vychutnaj si s\u00a0nami po\u013eova\u010dku na Slovensku v tradi\u010dnej slovenskej atmosf\u00e9re.. Rozm\u00fd\u0161\u013eate nav\u0161t\u00edvi\u0165 Slovensko a zak\u00fasi\u0165 \u010daro po\u013eova\u010dky\u00a0 v\u00a0kr\u00e1snom prostred\u00ed vysok\u00fdch h\u00f4r na Orave alebo v\u00a0Liptove, regi\u00f3ne s pestrou mozaikou \u00fazkych p\u00e1sov pol\u00ed, l\u00fak a pasienkov s\u00a0tradi\u010dnou slovenskou atmosf\u00e9rou, veselou z\u00e1bavou a chutn\u00fdm slovensk\u00fdm jedlom? Potom ste na spr\u00e1vnej ceste\u2026 Krajina pretrv\u00e1vaj\u00facich trad\u00edci\u00ed, n\u00e1dhernej pr\u00edrody, \u00fa\u017easn\u00fdch [&hellip;]","og_url":"https:\/\/www.enjoyslovakiasoul.com\/outdoor\/traditional-outdoors-tours\/hunting\/","og_site_name":"EST Frontier Slovakia","article_modified_time":"2013-01-13T00:04:03+00:00","og_image":[{"url":"http:\/\/www.enjoyslovakiasoul.com\/wp-content\/uploads\/Rohacsky-podvecer-VitoAntoliniZmena.jpg"}],"twitter_card":"summary_large_image","twitter_misc":{"Predpokladan\u00fd \u010das \u010d\u00edtania":"7 min\u00fat"},"schema":{"@context":"https:\/\/schema.org","@graph":[{"@type":"WebPage","@id":"https:\/\/www.enjoyslovakiasoul.com\/outdoor\/traditional-outdoors-tours\/hunting\/","url":"https:\/\/www.enjoyslovakiasoul.com\/outdoor\/traditional-outdoors-tours\/hunting\/","name":"Po\u013eova\u010dka - EST Frontier Slovakia","isPartOf":{"@id":"https:\/\/www.enjoyslovakiasoul.com\/#website"},"datePublished":"2011-05-16T08:21:28+00:00","dateModified":"2013-01-13T00:04:03+00:00","breadcrumb":{"@id":"https:\/\/www.enjoyslovakiasoul.com\/outdoor\/traditional-outdoors-tours\/hunting\/#breadcrumb"},"inLanguage":"sk-SK","potentialAction":[{"@type":"ReadAction","target":["https:\/\/www.enjoyslovakiasoul.com\/outdoor\/traditional-outdoors-tours\/hunting\/"]}]},{"@type":"BreadcrumbList","@id":"https:\/\/www.enjoyslovakiasoul.com\/outdoor\/traditional-outdoors-tours\/hunting\/#breadcrumb","itemListElement":[{"@type":"ListItem","position":1,"name":"Home","item":"https:\/\/www.enjoyslovakiasoul.com\/"},{"@type":"ListItem","position":2,"name":"Outdoor","item":"https:\/\/www.enjoyslovakiasoul.com\/outdoor\/"},{"@type":"ListItem","position":3,"name":"Adrenaline Activities","item":"https:\/\/www.enjoyslovakiasoul.com\/outdoor\/traditional-outdoors-tours\/"},{"@type":"ListItem","position":4,"name":"Hunting"}]},{"@type":"WebSite","@id":"https:\/\/www.enjoyslovakiasoul.com\/#website","url":"https:\/\/www.enjoyslovakiasoul.com\/","name":"EST Frontier Slovakia","description":"Fun, Relax, Adventure","potentialAction":[{"@type":"SearchAction","target":{"@type":"EntryPoint","urlTemplate":"https:\/\/www.enjoyslovakiasoul.com\/?s={search_term_string}"},"query-input":"required name=search_term_string"}],"inLanguage":"sk-SK"}]}},"_links":{"self":[{"href":"https:\/\/www.enjoyslovakiasoul.com\/sk\/wp-json\/wp\/v2\/pages\/62"}],"collection":[{"href":"https:\/\/www.enjoyslovakiasoul.com\/sk\/wp-json\/wp\/v2\/pages"}],"about":[{"href":"https:\/\/www.enjoyslovakiasoul.com\/sk\/wp-json\/wp\/v2\/types\/page"}],"author":[{"embeddable":true,"href":"https:\/\/www.enjoyslovakiasoul.com\/sk\/wp-json\/wp\/v2\/users\/1"}],"replies":[{"embeddable":true,"href":"https:\/\/www.enjoyslovakiasoul.com\/sk\/wp-json\/wp\/v2\/comments?post=62"}],"version-history":[{"count":7,"href":"https:\/\/www.enjoyslovakiasoul.com\/sk\/wp-json\/wp\/v2\/pages\/62\/revisions"}],"predecessor-version":[{"id":499,"href":"https:\/\/www.enjoyslovakiasoul.com\/sk\/wp-json\/wp\/v2\/pages\/62\/revisions\/499"}],"up":[{"embeddable":true,"href":"https:\/\/www.enjoyslovakiasoul.com\/sk\/wp-json\/wp\/v2\/pages\/24"}],"wp:attachment":[{"href":"https:\/\/www.enjoyslovakiasoul.com\/sk\/wp-json\/wp\/v2\/media?parent=62"}],"curies":[{"name":"wp","href":"https:\/\/api.w.org\/{rel}","templated":true}]}}