
{"id":67,"date":"2011-05-16T08:22:55","date_gmt":"2011-05-16T08:22:55","guid":{"rendered":"http:\/\/www.enjoyslovakiasoul.com\/?page_id=67"},"modified":"2013-01-13T00:07:02","modified_gmt":"2013-01-13T00:07:02","slug":"timber-boat","status":"publish","type":"page","link":"https:\/\/www.enjoyslovakiasoul.com\/sk\/outdoor\/traditional-outdoors-tours\/timber-boat\/","title":{"rendered":"Splavovanie pl\u0165ou"},"content":{"rendered":"<p><span class=\"Apple-style-span\" style=\"color: #008000;\"><strong><strong><a href=\"http:\/\/www.enjoyslovakiasoul.com\/wp-content\/uploads\/219-plte-orava.jpg\"><img decoding=\"async\" loading=\"lazy\" class=\"alignleft\" title=\"219-plte-orava\" src=\"http:\/\/www.enjoyslovakiasoul.com\/wp-content\/uploads\/219-plte-orava-300x240.jpg\" alt=\"\" width=\"300\" height=\"240\" \/><\/a><\/strong>Rozm\u00fd\u0161\u013eate vysk\u00fa\u0161a\u0165 splav na pltiach a nav\u0161t\u00edvi\u0165 krajinu, kde sa akoby zastavil \u010das v\u00a0kr\u00e1snom prostred\u00ed vysok\u00fdch h\u00f4r s\u00a0tradi\u010dnou slovenskou atmosf\u00e9rou, veselou \u013eudovou z\u00e1bavou a chutn\u00fdm slovensk\u00fdm jedlom? Potom ste na spr\u00e1vnej ceste\u2026<\/strong><\/span><\/p>\n<p>Na Slovensku, v\u00a0tejto malej krajine s\u00a0ve\u013ek\u00fdm srdcom v\u00a0strede Eur\u00f3py, v\u00e1s \u010dakaj\u00fa nezabudnute\u013en\u00e9 chv\u00edle. Chcete za\u017ei\u0165 nie\u010do vzru\u0161uj\u00face? Na riekach Orava a V\u00e1h za\u017eijete nen\u00e1ro\u010dn\u00fd splav prekr\u00e1snou pr\u00edrodou. Postar\u00e1me sa o to, aby ste si z dovolenky s\u00a0nami odnesli nie len nezabudnuteln\u00e9 \u0161portov\u00e9 z\u00e1\u017eitky a relax v\u00a0tichej pr\u00edrode, no tie\u017e spozn\u00e1te\u00a0 prad\u00e1vne trad\u00edcie a kult\u00faru slovensk\u00e9ho n\u00e1roda.<strong> <\/strong><\/p>\n<p><strong><a href=\"http:\/\/www.enjoyslovakiasoul.com\/wp-content\/uploads\/strecno2Zmena.jpg\"><img decoding=\"async\" loading=\"lazy\" class=\"alignleft\" title=\"History\" src=\"http:\/\/www.enjoyslovakiasoul.com\/wp-content\/uploads\/strecno2Zmena-150x150.jpg\" alt=\"\" width=\"150\" height=\"150\" \/><\/a><strong>EST Frontier Slovakia, travel agency,<\/strong>\u00a0<\/strong>V\u00e1m pon\u00faka Pltn\u00edctvo &#8211; dnes romantika kedysi tvrd\u00e9 mozole na\u0161ich star\u00fdch otcov. Cel\u00e9 st\u00e1ro\u010dia sa pl\u0165ami dolu Oravou a V\u00e1hom zv\u00e1\u017ealo drevo, seno, obilie, keramika, pl\u00e1tno, skaly, dreven\u00e9 \u0161indle. Budete sa plavi\u0165 prekr\u00e1snym \u00fasekom riek, na ktor\u00fdch sa bezprostredne zozn\u00e1mite s najnebezpe\u010dnej\u0161\u00edmi, hist\u00f3riou opraden\u00fdmi \u00fasekmi pltn\u00edctva v minulosti &#8211; skalami Margita a Besn\u00e1, najkraj\u0161\u00edm skaln\u00fdm bralom v\u00a0strednej Eur\u00f3pe Oravsk\u00e9ho hradu, uvid\u00edte neopakovate\u013en\u00e9 poh\u013eady na hrad Stre\u010dno, \u017eelezni\u010dn\u00e9 mosty a tunely a n\u00e1dhern\u00fa pr\u00edrodu Malej Fatry a Z\u00e1padn\u00fdch Tatier a vr\u00e1tite sa aspo\u0148 na chv\u00ed\u013eu do minulosti. Pod\u013ea va\u0161ej predstavy nav\u0161t\u00edvime Oravsk\u00fd hrad, hrad Stre\u010dno, skanzem \u010di zastav\u00edme sa na\u00a0slovenskom tradi\u010dnom vidi\u00e9ku, kde v\u00e1s o\u010dar\u00ed pohostinstvo miestnych \u013eud\u00ed a pr\u00e1ve tu za\u017eijete prav\u00fa slovensk\u00fa <a href=\"http:\/\/www.enjoyslovakiasoul.com\/wp-content\/uploads\/Salas-039.jpg\"><img decoding=\"async\" loading=\"lazy\" class=\"alignright\" title=\"Enjoy\" src=\"http:\/\/www.enjoyslovakiasoul.com\/wp-content\/uploads\/Salas-039-150x150.jpg\" alt=\"\" width=\"150\" height=\"150\" \/><\/a>kult\u00faru. nav\u0161t\u00edvime folkl\u00f3rne festivaly, kde sa zabav\u00edme pri \u017eivej \u013eudovej hudbe, ochutn\u00e1me tradi\u010dn\u00e9 slovensk\u00e9 jedl\u00e1 alebo si len tak u\u017e\u00edvajte romantick\u00e9 prostredie a spozn\u00e1vajte kr\u00e1sy na\u0161ej malej ve\u013ekej krajiny. To v\u0161etko V\u00e1m poskytneme\u00a0 a je u\u017e len na v\u00e1s, \u010do si vyberiete.<\/p>\n<p>Ak m\u00e1te z\u00e1ujem o dovolenku na Slovensku s\u00a0nami, nev\u00e1hajte a <a title=\"Kontakt\" href=\"..\/?page_id=17&amp;lang=sk\">kontaktujte n\u00e1s<\/a>. Povedzte n\u00e1m svoje predstavy a my sa budeme sna\u017ei\u0165 splni\u0165 v\u00e1m ich a obohati\u0165 ich o na\u0161e sk\u00fasenosti. Zabezpe\u010d\u00edme pre v\u00e1s cel\u00fd program, od dopravy a\u017e po ubytovanie v\u00a0tradi\u010dnom slovenskom <a href=\"http:\/\/www.enjoyslovakiasoul.com\/wp-content\/uploads\/IMG_4302_fklub.jpg\"><img decoding=\"async\" loading=\"lazy\" class=\"alignright\" title=\"Enjoy Slovakia Tours\" src=\"http:\/\/www.enjoyslovakiasoul.com\/wp-content\/uploads\/IMG_4302_fklub-150x150.jpg\" alt=\"\" width=\"150\" height=\"150\" \/><\/a>prostred\u00ed, aby ste pre\u017eili nie len nezabudnute\u013en\u00e9 chv\u00edle v slovensk\u00fdch hor\u00e1ch, ale aby ste spoznali aj trad\u00edcie slovenskej kult\u00fary.<\/p>\n<div><span class=\"Apple-style-span\" style=\"color: #008000;\"><\/p>\n<p><\/span><\/div>\n<p><\/p>","protected":false},"excerpt":{"rendered":"<p>Rozm\u00fd\u0161\u013eate vysk\u00fa\u0161a\u0165 splav na pltiach a nav\u0161t\u00edvi\u0165 krajinu, kde sa akoby zastavil \u010das v\u00a0kr\u00e1snom prostred\u00ed vysok\u00fdch h\u00f4r s\u00a0tradi\u010dnou slovenskou atmosf\u00e9rou, veselou \u013eudovou z\u00e1bavou a chutn\u00fdm slovensk\u00fdm jedlom? Potom ste na spr\u00e1vnej ceste\u2026 Na Slovensku, v\u00a0tejto malej krajine s\u00a0ve\u013ek\u00fdm srdcom v\u00a0strede Eur\u00f3py, v\u00e1s \u010dakaj\u00fa nezabudnute\u013en\u00e9 chv\u00edle. Chcete za\u017ei\u0165 nie\u010do vzru\u0161uj\u00face? Na riekach Orava a V\u00e1h za\u017eijete [&hellip;]<\/p>\n","protected":false},"author":1,"featured_media":0,"parent":24,"menu_order":0,"comment_status":"open","ping_status":"open","template":"","meta":{"ngg_post_thumbnail":0},"yoast_head":"<!-- This site is optimized with the Yoast SEO plugin v20.3 - https:\/\/yoast.com\/wordpress\/plugins\/seo\/ -->\n<title>Splavovanie pl\u0165ou - EST Frontier Slovakia<\/title>\n<meta name=\"robots\" content=\"index, follow, max-snippet:-1, max-image-preview:large, max-video-preview:-1\" \/>\n<link rel=\"canonical\" href=\"https:\/\/www.enjoyslovakiasoul.com\/outdoor\/traditional-outdoors-tours\/timber-boat\/\" \/>\n<meta property=\"og:locale\" content=\"sk_SK\" \/>\n<meta property=\"og:type\" content=\"article\" \/>\n<meta property=\"og:title\" content=\"Splavovanie pl\u0165ou - EST Frontier Slovakia\" \/>\n<meta property=\"og:description\" content=\"Rozm\u00fd\u0161\u013eate vysk\u00fa\u0161a\u0165 splav na pltiach a nav\u0161t\u00edvi\u0165 krajinu, kde sa akoby zastavil \u010das v\u00a0kr\u00e1snom prostred\u00ed vysok\u00fdch h\u00f4r s\u00a0tradi\u010dnou slovenskou atmosf\u00e9rou, veselou \u013eudovou z\u00e1bavou a chutn\u00fdm slovensk\u00fdm jedlom? Potom ste na spr\u00e1vnej ceste\u2026 Na Slovensku, v\u00a0tejto malej krajine s\u00a0ve\u013ek\u00fdm srdcom v\u00a0strede Eur\u00f3py, v\u00e1s \u010dakaj\u00fa nezabudnute\u013en\u00e9 chv\u00edle. Chcete za\u017ei\u0165 nie\u010do vzru\u0161uj\u00face? Na riekach Orava a V\u00e1h za\u017eijete [&hellip;]\" \/>\n<meta property=\"og:url\" content=\"https:\/\/www.enjoyslovakiasoul.com\/outdoor\/traditional-outdoors-tours\/timber-boat\/\" \/>\n<meta property=\"og:site_name\" content=\"EST Frontier Slovakia\" \/>\n<meta property=\"article:modified_time\" content=\"2013-01-13T00:07:02+00:00\" \/>\n<meta property=\"og:image\" content=\"http:\/\/www.enjoyslovakiasoul.com\/wp-content\/uploads\/219-plte-orava-300x240.jpg\" \/>\n<meta name=\"twitter:card\" content=\"summary_large_image\" \/>\n<meta name=\"twitter:label1\" content=\"Predpokladan\u00fd \u010das \u010d\u00edtania\" \/>\n\t<meta name=\"twitter:data1\" content=\"4 min\u00faty\" \/>\n<script type=\"application\/ld+json\" class=\"yoast-schema-graph\">{\"@context\":\"https:\/\/schema.org\",\"@graph\":[{\"@type\":\"WebPage\",\"@id\":\"https:\/\/www.enjoyslovakiasoul.com\/outdoor\/traditional-outdoors-tours\/timber-boat\/\",\"url\":\"https:\/\/www.enjoyslovakiasoul.com\/outdoor\/traditional-outdoors-tours\/timber-boat\/\",\"name\":\"Splavovanie pl\u0165ou - EST Frontier Slovakia\",\"isPartOf\":{\"@id\":\"https:\/\/www.enjoyslovakiasoul.com\/#website\"},\"datePublished\":\"2011-05-16T08:22:55+00:00\",\"dateModified\":\"2013-01-13T00:07:02+00:00\",\"breadcrumb\":{\"@id\":\"https:\/\/www.enjoyslovakiasoul.com\/outdoor\/traditional-outdoors-tours\/timber-boat\/#breadcrumb\"},\"inLanguage\":\"sk-SK\",\"potentialAction\":[{\"@type\":\"ReadAction\",\"target\":[\"https:\/\/www.enjoyslovakiasoul.com\/outdoor\/traditional-outdoors-tours\/timber-boat\/\"]}]},{\"@type\":\"BreadcrumbList\",\"@id\":\"https:\/\/www.enjoyslovakiasoul.com\/outdoor\/traditional-outdoors-tours\/timber-boat\/#breadcrumb\",\"itemListElement\":[{\"@type\":\"ListItem\",\"position\":1,\"name\":\"Home\",\"item\":\"https:\/\/www.enjoyslovakiasoul.com\/\"},{\"@type\":\"ListItem\",\"position\":2,\"name\":\"Outdoor\",\"item\":\"https:\/\/www.enjoyslovakiasoul.com\/outdoor\/\"},{\"@type\":\"ListItem\",\"position\":3,\"name\":\"Adrenaline Activities\",\"item\":\"https:\/\/www.enjoyslovakiasoul.com\/outdoor\/traditional-outdoors-tours\/\"},{\"@type\":\"ListItem\",\"position\":4,\"name\":\"Timber Boat\"}]},{\"@type\":\"WebSite\",\"@id\":\"https:\/\/www.enjoyslovakiasoul.com\/#website\",\"url\":\"https:\/\/www.enjoyslovakiasoul.com\/\",\"name\":\"EST Frontier Slovakia\",\"description\":\"Fun, Relax, Adventure\",\"potentialAction\":[{\"@type\":\"SearchAction\",\"target\":{\"@type\":\"EntryPoint\",\"urlTemplate\":\"https:\/\/www.enjoyslovakiasoul.com\/?s={search_term_string}\"},\"query-input\":\"required name=search_term_string\"}],\"inLanguage\":\"sk-SK\"}]}<\/script>\n<!-- \/ Yoast SEO plugin. -->","yoast_head_json":{"title":"Splavovanie pl\u0165ou - EST Frontier Slovakia","robots":{"index":"index","follow":"follow","max-snippet":"max-snippet:-1","max-image-preview":"max-image-preview:large","max-video-preview":"max-video-preview:-1"},"canonical":"https:\/\/www.enjoyslovakiasoul.com\/outdoor\/traditional-outdoors-tours\/timber-boat\/","og_locale":"sk_SK","og_type":"article","og_title":"Splavovanie pl\u0165ou - EST Frontier Slovakia","og_description":"Rozm\u00fd\u0161\u013eate vysk\u00fa\u0161a\u0165 splav na pltiach a nav\u0161t\u00edvi\u0165 krajinu, kde sa akoby zastavil \u010das v\u00a0kr\u00e1snom prostred\u00ed vysok\u00fdch h\u00f4r s\u00a0tradi\u010dnou slovenskou atmosf\u00e9rou, veselou \u013eudovou z\u00e1bavou a chutn\u00fdm slovensk\u00fdm jedlom? Potom ste na spr\u00e1vnej ceste\u2026 Na Slovensku, v\u00a0tejto malej krajine s\u00a0ve\u013ek\u00fdm srdcom v\u00a0strede Eur\u00f3py, v\u00e1s \u010dakaj\u00fa nezabudnute\u013en\u00e9 chv\u00edle. Chcete za\u017ei\u0165 nie\u010do vzru\u0161uj\u00face? Na riekach Orava a V\u00e1h za\u017eijete [&hellip;]","og_url":"https:\/\/www.enjoyslovakiasoul.com\/outdoor\/traditional-outdoors-tours\/timber-boat\/","og_site_name":"EST Frontier Slovakia","article_modified_time":"2013-01-13T00:07:02+00:00","og_image":[{"url":"http:\/\/www.enjoyslovakiasoul.com\/wp-content\/uploads\/219-plte-orava-300x240.jpg"}],"twitter_card":"summary_large_image","twitter_misc":{"Predpokladan\u00fd \u010das \u010d\u00edtania":"4 min\u00faty"},"schema":{"@context":"https:\/\/schema.org","@graph":[{"@type":"WebPage","@id":"https:\/\/www.enjoyslovakiasoul.com\/outdoor\/traditional-outdoors-tours\/timber-boat\/","url":"https:\/\/www.enjoyslovakiasoul.com\/outdoor\/traditional-outdoors-tours\/timber-boat\/","name":"Splavovanie pl\u0165ou - EST Frontier Slovakia","isPartOf":{"@id":"https:\/\/www.enjoyslovakiasoul.com\/#website"},"datePublished":"2011-05-16T08:22:55+00:00","dateModified":"2013-01-13T00:07:02+00:00","breadcrumb":{"@id":"https:\/\/www.enjoyslovakiasoul.com\/outdoor\/traditional-outdoors-tours\/timber-boat\/#breadcrumb"},"inLanguage":"sk-SK","potentialAction":[{"@type":"ReadAction","target":["https:\/\/www.enjoyslovakiasoul.com\/outdoor\/traditional-outdoors-tours\/timber-boat\/"]}]},{"@type":"BreadcrumbList","@id":"https:\/\/www.enjoyslovakiasoul.com\/outdoor\/traditional-outdoors-tours\/timber-boat\/#breadcrumb","itemListElement":[{"@type":"ListItem","position":1,"name":"Home","item":"https:\/\/www.enjoyslovakiasoul.com\/"},{"@type":"ListItem","position":2,"name":"Outdoor","item":"https:\/\/www.enjoyslovakiasoul.com\/outdoor\/"},{"@type":"ListItem","position":3,"name":"Adrenaline Activities","item":"https:\/\/www.enjoyslovakiasoul.com\/outdoor\/traditional-outdoors-tours\/"},{"@type":"ListItem","position":4,"name":"Timber Boat"}]},{"@type":"WebSite","@id":"https:\/\/www.enjoyslovakiasoul.com\/#website","url":"https:\/\/www.enjoyslovakiasoul.com\/","name":"EST Frontier Slovakia","description":"Fun, Relax, Adventure","potentialAction":[{"@type":"SearchAction","target":{"@type":"EntryPoint","urlTemplate":"https:\/\/www.enjoyslovakiasoul.com\/?s={search_term_string}"},"query-input":"required name=search_term_string"}],"inLanguage":"sk-SK"}]}},"_links":{"self":[{"href":"https:\/\/www.enjoyslovakiasoul.com\/sk\/wp-json\/wp\/v2\/pages\/67"}],"collection":[{"href":"https:\/\/www.enjoyslovakiasoul.com\/sk\/wp-json\/wp\/v2\/pages"}],"about":[{"href":"https:\/\/www.enjoyslovakiasoul.com\/sk\/wp-json\/wp\/v2\/types\/page"}],"author":[{"embeddable":true,"href":"https:\/\/www.enjoyslovakiasoul.com\/sk\/wp-json\/wp\/v2\/users\/1"}],"replies":[{"embeddable":true,"href":"https:\/\/www.enjoyslovakiasoul.com\/sk\/wp-json\/wp\/v2\/comments?post=67"}],"version-history":[{"count":17,"href":"https:\/\/www.enjoyslovakiasoul.com\/sk\/wp-json\/wp\/v2\/pages\/67\/revisions"}],"predecessor-version":[{"id":3387,"href":"https:\/\/www.enjoyslovakiasoul.com\/sk\/wp-json\/wp\/v2\/pages\/67\/revisions\/3387"}],"up":[{"embeddable":true,"href":"https:\/\/www.enjoyslovakiasoul.com\/sk\/wp-json\/wp\/v2\/pages\/24"}],"wp:attachment":[{"href":"https:\/\/www.enjoyslovakiasoul.com\/sk\/wp-json\/wp\/v2\/media?parent=67"}],"curies":[{"name":"wp","href":"https:\/\/api.w.org\/{rel}","templated":true}]}}