
{"id":69,"date":"2011-05-16T08:29:01","date_gmt":"2011-05-16T08:29:01","guid":{"rendered":"http:\/\/www.enjoyslovakiasoul.com\/?page_id=69"},"modified":"2012-08-25T15:27:09","modified_gmt":"2012-08-25T15:27:09","slug":"folklor","status":"publish","type":"page","link":"https:\/\/www.enjoyslovakiasoul.com\/sk\/traditional-crafts-arts\/folklor\/","title":{"rendered":"Folkl\u00f3r"},"content":{"rendered":"<p><a href=\"http:\/\/www.enjoyslovakiasoul.com\/wp-content\/uploads\/Zmena7.jpg\"><img decoding=\"async\" loading=\"lazy\" title=\"Folklor\" src=\"http:\/\/www.enjoyslovakiasoul.com\/wp-content\/uploads\/Zmena7.jpg\" alt=\"\" width=\"615\" height=\"128\" \/><\/a><\/p>\n<address style=\"text-align: justify;\"><span style=\"color: #99cc00;\"><span style=\"color: #000000;\">Spoznajte s\u00a0nami neopakovate\u013en\u00fa krajinu s bohatou hist\u00f3riou a folkl\u00f3rnou trad\u00edciou, ktor\u00e1 patr\u00ed na Slovensku medzi najv\u00e4\u010d\u0161iu p\u00fdchu krajiny. Ka\u017ed\u00e1 oblas\u0165 m\u00e1 svoj vlastn\u00fd folkl\u00f3r &#8211; kroje, hudbu, piesne, architekt\u00faru, zvyky, trad\u00edcie, tance, n\u00e1re\u010dia \u010di tradi\u010dn\u00e9 \u0161peciality. Vyberte si jeden z na\u0161\u00edch v\u00fdletov:<\/span> <a title=\"Kombinovan\u00fd v\u00fdlet\" href=\"http:\/\/www.enjoyslovakiasoul.com\/enjoy-tours\/seightseeing-turs\/combined-tours?lang=sk\" target=\"_blank\">Kombinovan\u00fd v\u00fdlet<\/a>, <a title=\"To najkraj\u0161ie zo Slovenska\" href=\"http:\/\/www.enjoyslovakiasoul.com\/enjoy-tours\/seightseeing-turs\/the-best-orava-tour?lang=sk\" target=\"_blank\">To najkraj\u0161ie zo Slovenska<\/a>, <a title=\"To najkraj\u0161ie z Oravy\" href=\"http:\/\/www.enjoyslovakiasoul.com\/enjoy-tours\/seightseeing-turs\/the-best-slovakia-tours?lang=sk\" target=\"_blank\">To najkraj\u0161ie z Oravy<\/a>, <a title=\"Rodinn\u00fd v\u00fdlet pln\u00fd dobrodru\u017estva\" href=\"http:\/\/www.enjoyslovakiasoul.com\/family-adventure-tours?lang=sk\" target=\"_blank\">Rodinn\u00fd v\u00fdlet pln\u00fd dobrodru\u017estva<\/a>, <a title=\"V\u00fdlet po hradoch\" href=\"http:\/\/www.enjoyslovakiasoul.com\/enjoy-tours\/seightseeing-turs\/castle-tour?lang=sk\" target=\"_blank\">V\u00fdlet po hradoch<\/a>,\u00a0<a title=\"Cyklistick\u00fd v\u00fdlet\" href=\"http:\/\/www.enjoyslovakiasoul.com\/enjoy-tours\/cycling-tours\/7-days-cycling-tours?lang=sk\" target=\"_blank\">Cyklistick\u00fd v\u00fdlet<\/a>.<\/span>\u00a0<\/address>\n<address style=\"text-align: justify;\">\u00a0<\/address>\n<h2 style=\"text-align: justify;\"><strong><a href=\"http:\/\/www.enjoyslovakiasoul.com\/wp-content\/uploads\/38685_1363637974233_1330115733_30876210_7256120_n.jpg\"> <img decoding=\"async\" loading=\"lazy\" class=\"alignleft size-thumbnail wp-image-1258\" title=\"Folklor Tradition\" src=\"http:\/\/www.enjoyslovakiasoul.com\/wp-content\/uploads\/38685_1363637974233_1330115733_30876210_7256120_n-150x150.jpg\" alt=\"\" width=\"150\" height=\"150\" \/><\/a><\/strong><strong><span style=\"color: #99cc00;\">Folk\u00f3r na Slovensku<\/span><\/strong><\/h2>\n<p style=\"text-align: justify;\"><strong>EST Frontier Slovakia <\/strong>V\u00e1m uk\u00e1\u017ee Tradi\u010dn\u00e9 \u013eudov\u00e9 m\u00faze\u00e1 \u2013 skanzeny, ktor\u00e9 boli postupne zastavan\u00e9 drevenicami, \u010dasto aj ma\u013eovan\u00fdmi. S\u00fa s\u00fastreden\u00e9 na severnom Slovensku, na Liptove a Orave, ktor\u00e9 je kol\u00edskou trad\u00edci\u00ed a folkl\u00f3ru. Mnoh\u00e9 zvyky z minulosti s\u00fa tu zachovan\u00e9 dodnes.\u00a0Slovensko m\u00e1 vy\u0161e 200 hudobn\u00fdch \u013eudov\u00fdch n\u00e1strojov. Unik\u00e1tnym \u013eudov\u00fdm hudobn\u00fdm\u00a0<strong><\/strong>n\u00e1strojom na Slovensku je<strong>\u00a0fujara<\/strong>\u00a0a jej hra bola v roku 2005 zap\u00edsan\u00e1 do Zoznamu majstrovsk\u00fd<strong>c<\/strong>h diel \u00fastneho a nehmotn\u00e9ho dedi\u010dstva\u00a0<strong><\/strong>\u013eudstva-\u00a0<strong>UNESCO<\/strong>.<\/p>\n<p><img decoding=\"async\" loading=\"lazy\" class=\"alignleft\" style=\"border-style: initial; border-color: initial; border-width: 0px;\" title=\"Traditional Folk Music\" src=\"http:\/\/www.enjoyslovakiasoul.com\/wp-content\/uploads\/BIGpage12_blog_entry95_6-150x150.jpg\" alt=\"\" width=\"150\" height=\"150\" \/><\/p>\n<p style=\"text-align: justify;\">Fujara je obdobou gotickej basovej trojdierkovej p\u00ed\u0161\u0165aly z\u00a0 12. <strong> <\/strong>\u2013 13. storo\u010dia. Jej \u0161pecifick\u00fd charakter, vznikol z\u00a0hier horsk\u00fdch pastierov. \u013dudov<strong> <\/strong>\u00fd tanec je pestr\u00fd. Najzn\u00e1mej\u0161\u00ed je sk\u00e1kan\u00fd tanec zvan\u00fd \u201e<strong>odzemok<\/strong>\u201c (od= from, zem= ground), pri ktorom sa pou\u017e\u00edva<strong>l<\/strong>i n\u00e1stroje ako vala\u0161ka, sekerka. V\u00a0dedin\u00e1ch pre\u017eili mnoh\u00e9 trad\u00edcie ako <strong> <\/strong><strong>fa\u0161iangy, prvom\u00e1jov\u00e9 s<\/strong><strong>l\u00e1vnosti, priv\u00edtanie jari, pochov\u00e1va<\/strong><strong> <\/strong><strong>nie basy.<\/strong><\/p>\n<p style=\"text-align: justify;\">Najv\u00e4\u010d\u0161ie folkl\u00f3rne festivaly a festivaly \u013eudov\u00fdch remesiel za\u010d\u00ednaj\u00fa koncom j\u00fana. V\u00e4\u010d\u0161ina <strong> <\/strong>festivalo<strong> <\/strong>v je organizovan\u00fdch pod hlavi\u010dkou <strong>C.I.O.F.F.<\/strong> (najv\u00e4\u010d\u0161ia folkloristick\u00e1 celosvetov\u00e1 organiz\u00e1cia ). Ka\u017ed\u00fd m\u00e1 svoju vlastn\u00fa, typick\u00fa atmosf\u00e9ru a \u010daro. Na najlep\u0161\u00edch festivaloch \u017eije podujat\u00edm cel\u00e1 dedina &#8211; folkl\u00f3r c\u00edtite na ka\u017edom kroku.<\/p>\n<address style=\"text-align: justify;\">\u00a0<\/address>\n<address style=\"text-align: justify;\">\u00a0<\/address>\n<address style=\"text-align: justify;\"><span style=\"color: #000000;\">Ak m\u00e1te\u00a0z\u00e1ujem\u00a0o v\u00fdlet za folkl\u00f3rom alebo m\u00e1te ak\u00e9ko\u013evek ot\u00e1zky,\u00a0nev\u00e1hajte\u00a0n\u00e1s kontaktova\u0165 telefonicky: +421\u00a0904\u00a0292 468 alebo na:<\/span>\u00a0<a title=\"Kontaktujte n\u00e1s tu\" href=\"http:\/\/www.enjoyslovakiasoul.com\/contact?lang=sk\" target=\"_blank\">info@enjoyslovakiasoul.com<\/a>.<\/address>\n<p><\/p>","protected":false},"excerpt":{"rendered":"<p>Spoznajte s\u00a0nami neopakovate\u013en\u00fa krajinu s bohatou hist\u00f3riou a folkl\u00f3rnou trad\u00edciou, ktor\u00e1 patr\u00ed na Slovensku medzi najv\u00e4\u010d\u0161iu p\u00fdchu krajiny. Ka\u017ed\u00e1 oblas\u0165 m\u00e1 svoj vlastn\u00fd folkl\u00f3r &#8211; kroje, hudbu, piesne, architekt\u00faru, zvyky, trad\u00edcie, tance, n\u00e1re\u010dia \u010di tradi\u010dn\u00e9 \u0161peciality. Vyberte si jeden z na\u0161\u00edch v\u00fdletov: Kombinovan\u00fd v\u00fdlet, To najkraj\u0161ie zo Slovenska, To najkraj\u0161ie z Oravy, Rodinn\u00fd v\u00fdlet pln\u00fd [&hellip;]<\/p>\n","protected":false},"author":1,"featured_media":0,"parent":11,"menu_order":0,"comment_status":"open","ping_status":"closed","template":"","meta":{"ngg_post_thumbnail":0},"yoast_head":"<!-- This site is optimized with the Yoast SEO plugin v20.3 - https:\/\/yoast.com\/wordpress\/plugins\/seo\/ -->\n<title>Folkl\u00f3r - EST Frontier Slovakia<\/title>\n<meta name=\"robots\" content=\"index, follow, max-snippet:-1, max-image-preview:large, max-video-preview:-1\" \/>\n<link rel=\"canonical\" href=\"https:\/\/www.enjoyslovakiasoul.com\/traditional-crafts-arts\/folklor\/\" \/>\n<meta property=\"og:locale\" content=\"sk_SK\" \/>\n<meta property=\"og:type\" content=\"article\" \/>\n<meta property=\"og:title\" content=\"Folkl\u00f3r - EST Frontier Slovakia\" \/>\n<meta property=\"og:description\" content=\"Spoznajte s\u00a0nami neopakovate\u013en\u00fa krajinu s bohatou hist\u00f3riou a folkl\u00f3rnou trad\u00edciou, ktor\u00e1 patr\u00ed na Slovensku medzi najv\u00e4\u010d\u0161iu p\u00fdchu krajiny. Ka\u017ed\u00e1 oblas\u0165 m\u00e1 svoj vlastn\u00fd folkl\u00f3r &#8211; kroje, hudbu, piesne, architekt\u00faru, zvyky, trad\u00edcie, tance, n\u00e1re\u010dia \u010di tradi\u010dn\u00e9 \u0161peciality. Vyberte si jeden z na\u0161\u00edch v\u00fdletov: Kombinovan\u00fd v\u00fdlet, To najkraj\u0161ie zo Slovenska, To najkraj\u0161ie z Oravy, Rodinn\u00fd v\u00fdlet pln\u00fd [&hellip;]\" \/>\n<meta property=\"og:url\" content=\"https:\/\/www.enjoyslovakiasoul.com\/traditional-crafts-arts\/folklor\/\" \/>\n<meta property=\"og:site_name\" content=\"EST Frontier Slovakia\" \/>\n<meta property=\"article:modified_time\" content=\"2012-08-25T15:27:09+00:00\" \/>\n<meta property=\"og:image\" content=\"http:\/\/www.enjoyslovakiasoul.com\/wp-content\/uploads\/Zmena7.jpg\" \/>\n<meta name=\"twitter:card\" content=\"summary_large_image\" \/>\n<meta name=\"twitter:label1\" content=\"Predpokladan\u00fd \u010das \u010d\u00edtania\" \/>\n\t<meta name=\"twitter:data1\" content=\"3 min\u00faty\" \/>\n<script type=\"application\/ld+json\" class=\"yoast-schema-graph\">{\"@context\":\"https:\/\/schema.org\",\"@graph\":[{\"@type\":\"WebPage\",\"@id\":\"https:\/\/www.enjoyslovakiasoul.com\/traditional-crafts-arts\/folklor\/\",\"url\":\"https:\/\/www.enjoyslovakiasoul.com\/traditional-crafts-arts\/folklor\/\",\"name\":\"Folkl\u00f3r - EST Frontier Slovakia\",\"isPartOf\":{\"@id\":\"https:\/\/www.enjoyslovakiasoul.com\/#website\"},\"datePublished\":\"2011-05-16T08:29:01+00:00\",\"dateModified\":\"2012-08-25T15:27:09+00:00\",\"breadcrumb\":{\"@id\":\"https:\/\/www.enjoyslovakiasoul.com\/traditional-crafts-arts\/folklor\/#breadcrumb\"},\"inLanguage\":\"sk-SK\",\"potentialAction\":[{\"@type\":\"ReadAction\",\"target\":[\"https:\/\/www.enjoyslovakiasoul.com\/traditional-crafts-arts\/folklor\/\"]}]},{\"@type\":\"BreadcrumbList\",\"@id\":\"https:\/\/www.enjoyslovakiasoul.com\/traditional-crafts-arts\/folklor\/#breadcrumb\",\"itemListElement\":[{\"@type\":\"ListItem\",\"position\":1,\"name\":\"Home\",\"item\":\"https:\/\/www.enjoyslovakiasoul.com\/\"},{\"@type\":\"ListItem\",\"position\":2,\"name\":\"Slovak Heritage\",\"item\":\"https:\/\/www.enjoyslovakiasoul.com\/traditional-crafts-arts\/\"},{\"@type\":\"ListItem\",\"position\":3,\"name\":\"Folklore\"}]},{\"@type\":\"WebSite\",\"@id\":\"https:\/\/www.enjoyslovakiasoul.com\/#website\",\"url\":\"https:\/\/www.enjoyslovakiasoul.com\/\",\"name\":\"EST Frontier Slovakia\",\"description\":\"Fun, Relax, Adventure\",\"potentialAction\":[{\"@type\":\"SearchAction\",\"target\":{\"@type\":\"EntryPoint\",\"urlTemplate\":\"https:\/\/www.enjoyslovakiasoul.com\/?s={search_term_string}\"},\"query-input\":\"required name=search_term_string\"}],\"inLanguage\":\"sk-SK\"}]}<\/script>\n<!-- \/ Yoast SEO plugin. -->","yoast_head_json":{"title":"Folkl\u00f3r - EST Frontier Slovakia","robots":{"index":"index","follow":"follow","max-snippet":"max-snippet:-1","max-image-preview":"max-image-preview:large","max-video-preview":"max-video-preview:-1"},"canonical":"https:\/\/www.enjoyslovakiasoul.com\/traditional-crafts-arts\/folklor\/","og_locale":"sk_SK","og_type":"article","og_title":"Folkl\u00f3r - EST Frontier Slovakia","og_description":"Spoznajte s\u00a0nami neopakovate\u013en\u00fa krajinu s bohatou hist\u00f3riou a folkl\u00f3rnou trad\u00edciou, ktor\u00e1 patr\u00ed na Slovensku medzi najv\u00e4\u010d\u0161iu p\u00fdchu krajiny. Ka\u017ed\u00e1 oblas\u0165 m\u00e1 svoj vlastn\u00fd folkl\u00f3r &#8211; kroje, hudbu, piesne, architekt\u00faru, zvyky, trad\u00edcie, tance, n\u00e1re\u010dia \u010di tradi\u010dn\u00e9 \u0161peciality. Vyberte si jeden z na\u0161\u00edch v\u00fdletov: Kombinovan\u00fd v\u00fdlet, To najkraj\u0161ie zo Slovenska, To najkraj\u0161ie z Oravy, Rodinn\u00fd v\u00fdlet pln\u00fd [&hellip;]","og_url":"https:\/\/www.enjoyslovakiasoul.com\/traditional-crafts-arts\/folklor\/","og_site_name":"EST Frontier Slovakia","article_modified_time":"2012-08-25T15:27:09+00:00","og_image":[{"url":"http:\/\/www.enjoyslovakiasoul.com\/wp-content\/uploads\/Zmena7.jpg"}],"twitter_card":"summary_large_image","twitter_misc":{"Predpokladan\u00fd \u010das \u010d\u00edtania":"3 min\u00faty"},"schema":{"@context":"https:\/\/schema.org","@graph":[{"@type":"WebPage","@id":"https:\/\/www.enjoyslovakiasoul.com\/traditional-crafts-arts\/folklor\/","url":"https:\/\/www.enjoyslovakiasoul.com\/traditional-crafts-arts\/folklor\/","name":"Folkl\u00f3r - EST Frontier Slovakia","isPartOf":{"@id":"https:\/\/www.enjoyslovakiasoul.com\/#website"},"datePublished":"2011-05-16T08:29:01+00:00","dateModified":"2012-08-25T15:27:09+00:00","breadcrumb":{"@id":"https:\/\/www.enjoyslovakiasoul.com\/traditional-crafts-arts\/folklor\/#breadcrumb"},"inLanguage":"sk-SK","potentialAction":[{"@type":"ReadAction","target":["https:\/\/www.enjoyslovakiasoul.com\/traditional-crafts-arts\/folklor\/"]}]},{"@type":"BreadcrumbList","@id":"https:\/\/www.enjoyslovakiasoul.com\/traditional-crafts-arts\/folklor\/#breadcrumb","itemListElement":[{"@type":"ListItem","position":1,"name":"Home","item":"https:\/\/www.enjoyslovakiasoul.com\/"},{"@type":"ListItem","position":2,"name":"Slovak Heritage","item":"https:\/\/www.enjoyslovakiasoul.com\/traditional-crafts-arts\/"},{"@type":"ListItem","position":3,"name":"Folklore"}]},{"@type":"WebSite","@id":"https:\/\/www.enjoyslovakiasoul.com\/#website","url":"https:\/\/www.enjoyslovakiasoul.com\/","name":"EST Frontier Slovakia","description":"Fun, Relax, Adventure","potentialAction":[{"@type":"SearchAction","target":{"@type":"EntryPoint","urlTemplate":"https:\/\/www.enjoyslovakiasoul.com\/?s={search_term_string}"},"query-input":"required name=search_term_string"}],"inLanguage":"sk-SK"}]}},"_links":{"self":[{"href":"https:\/\/www.enjoyslovakiasoul.com\/sk\/wp-json\/wp\/v2\/pages\/69"}],"collection":[{"href":"https:\/\/www.enjoyslovakiasoul.com\/sk\/wp-json\/wp\/v2\/pages"}],"about":[{"href":"https:\/\/www.enjoyslovakiasoul.com\/sk\/wp-json\/wp\/v2\/types\/page"}],"author":[{"embeddable":true,"href":"https:\/\/www.enjoyslovakiasoul.com\/sk\/wp-json\/wp\/v2\/users\/1"}],"replies":[{"embeddable":true,"href":"https:\/\/www.enjoyslovakiasoul.com\/sk\/wp-json\/wp\/v2\/comments?post=69"}],"version-history":[{"count":102,"href":"https:\/\/www.enjoyslovakiasoul.com\/sk\/wp-json\/wp\/v2\/pages\/69\/revisions"}],"predecessor-version":[{"id":537,"href":"https:\/\/www.enjoyslovakiasoul.com\/sk\/wp-json\/wp\/v2\/pages\/69\/revisions\/537"}],"up":[{"embeddable":true,"href":"https:\/\/www.enjoyslovakiasoul.com\/sk\/wp-json\/wp\/v2\/pages\/11"}],"wp:attachment":[{"href":"https:\/\/www.enjoyslovakiasoul.com\/sk\/wp-json\/wp\/v2\/media?parent=69"}],"curies":[{"name":"wp","href":"https:\/\/api.w.org\/{rel}","templated":true}]}}