
{"id":7,"date":"2011-05-16T07:32:28","date_gmt":"2011-05-16T07:32:28","guid":{"rendered":"http:\/\/www.enjoyslovakiasoul.com\/?page_id=7"},"modified":"2013-04-14T22:06:04","modified_gmt":"2013-04-14T22:06:04","slug":"about-us","status":"publish","type":"page","link":"https:\/\/www.enjoyslovakiasoul.com\/sk\/","title":{"rendered":"\u00davod"},"content":{"rendered":"<p><\/p>\n<div style=\"text-align: center;\">\n<p>&nbsp;<\/p>\n<div id=\"_rtBadge447\"><a href=\"http:\/\/www.responsibletravel.com\/member\/2843\/enjoy-slovakia-tours\">responsibletravel recommends EST Frontier Slovakia<\/a><\/div>\n<div>\n<p><span style=\"color: #000000;\">Vitajte na str\u00e1nke <\/span><em><strong><span style=\"color: #000000;\">EST frontier Slovakia<\/span><\/strong><\/em><span style=\"color: #000000;\">, cestovnej agent\u00fary,\u00a0ktor\u00e1 v\u00e1m zabezpe\u010d\u00ed\u00a0jedine\u010dn\u00fa\u00a0dovolenku na Slovensku. S \u00a0nami\u00a0nemus\u00edte cestova\u0165 do zahrani\u010dia, aby ste\u00a0za\u017eili\u00a0mnoho\u00a0neopakovate\u013en\u00fdch chv\u00ed\u013e.\u00a0Spoznajte Slovensko, na\u0161u mal\u00fa krajinu\u00a0s\u00a0ve\u013ek\u00fdm\u00a0srdcom,\u00a0nach\u00e1dzaj\u00facu sa v strednej Eur\u00f3pe.\u00a0<\/span><\/p>\n<p style=\"text-align: center;\"><iframe loading=\"lazy\" src=\"http:\/\/www.youtube.com\/embed\/C6doVaI8N9c?hd=1\" frameborder=\"0\" width=\"400\" height=\"233\"><\/iframe><\/p>\n<div style=\"text-align: justify;\"><span style=\"color: #000000;\">Zameriavame sa predov\u0161etk\u00fdm na regi\u00f3ny Orava &amp; Liptov, ktor\u00e9 \u010di u\u017e v zimnom obdob\u00ed alebo po\u010das roka pon\u00fakaj\u00fa v\u0161etky formy \u0161portov\u00fdch aktiv\u00edt.\u00a0 Regi\u00f3ny pon\u00fakaj\u00fa tie najkraj\u0161ie mo\u017enosti turistiky, let bal\u00f3nom, jazdu na koni, cyklistiku a mnoho \u010fal\u0161\u00edch \u0161portov. Vychutnajte si dovolenku pln\u00fa kr\u00e1snych scen\u00e9ri\u00ed, romantiky, panoramatick\u00fdch v\u00fdh\u013eadov na hory, trad\u00edci\u00ed vidi\u00e9ka, kde stretnete miestnych \u013eud\u00ed, zn\u00e1mych svojou pohostinnos\u0165ou. Presk\u00famate hory a krajinu, nav\u0161t\u00edvite miestne atrakcie, Oravsk\u00fd Hrad, m\u00faze\u00e1, pr\u00edrodn\u00e9 term\u00e1lne z\u00e1bavn\u00e9 parky, nav\u0161t\u00edvite tradi\u010dn\u00fd ov\u010d\u00ed sala\u0161, kde uvid\u00edte, ako sa kedysi vyr\u00e1bal syr, ochutn\u00e1te tradi\u010dn\u00e9 miestne jedl\u00e1, dom\u00e1ce brandy, alebo sa s nami z\u00fa\u010dastnite na tradi\u010dnej slovenskej zab\u00edja\u010dke a ochutn\u00e1vke jej \u0161pecial\u00edt, grilova\u010dke so \u017eivou hudbou alebo po\u010fte s nami po stop\u00e1ch Juraja J\u00e1no\u0161\u00edka.<\/span><\/div>\n<address style=\"text-align: center;\"><span style=\"color: #000000;\">EST Frontier Slovakia bude Va\u0161im osobn\u00fdm sprievodcom, ktor\u00fd V\u00e1m zorganizuje program dovolenky pod\u013ea Va\u0161ich predst\u00e1v alebo si vyberte z na\u0161ej \u0161irokej ponuky v\u00fdletov a bal\u00edkov.<\/span><\/address>\n<p style=\"text-align: center;\"><strong><img decoding=\"async\" loading=\"lazy\" class=\"aligncenter\" title=\"2\" src=\"http:\/\/www.enjoyslovakiasoul.com\/wp-content\/uploads\/SACR_logo_EN-150x150.jpg\" alt=\"\" width=\"150\" height=\"150\" \/><\/strong><\/p>\n<\/div>\n<\/div>\n<p><\/p>","protected":false},"excerpt":{"rendered":"<p>&nbsp; responsibletravel recommends EST Frontier Slovakia Vitajte na str\u00e1nke EST frontier Slovakia, cestovnej agent\u00fary,\u00a0ktor\u00e1 v\u00e1m zabezpe\u010d\u00ed\u00a0jedine\u010dn\u00fa\u00a0dovolenku na Slovensku. S \u00a0nami\u00a0nemus\u00edte cestova\u0165 do zahrani\u010dia, aby ste\u00a0za\u017eili\u00a0mnoho\u00a0neopakovate\u013en\u00fdch chv\u00ed\u013e.\u00a0Spoznajte Slovensko, na\u0161u mal\u00fa krajinu\u00a0s\u00a0ve\u013ek\u00fdm\u00a0srdcom,\u00a0nach\u00e1dzaj\u00facu sa v strednej Eur\u00f3pe.\u00a0 Zameriavame sa predov\u0161etk\u00fdm na regi\u00f3ny Orava &amp; Liptov, ktor\u00e9 \u010di u\u017e v zimnom obdob\u00ed alebo po\u010das roka pon\u00fakaj\u00fa v\u0161etky formy \u0161portov\u00fdch [&hellip;]<\/p>\n","protected":false},"author":1,"featured_media":0,"parent":0,"menu_order":0,"comment_status":"open","ping_status":"open","template":"","meta":{"ngg_post_thumbnail":0},"yoast_head":"<!-- This site is optimized with the Yoast SEO plugin v20.3 - https:\/\/yoast.com\/wordpress\/plugins\/seo\/ -->\n<title>\u00davod - EST Frontier Slovakia<\/title>\n<meta name=\"robots\" content=\"index, follow, max-snippet:-1, max-image-preview:large, max-video-preview:-1\" \/>\n<link rel=\"canonical\" href=\"https:\/\/www.enjoyslovakiasoul.com\/\" \/>\n<meta property=\"og:locale\" content=\"sk_SK\" \/>\n<meta property=\"og:type\" content=\"article\" \/>\n<meta property=\"og:title\" content=\"\u00davod - EST Frontier Slovakia\" \/>\n<meta property=\"og:description\" content=\"&nbsp; responsibletravel recommends EST Frontier Slovakia Vitajte na str\u00e1nke EST frontier Slovakia, cestovnej agent\u00fary,\u00a0ktor\u00e1 v\u00e1m zabezpe\u010d\u00ed\u00a0jedine\u010dn\u00fa\u00a0dovolenku na Slovensku. S \u00a0nami\u00a0nemus\u00edte cestova\u0165 do zahrani\u010dia, aby ste\u00a0za\u017eili\u00a0mnoho\u00a0neopakovate\u013en\u00fdch chv\u00ed\u013e.\u00a0Spoznajte Slovensko, na\u0161u mal\u00fa krajinu\u00a0s\u00a0ve\u013ek\u00fdm\u00a0srdcom,\u00a0nach\u00e1dzaj\u00facu sa v strednej Eur\u00f3pe.\u00a0 Zameriavame sa predov\u0161etk\u00fdm na regi\u00f3ny Orava &amp; Liptov, ktor\u00e9 \u010di u\u017e v zimnom obdob\u00ed alebo po\u010das roka pon\u00fakaj\u00fa v\u0161etky formy \u0161portov\u00fdch [&hellip;]\" \/>\n<meta property=\"og:url\" content=\"https:\/\/www.enjoyslovakiasoul.com\/\" \/>\n<meta property=\"og:site_name\" content=\"EST Frontier Slovakia\" \/>\n<meta property=\"article:modified_time\" content=\"2013-04-14T22:06:04+00:00\" \/>\n<meta property=\"og:image\" content=\"http:\/\/www.enjoyslovakiasoul.com\/wp-content\/uploads\/SACR_logo_EN-150x150.jpg\" \/>\n<meta name=\"twitter:card\" content=\"summary_large_image\" \/>\n<meta name=\"twitter:label1\" content=\"Predpokladan\u00fd \u010das \u010d\u00edtania\" \/>\n\t<meta name=\"twitter:data1\" content=\"3 min\u00faty\" \/>\n<script type=\"application\/ld+json\" class=\"yoast-schema-graph\">{\"@context\":\"https:\/\/schema.org\",\"@graph\":[{\"@type\":\"WebPage\",\"@id\":\"https:\/\/www.enjoyslovakiasoul.com\/\",\"url\":\"https:\/\/www.enjoyslovakiasoul.com\/\",\"name\":\"\u00davod - EST Frontier Slovakia\",\"isPartOf\":{\"@id\":\"https:\/\/www.enjoyslovakiasoul.com\/#website\"},\"datePublished\":\"2011-05-16T07:32:28+00:00\",\"dateModified\":\"2013-04-14T22:06:04+00:00\",\"breadcrumb\":{\"@id\":\"https:\/\/www.enjoyslovakiasoul.com\/#breadcrumb\"},\"inLanguage\":\"sk-SK\",\"potentialAction\":[{\"@type\":\"ReadAction\",\"target\":[\"https:\/\/www.enjoyslovakiasoul.com\/\"]}]},{\"@type\":\"BreadcrumbList\",\"@id\":\"https:\/\/www.enjoyslovakiasoul.com\/#breadcrumb\",\"itemListElement\":[{\"@type\":\"ListItem\",\"position\":1,\"name\":\"Home\",\"item\":\"https:\/\/www.enjoyslovakiasoul.com\/\"},{\"@type\":\"ListItem\",\"position\":2,\"name\":\"Home\"}]},{\"@type\":\"WebSite\",\"@id\":\"https:\/\/www.enjoyslovakiasoul.com\/#website\",\"url\":\"https:\/\/www.enjoyslovakiasoul.com\/\",\"name\":\"EST Frontier Slovakia\",\"description\":\"Fun, Relax, Adventure\",\"potentialAction\":[{\"@type\":\"SearchAction\",\"target\":{\"@type\":\"EntryPoint\",\"urlTemplate\":\"https:\/\/www.enjoyslovakiasoul.com\/?s={search_term_string}\"},\"query-input\":\"required name=search_term_string\"}],\"inLanguage\":\"sk-SK\"}]}<\/script>\n<!-- \/ Yoast SEO plugin. -->","yoast_head_json":{"title":"\u00davod - EST Frontier Slovakia","robots":{"index":"index","follow":"follow","max-snippet":"max-snippet:-1","max-image-preview":"max-image-preview:large","max-video-preview":"max-video-preview:-1"},"canonical":"https:\/\/www.enjoyslovakiasoul.com\/","og_locale":"sk_SK","og_type":"article","og_title":"\u00davod - EST Frontier Slovakia","og_description":"&nbsp; responsibletravel recommends EST Frontier Slovakia Vitajte na str\u00e1nke EST frontier Slovakia, cestovnej agent\u00fary,\u00a0ktor\u00e1 v\u00e1m zabezpe\u010d\u00ed\u00a0jedine\u010dn\u00fa\u00a0dovolenku na Slovensku. S \u00a0nami\u00a0nemus\u00edte cestova\u0165 do zahrani\u010dia, aby ste\u00a0za\u017eili\u00a0mnoho\u00a0neopakovate\u013en\u00fdch chv\u00ed\u013e.\u00a0Spoznajte Slovensko, na\u0161u mal\u00fa krajinu\u00a0s\u00a0ve\u013ek\u00fdm\u00a0srdcom,\u00a0nach\u00e1dzaj\u00facu sa v strednej Eur\u00f3pe.\u00a0 Zameriavame sa predov\u0161etk\u00fdm na regi\u00f3ny Orava &amp; Liptov, ktor\u00e9 \u010di u\u017e v zimnom obdob\u00ed alebo po\u010das roka pon\u00fakaj\u00fa v\u0161etky formy \u0161portov\u00fdch [&hellip;]","og_url":"https:\/\/www.enjoyslovakiasoul.com\/","og_site_name":"EST Frontier Slovakia","article_modified_time":"2013-04-14T22:06:04+00:00","og_image":[{"url":"http:\/\/www.enjoyslovakiasoul.com\/wp-content\/uploads\/SACR_logo_EN-150x150.jpg"}],"twitter_card":"summary_large_image","twitter_misc":{"Predpokladan\u00fd \u010das \u010d\u00edtania":"3 min\u00faty"},"schema":{"@context":"https:\/\/schema.org","@graph":[{"@type":"WebPage","@id":"https:\/\/www.enjoyslovakiasoul.com\/","url":"https:\/\/www.enjoyslovakiasoul.com\/","name":"\u00davod - EST Frontier Slovakia","isPartOf":{"@id":"https:\/\/www.enjoyslovakiasoul.com\/#website"},"datePublished":"2011-05-16T07:32:28+00:00","dateModified":"2013-04-14T22:06:04+00:00","breadcrumb":{"@id":"https:\/\/www.enjoyslovakiasoul.com\/#breadcrumb"},"inLanguage":"sk-SK","potentialAction":[{"@type":"ReadAction","target":["https:\/\/www.enjoyslovakiasoul.com\/"]}]},{"@type":"BreadcrumbList","@id":"https:\/\/www.enjoyslovakiasoul.com\/#breadcrumb","itemListElement":[{"@type":"ListItem","position":1,"name":"Home","item":"https:\/\/www.enjoyslovakiasoul.com\/"},{"@type":"ListItem","position":2,"name":"Home"}]},{"@type":"WebSite","@id":"https:\/\/www.enjoyslovakiasoul.com\/#website","url":"https:\/\/www.enjoyslovakiasoul.com\/","name":"EST Frontier Slovakia","description":"Fun, Relax, Adventure","potentialAction":[{"@type":"SearchAction","target":{"@type":"EntryPoint","urlTemplate":"https:\/\/www.enjoyslovakiasoul.com\/?s={search_term_string}"},"query-input":"required name=search_term_string"}],"inLanguage":"sk-SK"}]}},"_links":{"self":[{"href":"https:\/\/www.enjoyslovakiasoul.com\/sk\/wp-json\/wp\/v2\/pages\/7"}],"collection":[{"href":"https:\/\/www.enjoyslovakiasoul.com\/sk\/wp-json\/wp\/v2\/pages"}],"about":[{"href":"https:\/\/www.enjoyslovakiasoul.com\/sk\/wp-json\/wp\/v2\/types\/page"}],"author":[{"embeddable":true,"href":"https:\/\/www.enjoyslovakiasoul.com\/sk\/wp-json\/wp\/v2\/users\/1"}],"replies":[{"embeddable":true,"href":"https:\/\/www.enjoyslovakiasoul.com\/sk\/wp-json\/wp\/v2\/comments?post=7"}],"version-history":[{"count":286,"href":"https:\/\/www.enjoyslovakiasoul.com\/sk\/wp-json\/wp\/v2\/pages\/7\/revisions"}],"predecessor-version":[{"id":93,"href":"https:\/\/www.enjoyslovakiasoul.com\/sk\/wp-json\/wp\/v2\/pages\/7\/revisions\/93"}],"wp:attachment":[{"href":"https:\/\/www.enjoyslovakiasoul.com\/sk\/wp-json\/wp\/v2\/media?parent=7"}],"curies":[{"name":"wp","href":"https:\/\/api.w.org\/{rel}","templated":true}]}}