
{"id":71,"date":"2011-05-16T08:29:38","date_gmt":"2011-05-16T08:29:38","guid":{"rendered":"http:\/\/www.enjoyslovakiasoul.com\/?page_id=71"},"modified":"2012-08-25T15:29:17","modified_gmt":"2012-08-25T15:29:17","slug":"hrnciarstvo","status":"publish","type":"page","link":"https:\/\/www.enjoyslovakiasoul.com\/sk\/traditional-crafts-arts\/hrnciarstvo\/","title":{"rendered":"Hrn\u010diarstvo"},"content":{"rendered":"<p><a href=\"http:\/\/www.enjoyslovakiasoul.com\/wp-content\/uploads\/Zmena8.jpg\"><img decoding=\"async\" loading=\"lazy\" class=\"aligncenter\" title=\"Tradition\" src=\"http:\/\/www.enjoyslovakiasoul.com\/wp-content\/uploads\/Zmena8.jpg\" alt=\"\" width=\"615\" height=\"133\" \/><\/a><strong> <\/strong><\/p>\n<address style=\"text-align: justify;\"><span style=\"color: #99cc00;\"><span style=\"color: #000000;\">S EST Frontier Slovakia si vychutnajte nezabudnute\u013en\u00fd z\u00e1\u017eitok z najstar\u0161ieho remesla na Slovensku- hrn\u010diarstva. Sadnite si za hrn\u010diarsky kruh a vytvorte si vlastn\u00fa v\u00e1zu. Sk\u00fasen\u00fd hrn\u010diar V\u00e1m v\u0161etko potrebn\u00e9 vysvetl\u00ed a uk\u00e1\u017ee, a\u017e si budete m\u00f4c\u0165 so sebou odnies\u0165 svoj vlastn\u00fd v\u00fdrobok.\u00a0Vyberte si jeden z na\u0161\u00edch v\u00fdletov:<\/span>\u00a0<a title=\"Kombinovan\u00fd v\u00fdlet\" href=\"http:\/\/www.enjoyslovakiasoul.com\/enjoy-tours\/seightseeing-turs\/combined-tours?lang=sk\" target=\"_blank\">Kombinovan\u00fd v\u00fdlet<\/a>,\u00a0<a title=\"To najkraj\u0161ie zo Slovenska\" href=\"http:\/\/www.enjoyslovakiasoul.com\/enjoy-tours\/seightseeing-turs\/the-best-orava-tour?lang=sk\" target=\"_blank\">To najkraj\u0161ie zo Slovenska<\/a>,\u00a0<a title=\"To najkraj\u0161ie z Oravy\" href=\"http:\/\/www.enjoyslovakiasoul.com\/enjoy-tours\/seightseeing-turs\/the-best-slovakia-tours?lang=sk\" target=\"_blank\">To najkraj\u0161ie z Oravy<\/a>,\u00a0<a title=\"Rodinn\u00fd v\u00fdlet pln\u00fd dobrodru\u017estva\" href=\"http:\/\/www.enjoyslovakiasoul.com\/family-adventure-tours?lang=sk\" target=\"_blank\">Rodinn\u00fd v\u00fdlet pln\u00fd dobrodru\u017estva<\/a>,\u00a0<a title=\"V\u00fdlet po hradoch\" href=\"http:\/\/www.enjoyslovakiasoul.com\/enjoy-tours\/seightseeing-turs\/castle-tour?lang=sk\" target=\"_blank\">V\u00fdlet po hradoch<\/a>,\u00a0<a title=\"Cyklistick\u00fd v\u00fdlet\" href=\"http:\/\/www.enjoyslovakiasoul.com\/enjoy-tours\/cycling-tours\/7-days-cycling-tours?lang=sk\" target=\"_blank\">Cyklistick\u00fd v\u00fdlet<\/a>.<\/span><\/address>\n<address style=\"text-align: justify;\">\u00a0<\/address>\n<address style=\"text-align: center;\">\u00a0<\/address>\n<p style=\"text-align: left;\"><a href=\"http:\/\/www.enjoyslovakiasoul.com\/wp-content\/uploads\/happy-potter2.jpg\"><img decoding=\"async\" loading=\"lazy\" class=\"alignleft\" title=\"happy potter\" src=\"http:\/\/www.enjoyslovakiasoul.com\/wp-content\/uploads\/happy-potter2-150x150.jpg\" alt=\"\" width=\"150\" height=\"150\" \/><\/a><span class=\"Apple-style-span\" style=\"color: #99cc00; font-size: 20px; font-weight: bold;\"><strong>Hrn\u010diarstvo na Slovensku<\/strong><\/span><\/p>\n<p style=\"text-align: justify;\"><strong>EST Frontier Slovakia <\/strong>V\u00e1s prevedie trad\u00edciami hrn\u010diarstva cez mnoh\u00e9 regi\u00f3ny.\u00a0Najstar\u0161\u00ed p\u00edsomn\u00fd doklad o hrn\u010diarstve poch\u00e1dza z roku 1416<strong>\u00a0<\/strong>z<strong>Pozdi\u0161oviec<\/strong>. Prv\u00fd\u00a0<strong>hrn\u010diarsky cech<\/strong>\u00a0na \u00fazem\u00ed dne\u0161n\u00e9ho Slovenska vznikol v roku 1475 v\u00a0<strong>Bardejove<\/strong>.\u00a0Rozkvet hrn\u010diarstva s\u00favisel s praktick\u00fdmi potrebami vidieckych dom\u00e1cnost\u00ed, pre ktor\u00e9 hrn\u010diari vyr\u00e1bali r\u00f4zne druhy \u00fa\u017eitkov\u00e9ho riadu. Hrn\u010diari pracovali najm\u00e4 v zime a svoj tovar pred\u00e1vali na trhoch a jarmokoch.\u00a0Pr\u00edchodom hab\u00e1nov na z\u00e1padn\u00e9 Slovensko sa za\u010dala rozv\u00edja\u0165 v\u00fdroba\u00a0<strong>fajansov\u00e9ho riadu<\/strong>. Na t\u00fato trad\u00edciu nadviazala v\u00fdroba keramiky na z\u00e1padnom Slovensku, zn\u00e1ma je napr\u00edklad\u00a0<strong>hol\u00ed\u010dska fajansa<\/strong>.<\/p>\n<p style=\"text-align: justify;\">Z viacer\u00fdch stred\u00edsk \u013eudov\u00e9ho hrn\u010diarstva postupne vznikli centr\u00e1 keramiky, z ktor\u00fdch k najzn\u00e1mej\u0161\u00edm patrila\u00a0<strong>Modra<\/strong>(majolika), Pozdi\u0161ovce, Dechtice, Sekule a Dobr\u00e1 Voda. Mnoh\u00e9 sa udr\u017eali dodnes. V Modre je mo\u017en\u00e9 nav\u0161t\u00edvi\u0165 fabriku na v\u00fdrobu majoliky a vysk\u00fa\u0161a\u0165 si vyrobi\u0165 i vlastn\u00fd v\u00fdrobok. \u00a0V roku\u00a0<strong>1883\u00a0<\/strong>tu zalo\u017eili keramick\u00fa diel\u0148u a \u0161kolu, v trad\u00edcii ktorej pokra\u010duje\u00a0<strong>Slovensk\u00e1 \u013eudov\u00e1 majolika<\/strong>. Modransk\u00e1 majolika s osobit\u00fdm ma\u013eovan\u00fdm vzorom, ktorej uk\u00e1\u017eky si mo\u017eno zak\u00fapi\u0165 v miestnom z\u00e1vode, je dodnes \u017eiadan\u00e1 a vyh\u013ead\u00e1van\u00e1 \u010faleko za hranicami Slovenska.<\/p>\n<p style=\"text-align: justify;\">Viac o hrn\u010diarstve \u010d\u00edtajte\u00a0<a title=\"Hrnciarstvo\" href=\"http:\/\/www.enjoyslovakiasoul.com\/read-more-about-pottery-craft\" target=\"_blank\">tu<\/a>.<span class=\"Apple-style-span\" style=\"font-style: italic;\">\u00a0<\/span><\/p>\n<address style=\"text-align: justify;\">\u00a0<\/address>\n<address style=\"text-align: justify;\"><span style=\"color: #000000;\">Ak m\u00e1te\u00a0z\u00e1ujem\u00a0o hrn\u010diarsky kurz \u010di individu\u00e1lany v\u00fdlet za spozn\u00e1van\u00edm hrn\u010diarskeho remesla alebo m\u00e1te ak\u00e9ko\u013evek ot\u00e1zky,\u00a0nev\u00e1hajte\u00a0n\u00e1s kontaktova\u0165 telefonicky: +421\u00a0904\u00a0292 468 alebo na:<\/span>\u00a0<a title=\"Kontaktujte n\u00e1s tu\" href=\"http:\/\/www.enjoyslovakiasoul.com\/contact?lang=sk\" target=\"_blank\">info@enjoyslovakiasoul.com<\/a>.<\/address>\n<p style=\"text-align: left;\"><strong><\/p>\n<p><\/strong><\/p>\n<p><\/p>","protected":false},"excerpt":{"rendered":"<p>S EST Frontier Slovakia si vychutnajte nezabudnute\u013en\u00fd z\u00e1\u017eitok z najstar\u0161ieho remesla na Slovensku- hrn\u010diarstva. Sadnite si za hrn\u010diarsky kruh a vytvorte si vlastn\u00fa v\u00e1zu. Sk\u00fasen\u00fd hrn\u010diar V\u00e1m v\u0161etko potrebn\u00e9 vysvetl\u00ed a uk\u00e1\u017ee, a\u017e si budete m\u00f4c\u0165 so sebou odnies\u0165 svoj vlastn\u00fd v\u00fdrobok.\u00a0Vyberte si jeden z na\u0161\u00edch v\u00fdletov:\u00a0Kombinovan\u00fd v\u00fdlet,\u00a0To najkraj\u0161ie zo Slovenska,\u00a0To najkraj\u0161ie z Oravy,\u00a0Rodinn\u00fd v\u00fdlet [&hellip;]<\/p>\n","protected":false},"author":1,"featured_media":0,"parent":11,"menu_order":0,"comment_status":"open","ping_status":"closed","template":"","meta":{"ngg_post_thumbnail":0},"yoast_head":"<!-- This site is optimized with the Yoast SEO plugin v20.3 - https:\/\/yoast.com\/wordpress\/plugins\/seo\/ -->\n<title>Hrn\u010diarstvo - EST Frontier Slovakia<\/title>\n<meta name=\"robots\" content=\"index, follow, max-snippet:-1, max-image-preview:large, max-video-preview:-1\" \/>\n<link rel=\"canonical\" href=\"https:\/\/www.enjoyslovakiasoul.com\/traditional-crafts-arts\/hrnciarstvo\/\" \/>\n<meta property=\"og:locale\" content=\"sk_SK\" \/>\n<meta property=\"og:type\" content=\"article\" \/>\n<meta property=\"og:title\" content=\"Hrn\u010diarstvo - EST Frontier Slovakia\" \/>\n<meta property=\"og:description\" content=\"S EST Frontier Slovakia si vychutnajte nezabudnute\u013en\u00fd z\u00e1\u017eitok z najstar\u0161ieho remesla na Slovensku- hrn\u010diarstva. Sadnite si za hrn\u010diarsky kruh a vytvorte si vlastn\u00fa v\u00e1zu. Sk\u00fasen\u00fd hrn\u010diar V\u00e1m v\u0161etko potrebn\u00e9 vysvetl\u00ed a uk\u00e1\u017ee, a\u017e si budete m\u00f4c\u0165 so sebou odnies\u0165 svoj vlastn\u00fd v\u00fdrobok.\u00a0Vyberte si jeden z na\u0161\u00edch v\u00fdletov:\u00a0Kombinovan\u00fd v\u00fdlet,\u00a0To najkraj\u0161ie zo Slovenska,\u00a0To najkraj\u0161ie z Oravy,\u00a0Rodinn\u00fd v\u00fdlet [&hellip;]\" \/>\n<meta property=\"og:url\" content=\"https:\/\/www.enjoyslovakiasoul.com\/traditional-crafts-arts\/hrnciarstvo\/\" \/>\n<meta property=\"og:site_name\" content=\"EST Frontier Slovakia\" \/>\n<meta property=\"article:modified_time\" content=\"2012-08-25T15:29:17+00:00\" \/>\n<meta property=\"og:image\" content=\"http:\/\/www.enjoyslovakiasoul.com\/wp-content\/uploads\/Zmena8.jpg\" \/>\n<meta name=\"twitter:card\" content=\"summary_large_image\" \/>\n<meta name=\"twitter:label1\" content=\"Predpokladan\u00fd \u010das \u010d\u00edtania\" \/>\n\t<meta name=\"twitter:data1\" content=\"3 min\u00faty\" \/>\n<script type=\"application\/ld+json\" class=\"yoast-schema-graph\">{\"@context\":\"https:\/\/schema.org\",\"@graph\":[{\"@type\":\"WebPage\",\"@id\":\"https:\/\/www.enjoyslovakiasoul.com\/traditional-crafts-arts\/hrnciarstvo\/\",\"url\":\"https:\/\/www.enjoyslovakiasoul.com\/traditional-crafts-arts\/hrnciarstvo\/\",\"name\":\"Hrn\u010diarstvo - EST Frontier Slovakia\",\"isPartOf\":{\"@id\":\"https:\/\/www.enjoyslovakiasoul.com\/#website\"},\"datePublished\":\"2011-05-16T08:29:38+00:00\",\"dateModified\":\"2012-08-25T15:29:17+00:00\",\"breadcrumb\":{\"@id\":\"https:\/\/www.enjoyslovakiasoul.com\/traditional-crafts-arts\/hrnciarstvo\/#breadcrumb\"},\"inLanguage\":\"sk-SK\",\"potentialAction\":[{\"@type\":\"ReadAction\",\"target\":[\"https:\/\/www.enjoyslovakiasoul.com\/traditional-crafts-arts\/hrnciarstvo\/\"]}]},{\"@type\":\"BreadcrumbList\",\"@id\":\"https:\/\/www.enjoyslovakiasoul.com\/traditional-crafts-arts\/hrnciarstvo\/#breadcrumb\",\"itemListElement\":[{\"@type\":\"ListItem\",\"position\":1,\"name\":\"Home\",\"item\":\"https:\/\/www.enjoyslovakiasoul.com\/\"},{\"@type\":\"ListItem\",\"position\":2,\"name\":\"Slovak Heritage\",\"item\":\"https:\/\/www.enjoyslovakiasoul.com\/traditional-crafts-arts\/\"},{\"@type\":\"ListItem\",\"position\":3,\"name\":\"Pottery Craft\"}]},{\"@type\":\"WebSite\",\"@id\":\"https:\/\/www.enjoyslovakiasoul.com\/#website\",\"url\":\"https:\/\/www.enjoyslovakiasoul.com\/\",\"name\":\"EST Frontier Slovakia\",\"description\":\"Fun, Relax, Adventure\",\"potentialAction\":[{\"@type\":\"SearchAction\",\"target\":{\"@type\":\"EntryPoint\",\"urlTemplate\":\"https:\/\/www.enjoyslovakiasoul.com\/?s={search_term_string}\"},\"query-input\":\"required name=search_term_string\"}],\"inLanguage\":\"sk-SK\"}]}<\/script>\n<!-- \/ Yoast SEO plugin. -->","yoast_head_json":{"title":"Hrn\u010diarstvo - EST Frontier Slovakia","robots":{"index":"index","follow":"follow","max-snippet":"max-snippet:-1","max-image-preview":"max-image-preview:large","max-video-preview":"max-video-preview:-1"},"canonical":"https:\/\/www.enjoyslovakiasoul.com\/traditional-crafts-arts\/hrnciarstvo\/","og_locale":"sk_SK","og_type":"article","og_title":"Hrn\u010diarstvo - EST Frontier Slovakia","og_description":"S EST Frontier Slovakia si vychutnajte nezabudnute\u013en\u00fd z\u00e1\u017eitok z najstar\u0161ieho remesla na Slovensku- hrn\u010diarstva. Sadnite si za hrn\u010diarsky kruh a vytvorte si vlastn\u00fa v\u00e1zu. Sk\u00fasen\u00fd hrn\u010diar V\u00e1m v\u0161etko potrebn\u00e9 vysvetl\u00ed a uk\u00e1\u017ee, a\u017e si budete m\u00f4c\u0165 so sebou odnies\u0165 svoj vlastn\u00fd v\u00fdrobok.\u00a0Vyberte si jeden z na\u0161\u00edch v\u00fdletov:\u00a0Kombinovan\u00fd v\u00fdlet,\u00a0To najkraj\u0161ie zo Slovenska,\u00a0To najkraj\u0161ie z Oravy,\u00a0Rodinn\u00fd v\u00fdlet [&hellip;]","og_url":"https:\/\/www.enjoyslovakiasoul.com\/traditional-crafts-arts\/hrnciarstvo\/","og_site_name":"EST Frontier Slovakia","article_modified_time":"2012-08-25T15:29:17+00:00","og_image":[{"url":"http:\/\/www.enjoyslovakiasoul.com\/wp-content\/uploads\/Zmena8.jpg"}],"twitter_card":"summary_large_image","twitter_misc":{"Predpokladan\u00fd \u010das \u010d\u00edtania":"3 min\u00faty"},"schema":{"@context":"https:\/\/schema.org","@graph":[{"@type":"WebPage","@id":"https:\/\/www.enjoyslovakiasoul.com\/traditional-crafts-arts\/hrnciarstvo\/","url":"https:\/\/www.enjoyslovakiasoul.com\/traditional-crafts-arts\/hrnciarstvo\/","name":"Hrn\u010diarstvo - EST Frontier Slovakia","isPartOf":{"@id":"https:\/\/www.enjoyslovakiasoul.com\/#website"},"datePublished":"2011-05-16T08:29:38+00:00","dateModified":"2012-08-25T15:29:17+00:00","breadcrumb":{"@id":"https:\/\/www.enjoyslovakiasoul.com\/traditional-crafts-arts\/hrnciarstvo\/#breadcrumb"},"inLanguage":"sk-SK","potentialAction":[{"@type":"ReadAction","target":["https:\/\/www.enjoyslovakiasoul.com\/traditional-crafts-arts\/hrnciarstvo\/"]}]},{"@type":"BreadcrumbList","@id":"https:\/\/www.enjoyslovakiasoul.com\/traditional-crafts-arts\/hrnciarstvo\/#breadcrumb","itemListElement":[{"@type":"ListItem","position":1,"name":"Home","item":"https:\/\/www.enjoyslovakiasoul.com\/"},{"@type":"ListItem","position":2,"name":"Slovak Heritage","item":"https:\/\/www.enjoyslovakiasoul.com\/traditional-crafts-arts\/"},{"@type":"ListItem","position":3,"name":"Pottery Craft"}]},{"@type":"WebSite","@id":"https:\/\/www.enjoyslovakiasoul.com\/#website","url":"https:\/\/www.enjoyslovakiasoul.com\/","name":"EST Frontier Slovakia","description":"Fun, Relax, Adventure","potentialAction":[{"@type":"SearchAction","target":{"@type":"EntryPoint","urlTemplate":"https:\/\/www.enjoyslovakiasoul.com\/?s={search_term_string}"},"query-input":"required name=search_term_string"}],"inLanguage":"sk-SK"}]}},"_links":{"self":[{"href":"https:\/\/www.enjoyslovakiasoul.com\/sk\/wp-json\/wp\/v2\/pages\/71"}],"collection":[{"href":"https:\/\/www.enjoyslovakiasoul.com\/sk\/wp-json\/wp\/v2\/pages"}],"about":[{"href":"https:\/\/www.enjoyslovakiasoul.com\/sk\/wp-json\/wp\/v2\/types\/page"}],"author":[{"embeddable":true,"href":"https:\/\/www.enjoyslovakiasoul.com\/sk\/wp-json\/wp\/v2\/users\/1"}],"replies":[{"embeddable":true,"href":"https:\/\/www.enjoyslovakiasoul.com\/sk\/wp-json\/wp\/v2\/comments?post=71"}],"version-history":[{"count":57,"href":"https:\/\/www.enjoyslovakiasoul.com\/sk\/wp-json\/wp\/v2\/pages\/71\/revisions"}],"predecessor-version":[{"id":548,"href":"https:\/\/www.enjoyslovakiasoul.com\/sk\/wp-json\/wp\/v2\/pages\/71\/revisions\/548"}],"up":[{"embeddable":true,"href":"https:\/\/www.enjoyslovakiasoul.com\/sk\/wp-json\/wp\/v2\/pages\/11"}],"wp:attachment":[{"href":"https:\/\/www.enjoyslovakiasoul.com\/sk\/wp-json\/wp\/v2\/media?parent=71"}],"curies":[{"name":"wp","href":"https:\/\/api.w.org\/{rel}","templated":true}]}}