
{"id":75,"date":"2011-05-16T08:30:45","date_gmt":"2011-05-16T08:30:45","guid":{"rendered":"http:\/\/www.enjoyslovakiasoul.com\/?page_id=75"},"modified":"2012-08-25T15:36:23","modified_gmt":"2012-08-25T15:36:23","slug":"kosikarstvo","status":"publish","type":"page","link":"https:\/\/www.enjoyslovakiasoul.com\/sk\/traditional-crafts-arts\/kosikarstvo\/","title":{"rendered":"Ko\u0161ik\u00e1rstvo"},"content":{"rendered":"<p><a href=\"http:\/\/www.enjoyslovakiasoul.com\/wp-content\/uploads\/Zmena9.jpg\"><img decoding=\"async\" loading=\"lazy\" class=\"aligncenter\" title=\"Traditional Craft\" src=\"http:\/\/www.enjoyslovakiasoul.com\/wp-content\/uploads\/Zmena9.jpg\" alt=\"\" width=\"615\" height=\"150\" \/><\/a><\/p>\n<address style=\"text-align: justify;\"><span style=\"color: #99cc00;\"><span style=\"color: #000000;\">Ak pl\u00e1nujete nav\u0161t\u00edvi\u0165 Slovensko, spoznajte s nami jedno z najstar\u0161\u00edch tradi\u010dn\u00fdch \u013eudov\u00fdch remesiel- ko\u0161ik\u00e1rstvo. Toto je len jedno z\u00a0mnoh\u00fdch remesiel, ktor\u00e9 by sme v\u00e1m radi predstavili. Preto\u017ee s nami star\u00e9 trad\u00edcie o\u017e\u00edvaj\u00fa v tradi\u010dnej slovenskej atmosf\u00e9re.\u00a0Vyberte si jeden z na\u0161\u00edch v\u00fdletov:<\/span>\u00a0<a title=\"Kombinovan\u00fd v\u00fdlet\" href=\"http:\/\/www.enjoyslovakiasoul.com\/enjoy-tours\/seightseeing-turs\/combined-tours?lang=sk\" target=\"_blank\">Kombinovan\u00fd v\u00fdlet<\/a>,\u00a0<a title=\"To najkraj\u0161ie zo Slovenska\" href=\"http:\/\/www.enjoyslovakiasoul.com\/enjoy-tours\/seightseeing-turs\/the-best-orava-tour?lang=sk\" target=\"_blank\">To najkraj\u0161ie zo Slovenska<\/a>,\u00a0<a title=\"To najkraj\u0161ie z Oravy\" href=\"http:\/\/www.enjoyslovakiasoul.com\/enjoy-tours\/seightseeing-turs\/the-best-slovakia-tours?lang=sk\" target=\"_blank\">To najkraj\u0161ie z Oravy<\/a>,\u00a0<a title=\"Rodinn\u00fd v\u00fdlet pln\u00fd dobrodru\u017estva\" href=\"http:\/\/www.enjoyslovakiasoul.com\/family-adventure-tours?lang=sk\" target=\"_blank\">Rodinn\u00fd v\u00fdlet pln\u00fd dobrodru\u017estva<\/a>,\u00a0<a title=\"V\u00fdlet po hradoch\" href=\"http:\/\/www.enjoyslovakiasoul.com\/enjoy-tours\/seightseeing-turs\/castle-tour?lang=sk\" target=\"_blank\">V\u00fdlet po hradoch<\/a>,\u00a0<a title=\"Cyklistick\u00fd v\u00fdlet\" href=\"http:\/\/www.enjoyslovakiasoul.com\/enjoy-tours\/cycling-tours\/7-days-cycling-tours?lang=sk\" target=\"_blank\">Cyklistick\u00fd v\u00fdlet<\/a>.<\/span><\/address>\n<p style=\"text-align: justify;\"><strong><a href=\"http:\/\/www.enjoyslovakiasoul.com\/wp-content\/uploads\/27.jpg\"><img decoding=\"async\" loading=\"lazy\" class=\"alignleft\" title=\"Tradition\" src=\"http:\/\/www.enjoyslovakiasoul.com\/wp-content\/uploads\/27-150x150.jpg\" alt=\"\" width=\"150\" height=\"150\" \/><\/a><\/strong><span class=\"Apple-style-span\" style=\"color: #99cc00; font-size: 20px; font-weight: bold;\"><strong>Ko\u0161ik\u00e1rstvo na Slovensku<\/strong><\/span><\/p>\n<p style=\"text-align: justify;\"><strong>S EST Frontier Slovakia<\/strong><strong> <\/strong>nav\u0161t\u00edvte regi\u00f3ny Slovenska, kde budete m\u00f4c\u0165 obdivova\u0165 ko\u0161ik\u00e1rske dielne a tvorbu majstrov z\u00a0d\u00e1vnych \u010dias, ale aj dielne na\u0161ich novodob\u00fdch umelcov. Vysk\u00fa\u0161ajte si pr\u00e1cu s\u00a0pr\u00fatmi, objavte v\u00a0sebe kreat\u00edvneho ducha, urobte si kr\u00e1tky kurz ko\u0161ik\u00e1rstva, nau\u010dte sa z\u00e1klady pletenia.<\/p>\n<p style=\"text-align: justify;\">Po\u010fte s\u00a0nami na exkurziu do skanzenu drevenej dediny, kde v\u00e1m predvedieme tradi\u010dn\u00e9 remesl\u00e1 ako hrn\u010diarstvo, kov\u00e1\u010dstvo, medovnik\u00e1rstvo, ko\u0161ik\u00e1rstvo, drot\u00e1rstvo, v\u00fdroba plechov\u00fdch zvoncov i r\u00f4znych ozdobn\u00fdch predmetov ako s\u00fa svie\u010dky z v\u010delieho vosku, ma\u013eby na skle. Zabavte sa pri \u017eivej \u013eudovej hudbe na tradi\u010dnej grilova\u010dke, zastavte sa na miestach, kde sa konaj\u00fa ob\u013e\u00faben\u00e9\u00a0 folkl\u00f3rne festivaly, ochutnajte tradi\u010dn\u00e9 slovensk\u00e9 jedl\u00e1 alebo si u\u017e\u00edvajte romantick\u00e9 prostredie a spozn\u00e1vajte kr\u00e1sy na\u0161ej malej ve\u013ekej krajiny.<\/p>\n<address>\u00a0<\/address>\n<address>\u00a0<\/address>\n<address><span style=\"color: #000000;\">Ak m\u00e1te\u00a0z\u00e1ujem \u00a0o ko\u0161\u00edk\u00e1rsky kurz \u010di individu\u00e1lany v\u00fdlet za spozn\u00e1van\u00edm ko\u0161\u00edk\u00e1rskeho remesla alebo m\u00e1te ak\u00e9ko\u013evek ot\u00e1zky,\u00a0nev\u00e1hajte\u00a0n\u00e1s kontaktova\u0165 telefonicky: +421\u00a0904\u00a0292 468 alebo na:<\/span>\u00a0<a title=\"Kontaktujte n\u00e1s tu\" href=\"http:\/\/www.enjoyslovakiasoul.com\/contact?lang=sk\" target=\"_blank\">info@enjoyslovakiasoul.com<\/a>.<\/address>\n<p><\/p>","protected":false},"excerpt":{"rendered":"<p>Ak pl\u00e1nujete nav\u0161t\u00edvi\u0165 Slovensko, spoznajte s nami jedno z najstar\u0161\u00edch tradi\u010dn\u00fdch \u013eudov\u00fdch remesiel- ko\u0161ik\u00e1rstvo. Toto je len jedno z\u00a0mnoh\u00fdch remesiel, ktor\u00e9 by sme v\u00e1m radi predstavili. Preto\u017ee s nami star\u00e9 trad\u00edcie o\u017e\u00edvaj\u00fa v tradi\u010dnej slovenskej atmosf\u00e9re.\u00a0Vyberte si jeden z na\u0161\u00edch v\u00fdletov:\u00a0Kombinovan\u00fd v\u00fdlet,\u00a0To najkraj\u0161ie zo Slovenska,\u00a0To najkraj\u0161ie z Oravy,\u00a0Rodinn\u00fd v\u00fdlet pln\u00fd dobrodru\u017estva,\u00a0V\u00fdlet po hradoch,\u00a0Cyklistick\u00fd v\u00fdlet. Ko\u0161ik\u00e1rstvo [&hellip;]<\/p>\n","protected":false},"author":1,"featured_media":0,"parent":11,"menu_order":0,"comment_status":"open","ping_status":"closed","template":"","meta":{"ngg_post_thumbnail":0},"yoast_head":"<!-- This site is optimized with the Yoast SEO plugin v20.3 - https:\/\/yoast.com\/wordpress\/plugins\/seo\/ -->\n<title>Ko\u0161ik\u00e1rstvo - EST Frontier Slovakia<\/title>\n<meta name=\"robots\" content=\"index, follow, max-snippet:-1, max-image-preview:large, max-video-preview:-1\" \/>\n<link rel=\"canonical\" href=\"https:\/\/www.enjoyslovakiasoul.com\/traditional-crafts-arts\/kosikarstvo\/\" \/>\n<meta property=\"og:locale\" content=\"sk_SK\" \/>\n<meta property=\"og:type\" content=\"article\" \/>\n<meta property=\"og:title\" content=\"Ko\u0161ik\u00e1rstvo - EST Frontier Slovakia\" \/>\n<meta property=\"og:description\" content=\"Ak pl\u00e1nujete nav\u0161t\u00edvi\u0165 Slovensko, spoznajte s nami jedno z najstar\u0161\u00edch tradi\u010dn\u00fdch \u013eudov\u00fdch remesiel- ko\u0161ik\u00e1rstvo. Toto je len jedno z\u00a0mnoh\u00fdch remesiel, ktor\u00e9 by sme v\u00e1m radi predstavili. Preto\u017ee s nami star\u00e9 trad\u00edcie o\u017e\u00edvaj\u00fa v tradi\u010dnej slovenskej atmosf\u00e9re.\u00a0Vyberte si jeden z na\u0161\u00edch v\u00fdletov:\u00a0Kombinovan\u00fd v\u00fdlet,\u00a0To najkraj\u0161ie zo Slovenska,\u00a0To najkraj\u0161ie z Oravy,\u00a0Rodinn\u00fd v\u00fdlet pln\u00fd dobrodru\u017estva,\u00a0V\u00fdlet po hradoch,\u00a0Cyklistick\u00fd v\u00fdlet. Ko\u0161ik\u00e1rstvo [&hellip;]\" \/>\n<meta property=\"og:url\" content=\"https:\/\/www.enjoyslovakiasoul.com\/traditional-crafts-arts\/kosikarstvo\/\" \/>\n<meta property=\"og:site_name\" content=\"EST Frontier Slovakia\" \/>\n<meta property=\"article:modified_time\" content=\"2012-08-25T15:36:23+00:00\" \/>\n<meta property=\"og:image\" content=\"http:\/\/www.enjoyslovakiasoul.com\/wp-content\/uploads\/Zmena9.jpg\" \/>\n<meta name=\"twitter:card\" content=\"summary_large_image\" \/>\n<meta name=\"twitter:label1\" content=\"Predpokladan\u00fd \u010das \u010d\u00edtania\" \/>\n\t<meta name=\"twitter:data1\" content=\"3 min\u00faty\" \/>\n<script type=\"application\/ld+json\" class=\"yoast-schema-graph\">{\"@context\":\"https:\/\/schema.org\",\"@graph\":[{\"@type\":\"WebPage\",\"@id\":\"https:\/\/www.enjoyslovakiasoul.com\/traditional-crafts-arts\/kosikarstvo\/\",\"url\":\"https:\/\/www.enjoyslovakiasoul.com\/traditional-crafts-arts\/kosikarstvo\/\",\"name\":\"Ko\u0161ik\u00e1rstvo - EST Frontier Slovakia\",\"isPartOf\":{\"@id\":\"https:\/\/www.enjoyslovakiasoul.com\/#website\"},\"datePublished\":\"2011-05-16T08:30:45+00:00\",\"dateModified\":\"2012-08-25T15:36:23+00:00\",\"breadcrumb\":{\"@id\":\"https:\/\/www.enjoyslovakiasoul.com\/traditional-crafts-arts\/kosikarstvo\/#breadcrumb\"},\"inLanguage\":\"sk-SK\",\"potentialAction\":[{\"@type\":\"ReadAction\",\"target\":[\"https:\/\/www.enjoyslovakiasoul.com\/traditional-crafts-arts\/kosikarstvo\/\"]}]},{\"@type\":\"BreadcrumbList\",\"@id\":\"https:\/\/www.enjoyslovakiasoul.com\/traditional-crafts-arts\/kosikarstvo\/#breadcrumb\",\"itemListElement\":[{\"@type\":\"ListItem\",\"position\":1,\"name\":\"Home\",\"item\":\"https:\/\/www.enjoyslovakiasoul.com\/\"},{\"@type\":\"ListItem\",\"position\":2,\"name\":\"Slovak Heritage\",\"item\":\"https:\/\/www.enjoyslovakiasoul.com\/traditional-crafts-arts\/\"},{\"@type\":\"ListItem\",\"position\":3,\"name\":\"Basket Weaving\"}]},{\"@type\":\"WebSite\",\"@id\":\"https:\/\/www.enjoyslovakiasoul.com\/#website\",\"url\":\"https:\/\/www.enjoyslovakiasoul.com\/\",\"name\":\"EST Frontier Slovakia\",\"description\":\"Fun, Relax, Adventure\",\"potentialAction\":[{\"@type\":\"SearchAction\",\"target\":{\"@type\":\"EntryPoint\",\"urlTemplate\":\"https:\/\/www.enjoyslovakiasoul.com\/?s={search_term_string}\"},\"query-input\":\"required name=search_term_string\"}],\"inLanguage\":\"sk-SK\"}]}<\/script>\n<!-- \/ Yoast SEO plugin. -->","yoast_head_json":{"title":"Ko\u0161ik\u00e1rstvo - EST Frontier Slovakia","robots":{"index":"index","follow":"follow","max-snippet":"max-snippet:-1","max-image-preview":"max-image-preview:large","max-video-preview":"max-video-preview:-1"},"canonical":"https:\/\/www.enjoyslovakiasoul.com\/traditional-crafts-arts\/kosikarstvo\/","og_locale":"sk_SK","og_type":"article","og_title":"Ko\u0161ik\u00e1rstvo - EST Frontier Slovakia","og_description":"Ak pl\u00e1nujete nav\u0161t\u00edvi\u0165 Slovensko, spoznajte s nami jedno z najstar\u0161\u00edch tradi\u010dn\u00fdch \u013eudov\u00fdch remesiel- ko\u0161ik\u00e1rstvo. Toto je len jedno z\u00a0mnoh\u00fdch remesiel, ktor\u00e9 by sme v\u00e1m radi predstavili. Preto\u017ee s nami star\u00e9 trad\u00edcie o\u017e\u00edvaj\u00fa v tradi\u010dnej slovenskej atmosf\u00e9re.\u00a0Vyberte si jeden z na\u0161\u00edch v\u00fdletov:\u00a0Kombinovan\u00fd v\u00fdlet,\u00a0To najkraj\u0161ie zo Slovenska,\u00a0To najkraj\u0161ie z Oravy,\u00a0Rodinn\u00fd v\u00fdlet pln\u00fd dobrodru\u017estva,\u00a0V\u00fdlet po hradoch,\u00a0Cyklistick\u00fd v\u00fdlet. Ko\u0161ik\u00e1rstvo [&hellip;]","og_url":"https:\/\/www.enjoyslovakiasoul.com\/traditional-crafts-arts\/kosikarstvo\/","og_site_name":"EST Frontier Slovakia","article_modified_time":"2012-08-25T15:36:23+00:00","og_image":[{"url":"http:\/\/www.enjoyslovakiasoul.com\/wp-content\/uploads\/Zmena9.jpg"}],"twitter_card":"summary_large_image","twitter_misc":{"Predpokladan\u00fd \u010das \u010d\u00edtania":"3 min\u00faty"},"schema":{"@context":"https:\/\/schema.org","@graph":[{"@type":"WebPage","@id":"https:\/\/www.enjoyslovakiasoul.com\/traditional-crafts-arts\/kosikarstvo\/","url":"https:\/\/www.enjoyslovakiasoul.com\/traditional-crafts-arts\/kosikarstvo\/","name":"Ko\u0161ik\u00e1rstvo - EST Frontier Slovakia","isPartOf":{"@id":"https:\/\/www.enjoyslovakiasoul.com\/#website"},"datePublished":"2011-05-16T08:30:45+00:00","dateModified":"2012-08-25T15:36:23+00:00","breadcrumb":{"@id":"https:\/\/www.enjoyslovakiasoul.com\/traditional-crafts-arts\/kosikarstvo\/#breadcrumb"},"inLanguage":"sk-SK","potentialAction":[{"@type":"ReadAction","target":["https:\/\/www.enjoyslovakiasoul.com\/traditional-crafts-arts\/kosikarstvo\/"]}]},{"@type":"BreadcrumbList","@id":"https:\/\/www.enjoyslovakiasoul.com\/traditional-crafts-arts\/kosikarstvo\/#breadcrumb","itemListElement":[{"@type":"ListItem","position":1,"name":"Home","item":"https:\/\/www.enjoyslovakiasoul.com\/"},{"@type":"ListItem","position":2,"name":"Slovak Heritage","item":"https:\/\/www.enjoyslovakiasoul.com\/traditional-crafts-arts\/"},{"@type":"ListItem","position":3,"name":"Basket Weaving"}]},{"@type":"WebSite","@id":"https:\/\/www.enjoyslovakiasoul.com\/#website","url":"https:\/\/www.enjoyslovakiasoul.com\/","name":"EST Frontier Slovakia","description":"Fun, Relax, Adventure","potentialAction":[{"@type":"SearchAction","target":{"@type":"EntryPoint","urlTemplate":"https:\/\/www.enjoyslovakiasoul.com\/?s={search_term_string}"},"query-input":"required name=search_term_string"}],"inLanguage":"sk-SK"}]}},"_links":{"self":[{"href":"https:\/\/www.enjoyslovakiasoul.com\/sk\/wp-json\/wp\/v2\/pages\/75"}],"collection":[{"href":"https:\/\/www.enjoyslovakiasoul.com\/sk\/wp-json\/wp\/v2\/pages"}],"about":[{"href":"https:\/\/www.enjoyslovakiasoul.com\/sk\/wp-json\/wp\/v2\/types\/page"}],"author":[{"embeddable":true,"href":"https:\/\/www.enjoyslovakiasoul.com\/sk\/wp-json\/wp\/v2\/users\/1"}],"replies":[{"embeddable":true,"href":"https:\/\/www.enjoyslovakiasoul.com\/sk\/wp-json\/wp\/v2\/comments?post=75"}],"version-history":[{"count":27,"href":"https:\/\/www.enjoyslovakiasoul.com\/sk\/wp-json\/wp\/v2\/pages\/75\/revisions"}],"predecessor-version":[{"id":594,"href":"https:\/\/www.enjoyslovakiasoul.com\/sk\/wp-json\/wp\/v2\/pages\/75\/revisions\/594"}],"up":[{"embeddable":true,"href":"https:\/\/www.enjoyslovakiasoul.com\/sk\/wp-json\/wp\/v2\/pages\/11"}],"wp:attachment":[{"href":"https:\/\/www.enjoyslovakiasoul.com\/sk\/wp-json\/wp\/v2\/media?parent=75"}],"curies":[{"name":"wp","href":"https:\/\/api.w.org\/{rel}","templated":true}]}}