
{"id":79,"date":"2011-05-16T08:33:07","date_gmt":"2011-05-16T08:33:07","guid":{"rendered":"http:\/\/www.enjoyslovakiasoul.com\/?page_id=79"},"modified":"2012-08-25T15:39:28","modified_gmt":"2012-08-25T15:39:28","slug":"tkanie-kobercov","status":"publish","type":"page","link":"https:\/\/www.enjoyslovakiasoul.com\/sk\/traditional-crafts-arts\/tkanie-kobercov\/","title":{"rendered":"Tkanie kobercov"},"content":{"rendered":"<p><\/p>\n<p style=\"text-align: center;\"><a href=\"http:\/\/www.enjoyslovakiasoul.com\/wp-content\/uploads\/Zmena10.jpg\"><img decoding=\"async\" loading=\"lazy\" title=\"Tradition\" src=\"http:\/\/www.enjoyslovakiasoul.com\/wp-content\/uploads\/Zmena10.jpg\" alt=\"\" width=\"615\" height=\"150\" \/><\/a><\/p>\n<address style=\"text-align: justify;\"><span style=\"color: #99cc00;\"><em><span style=\"color: #000000;\">Ak pl\u00e1nujete nav\u0161t\u00edvi\u0165 Slovensko, spoznajte s nami jedno z najstar\u0161\u00edch tradi\u010dn\u00fdch \u013eudov\u00fdch remesiel- tkanie kobercov. Toto je len jedno z\u00a0mnoh\u00fdch remesiel, ktor\u00e9 by sme V\u00e1m radi predstavili. Preto\u017ee s nami star\u00e9 trad\u00edcie o\u017e\u00edvaj\u00fa v tradi\u010dnej slovenskej atmosf\u00e9re.\u00a0Vyberte si jeden z na\u0161\u00edch v\u00fdletov:<\/span><\/em>\u00a0<a title=\"Kombinovan\u00fd v\u00fdlet\" href=\"http:\/\/www.enjoyslovakiasoul.com\/enjoy-tours\/seightseeing-turs\/combined-tours?lang=sk\" target=\"_blank\">Kombinovan\u00fd v\u00fdlet<\/a>,\u00a0<a title=\"To najkraj\u0161ie zo Slovenska\" href=\"http:\/\/www.enjoyslovakiasoul.com\/enjoy-tours\/seightseeing-turs\/the-best-orava-tour?lang=sk\" target=\"_blank\">To najkraj\u0161ie zo Slovenska<\/a>,\u00a0<a title=\"To najkraj\u0161ie z Oravy\" href=\"http:\/\/www.enjoyslovakiasoul.com\/enjoy-tours\/seightseeing-turs\/the-best-slovakia-tours?lang=sk\" target=\"_blank\">To n<em>ajkraj\u0161ie z Oravy<\/em><\/a><em>,\u00a0<a title=\"Rodinn\u00fd v\u00fdlet pln\u00fd dobrodru\u017estva\" href=\"http:\/\/www.enjoyslovakiasoul.com\/family-adventure-tours?lang=sk\" target=\"_blank\">Rodinn\u00fd v\u00fdlet pln\u00fd dobrodru\u017estva<\/a>,\u00a0<a title=\"V\u00fdlet po hradoch\" href=\"http:\/\/www.enjoyslovakiasoul.com\/enjoy-tours\/seightseeing-turs\/castle-tour?lang=sk\" target=\"_blank\">V\u00fdlet po hradoch<\/a>,\u00a0<a title=\"Cyklistick\u00fd v\u00fdlet\" href=\"http:\/\/www.enjoyslovakiasoul.com\/enjoy-tours\/cycling-tours\/7-days-cycling-tours?lang=sk\" target=\"_blank\">Cyklistick\u00fd v\u00fdlet<\/a>.<\/em><\/span><\/address>\n<p><strong><\/p>\n<p><\/strong><\/p>\n<p><strong> <a href=\"http:\/\/www.enjoyslovakiasoul.com\/wp-content\/uploads\/20100828_232643_P1100434-copy.jpg\"><img decoding=\"async\" loading=\"lazy\" class=\"alignleft\" title=\"Traditional Craft\" src=\"http:\/\/www.enjoyslovakiasoul.com\/wp-content\/uploads\/20100828_232643_P1100434-copy-150x150.jpg\" alt=\"\" width=\"150\" height=\"150\" \/><\/a><\/strong><span class=\"Apple-style-span\" style=\"color: #99cc00; font-size: 20px; font-weight: bold;\"><strong><strong>Tk\u00e1\u010dstvo na Slovensku<\/strong><\/strong><\/span><\/p>\n<p style=\"text-align: justify;\"><span class=\"Apple-style-span\" style=\"font-size: 13px; font-weight: normal;\"><strong>S EST Frontier Slovakia<\/strong><strong> <\/strong>nav\u0161t\u00edvte Oravu, kde sa o ru\u010dnom tkan\u00ed kobercov dozviete z historick\u00fdch prame\u0148ov u\u017e z 11. storo\u010dia, kedy si \u013eudia z\u00fatul\u0148ovali svoje skromn\u00e9 pr\u00edbytky kobercami vyroben\u00fdmi zo zbytkov l\u00e1tok a obnosen\u00e9ho \u0161atstva. Pri v\u00fdrobe tak\u00fdchto kobercov sa pou\u017e\u00edvali rovnak\u00e9 stroje ako na v\u00fdrobu pl\u00e1tna. To bolo jedn\u00fdm z najd\u00f4le\u017eitej\u0161\u00edch zdrojov pr\u00edjmov obyvate\u013eov Oravy.<\/span><\/p>\n<p><img decoding=\"async\" loading=\"lazy\" class=\"alignleft\" style=\"border-style: initial; border-color: initial; border-width: 0px;\" title=\"Traditional Craft\" src=\"http:\/\/www.enjoyslovakiasoul.com\/wp-content\/uploads\/wct_106984_m-150x150.jpg\" alt=\"\" width=\"150\" height=\"150\" \/><\/p>\n<address style=\"text-align: justify;\"><span style=\"color: #000000;\">Ak m\u00e1te z\u00e1ujem spozna\u0165 tradi\u010dn\u00e9 existuj\u00face dielne, vysk\u00fa\u0161a\u0165 si pr\u00e1cu s\u00a0krosnami, urobi\u0165 si kurz tkania koberca, nev\u00e1jate n\u00e1s kontaktova\u0165 te<\/span><span style=\"color: #000000;\">lefonicky: +421\u00a0904\u00a0292 468 alebo na:\u00a0<\/span><a title=\"Kontaktujte n\u00e1s tu\" href=\"http:\/\/www.enjoyslovakiasoul.com\/contact?lang=sk\" target=\"_blank\">info@enjoyslovakiasoul.com<\/a>.<\/address>\n<p><\/p>","protected":false},"excerpt":{"rendered":"<p>Ak pl\u00e1nujete nav\u0161t\u00edvi\u0165 Slovensko, spoznajte s nami jedno z najstar\u0161\u00edch tradi\u010dn\u00fdch \u013eudov\u00fdch remesiel- tkanie kobercov. Toto je len jedno z\u00a0mnoh\u00fdch remesiel, ktor\u00e9 by sme V\u00e1m radi predstavili. Preto\u017ee s nami star\u00e9 trad\u00edcie o\u017e\u00edvaj\u00fa v tradi\u010dnej slovenskej atmosf\u00e9re.\u00a0Vyberte si jeden z na\u0161\u00edch v\u00fdletov:\u00a0Kombinovan\u00fd v\u00fdlet,\u00a0To najkraj\u0161ie zo Slovenska,\u00a0To najkraj\u0161ie z Oravy,\u00a0Rodinn\u00fd v\u00fdlet pln\u00fd dobrodru\u017estva,\u00a0V\u00fdlet po hradoch,\u00a0Cyklistick\u00fd v\u00fdlet. [&hellip;]<\/p>\n","protected":false},"author":1,"featured_media":0,"parent":11,"menu_order":0,"comment_status":"open","ping_status":"open","template":"","meta":{"ngg_post_thumbnail":0},"yoast_head":"<!-- This site is optimized with the Yoast SEO plugin v20.3 - https:\/\/yoast.com\/wordpress\/plugins\/seo\/ -->\n<title>Tkanie kobercov - EST Frontier Slovakia<\/title>\n<meta name=\"robots\" content=\"index, follow, max-snippet:-1, max-image-preview:large, max-video-preview:-1\" \/>\n<link rel=\"canonical\" href=\"https:\/\/www.enjoyslovakiasoul.com\/traditional-crafts-arts\/tkanie-kobercov\/\" \/>\n<meta property=\"og:locale\" content=\"sk_SK\" \/>\n<meta property=\"og:type\" content=\"article\" \/>\n<meta property=\"og:title\" content=\"Tkanie kobercov - EST Frontier Slovakia\" \/>\n<meta property=\"og:description\" content=\"Ak pl\u00e1nujete nav\u0161t\u00edvi\u0165 Slovensko, spoznajte s nami jedno z najstar\u0161\u00edch tradi\u010dn\u00fdch \u013eudov\u00fdch remesiel- tkanie kobercov. Toto je len jedno z\u00a0mnoh\u00fdch remesiel, ktor\u00e9 by sme V\u00e1m radi predstavili. Preto\u017ee s nami star\u00e9 trad\u00edcie o\u017e\u00edvaj\u00fa v tradi\u010dnej slovenskej atmosf\u00e9re.\u00a0Vyberte si jeden z na\u0161\u00edch v\u00fdletov:\u00a0Kombinovan\u00fd v\u00fdlet,\u00a0To najkraj\u0161ie zo Slovenska,\u00a0To najkraj\u0161ie z Oravy,\u00a0Rodinn\u00fd v\u00fdlet pln\u00fd dobrodru\u017estva,\u00a0V\u00fdlet po hradoch,\u00a0Cyklistick\u00fd v\u00fdlet. [&hellip;]\" \/>\n<meta property=\"og:url\" content=\"https:\/\/www.enjoyslovakiasoul.com\/traditional-crafts-arts\/tkanie-kobercov\/\" \/>\n<meta property=\"og:site_name\" content=\"EST Frontier Slovakia\" \/>\n<meta property=\"article:modified_time\" content=\"2012-08-25T15:39:28+00:00\" \/>\n<meta property=\"og:image\" content=\"http:\/\/www.enjoyslovakiasoul.com\/wp-content\/uploads\/Zmena10.jpg\" \/>\n<meta name=\"twitter:card\" content=\"summary_large_image\" \/>\n<meta name=\"twitter:label1\" content=\"Predpokladan\u00fd \u010das \u010d\u00edtania\" \/>\n\t<meta name=\"twitter:data1\" content=\"2 min\u00faty\" \/>\n<script type=\"application\/ld+json\" class=\"yoast-schema-graph\">{\"@context\":\"https:\/\/schema.org\",\"@graph\":[{\"@type\":\"WebPage\",\"@id\":\"https:\/\/www.enjoyslovakiasoul.com\/traditional-crafts-arts\/tkanie-kobercov\/\",\"url\":\"https:\/\/www.enjoyslovakiasoul.com\/traditional-crafts-arts\/tkanie-kobercov\/\",\"name\":\"Tkanie kobercov - EST Frontier Slovakia\",\"isPartOf\":{\"@id\":\"https:\/\/www.enjoyslovakiasoul.com\/#website\"},\"datePublished\":\"2011-05-16T08:33:07+00:00\",\"dateModified\":\"2012-08-25T15:39:28+00:00\",\"breadcrumb\":{\"@id\":\"https:\/\/www.enjoyslovakiasoul.com\/traditional-crafts-arts\/tkanie-kobercov\/#breadcrumb\"},\"inLanguage\":\"sk-SK\",\"potentialAction\":[{\"@type\":\"ReadAction\",\"target\":[\"https:\/\/www.enjoyslovakiasoul.com\/traditional-crafts-arts\/tkanie-kobercov\/\"]}]},{\"@type\":\"BreadcrumbList\",\"@id\":\"https:\/\/www.enjoyslovakiasoul.com\/traditional-crafts-arts\/tkanie-kobercov\/#breadcrumb\",\"itemListElement\":[{\"@type\":\"ListItem\",\"position\":1,\"name\":\"Home\",\"item\":\"https:\/\/www.enjoyslovakiasoul.com\/\"},{\"@type\":\"ListItem\",\"position\":2,\"name\":\"Slovak Heritage\",\"item\":\"https:\/\/www.enjoyslovakiasoul.com\/traditional-crafts-arts\/\"},{\"@type\":\"ListItem\",\"position\":3,\"name\":\"Rug Weaving\"}]},{\"@type\":\"WebSite\",\"@id\":\"https:\/\/www.enjoyslovakiasoul.com\/#website\",\"url\":\"https:\/\/www.enjoyslovakiasoul.com\/\",\"name\":\"EST Frontier Slovakia\",\"description\":\"Fun, Relax, Adventure\",\"potentialAction\":[{\"@type\":\"SearchAction\",\"target\":{\"@type\":\"EntryPoint\",\"urlTemplate\":\"https:\/\/www.enjoyslovakiasoul.com\/?s={search_term_string}\"},\"query-input\":\"required name=search_term_string\"}],\"inLanguage\":\"sk-SK\"}]}<\/script>\n<!-- \/ Yoast SEO plugin. -->","yoast_head_json":{"title":"Tkanie kobercov - EST Frontier Slovakia","robots":{"index":"index","follow":"follow","max-snippet":"max-snippet:-1","max-image-preview":"max-image-preview:large","max-video-preview":"max-video-preview:-1"},"canonical":"https:\/\/www.enjoyslovakiasoul.com\/traditional-crafts-arts\/tkanie-kobercov\/","og_locale":"sk_SK","og_type":"article","og_title":"Tkanie kobercov - EST Frontier Slovakia","og_description":"Ak pl\u00e1nujete nav\u0161t\u00edvi\u0165 Slovensko, spoznajte s nami jedno z najstar\u0161\u00edch tradi\u010dn\u00fdch \u013eudov\u00fdch remesiel- tkanie kobercov. Toto je len jedno z\u00a0mnoh\u00fdch remesiel, ktor\u00e9 by sme V\u00e1m radi predstavili. Preto\u017ee s nami star\u00e9 trad\u00edcie o\u017e\u00edvaj\u00fa v tradi\u010dnej slovenskej atmosf\u00e9re.\u00a0Vyberte si jeden z na\u0161\u00edch v\u00fdletov:\u00a0Kombinovan\u00fd v\u00fdlet,\u00a0To najkraj\u0161ie zo Slovenska,\u00a0To najkraj\u0161ie z Oravy,\u00a0Rodinn\u00fd v\u00fdlet pln\u00fd dobrodru\u017estva,\u00a0V\u00fdlet po hradoch,\u00a0Cyklistick\u00fd v\u00fdlet. [&hellip;]","og_url":"https:\/\/www.enjoyslovakiasoul.com\/traditional-crafts-arts\/tkanie-kobercov\/","og_site_name":"EST Frontier Slovakia","article_modified_time":"2012-08-25T15:39:28+00:00","og_image":[{"url":"http:\/\/www.enjoyslovakiasoul.com\/wp-content\/uploads\/Zmena10.jpg"}],"twitter_card":"summary_large_image","twitter_misc":{"Predpokladan\u00fd \u010das \u010d\u00edtania":"2 min\u00faty"},"schema":{"@context":"https:\/\/schema.org","@graph":[{"@type":"WebPage","@id":"https:\/\/www.enjoyslovakiasoul.com\/traditional-crafts-arts\/tkanie-kobercov\/","url":"https:\/\/www.enjoyslovakiasoul.com\/traditional-crafts-arts\/tkanie-kobercov\/","name":"Tkanie kobercov - EST Frontier Slovakia","isPartOf":{"@id":"https:\/\/www.enjoyslovakiasoul.com\/#website"},"datePublished":"2011-05-16T08:33:07+00:00","dateModified":"2012-08-25T15:39:28+00:00","breadcrumb":{"@id":"https:\/\/www.enjoyslovakiasoul.com\/traditional-crafts-arts\/tkanie-kobercov\/#breadcrumb"},"inLanguage":"sk-SK","potentialAction":[{"@type":"ReadAction","target":["https:\/\/www.enjoyslovakiasoul.com\/traditional-crafts-arts\/tkanie-kobercov\/"]}]},{"@type":"BreadcrumbList","@id":"https:\/\/www.enjoyslovakiasoul.com\/traditional-crafts-arts\/tkanie-kobercov\/#breadcrumb","itemListElement":[{"@type":"ListItem","position":1,"name":"Home","item":"https:\/\/www.enjoyslovakiasoul.com\/"},{"@type":"ListItem","position":2,"name":"Slovak Heritage","item":"https:\/\/www.enjoyslovakiasoul.com\/traditional-crafts-arts\/"},{"@type":"ListItem","position":3,"name":"Rug Weaving"}]},{"@type":"WebSite","@id":"https:\/\/www.enjoyslovakiasoul.com\/#website","url":"https:\/\/www.enjoyslovakiasoul.com\/","name":"EST Frontier Slovakia","description":"Fun, Relax, Adventure","potentialAction":[{"@type":"SearchAction","target":{"@type":"EntryPoint","urlTemplate":"https:\/\/www.enjoyslovakiasoul.com\/?s={search_term_string}"},"query-input":"required name=search_term_string"}],"inLanguage":"sk-SK"}]}},"_links":{"self":[{"href":"https:\/\/www.enjoyslovakiasoul.com\/sk\/wp-json\/wp\/v2\/pages\/79"}],"collection":[{"href":"https:\/\/www.enjoyslovakiasoul.com\/sk\/wp-json\/wp\/v2\/pages"}],"about":[{"href":"https:\/\/www.enjoyslovakiasoul.com\/sk\/wp-json\/wp\/v2\/types\/page"}],"author":[{"embeddable":true,"href":"https:\/\/www.enjoyslovakiasoul.com\/sk\/wp-json\/wp\/v2\/users\/1"}],"replies":[{"embeddable":true,"href":"https:\/\/www.enjoyslovakiasoul.com\/sk\/wp-json\/wp\/v2\/comments?post=79"}],"version-history":[{"count":25,"href":"https:\/\/www.enjoyslovakiasoul.com\/sk\/wp-json\/wp\/v2\/pages\/79\/revisions"}],"predecessor-version":[{"id":601,"href":"https:\/\/www.enjoyslovakiasoul.com\/sk\/wp-json\/wp\/v2\/pages\/79\/revisions\/601"}],"up":[{"embeddable":true,"href":"https:\/\/www.enjoyslovakiasoul.com\/sk\/wp-json\/wp\/v2\/pages\/11"}],"wp:attachment":[{"href":"https:\/\/www.enjoyslovakiasoul.com\/sk\/wp-json\/wp\/v2\/media?parent=79"}],"curies":[{"name":"wp","href":"https:\/\/api.w.org\/{rel}","templated":true}]}}