
{"id":81,"date":"2011-05-16T08:33:43","date_gmt":"2011-05-16T08:33:43","guid":{"rendered":"http:\/\/www.enjoyslovakiasoul.com\/?page_id=81"},"modified":"2011-05-20T16:24:01","modified_gmt":"2011-05-20T16:24:01","slug":"vyroba-tradicnych-korbacikov-2-2","status":"publish","type":"page","link":"https:\/\/www.enjoyslovakiasoul.com\/sk\/traditional-crafts-arts\/vyroba-tradicnych-korbacikov-2-2\/","title":{"rendered":"V\u00fdroba tradi\u010dn\u00fdch korb\u00e1\u010dikov"},"content":{"rendered":"<p><\/p>\n<p style=\"text-align: center;\"><a href=\"http:\/\/www.enjoyslovakiasoul.com\/wp-content\/uploads\/Zmena14.jpg\"><img decoding=\"async\" loading=\"lazy\" title=\"Traditional Craft\" src=\"http:\/\/www.enjoyslovakiasoul.com\/wp-content\/uploads\/Zmena14.jpg\" alt=\"\" width=\"615\" height=\"127\" \/><\/a><span style=\"color: #008000;\"><strong>Spoznajte s\u00a0nami trad\u00edciu v\u00fdroby uden\u00fdch syrov\u00fdch korb\u00e1\u010dikov, najzn\u00e1mej\u0161ej slovenskej kulin\u00e1rskej \u0161peciality s\u00a0dlhou trad\u00edciou.<\/strong><\/span><\/p>\n<p>&nbsp;<\/p>\n<p>Ak pl\u00e1nujete nav\u0161t\u00edvi\u0165 na\u0161u mal\u00fa krajinu s\u00a0ve\u013ek\u00fdm srdcom, nazrite spolu s\u00a0nami na vych\u00fdren\u00e9\u00a0 kulin\u00e1rske \u013eudov\u00e9<strong> \u201e<\/strong>remeslo\u201c<strong> v<\/strong><strong>\u00fdroba tradi\u010dn\u00fdch syrov\u00fdch korb\u00e1\u010dikov<\/strong>,  ktor\u00e9 patr\u00ed k\u00a0jedn\u00fdm z najstar\u0161\u00edm a najzn\u00e1mej\u0161\u00edm \u0161pecialit\u00e1m na  Slovensku. Toto je len jedno z\u00a0mnoh\u00fdch trad\u00edci\u00ed, ktor\u00e9 by sme v\u00e1m radi  predstavili, tak nev\u00e1hajte a kontaktujte n\u00e1s. Nechajte na n\u00e1s, aby sme  v\u00e1m zorganizovali tento neopakovate\u013en\u00fd z\u00e1\u017eitok. <strong> <\/strong><\/p>\n<p><strong> <\/strong><\/p>\n<p><strong><a href=\"http:\/\/www.enjoyslovakiasoul.com\/wp-content\/uploads\/Untitled-11.jpg\"><img decoding=\"async\" loading=\"lazy\" class=\"alignleft\" title=\"Traditional Craft\" src=\"http:\/\/www.enjoyslovakiasoul.com\/wp-content\/uploads\/Untitled-11-150x150.jpg\" alt=\"\" width=\"150\" height=\"150\" \/><\/a>S Enjoy Slovakia Tours<\/strong><strong> <\/strong>nav\u0161t\u00edvte  tie najkraj\u0161ie regi\u00f3ny Slovenska, kde budete m\u00f4c\u0165 nie len obdivova\u0165 a  degustova\u0165 tradi\u010dn\u00e9 slovensk\u00e9 korb\u00e1\u010diky, ale sa aj nau\u010di\u0165 a z\u00fa\u010dastni\u0165  pri v\u00fdrobe tejto \u0161peciality, ktor\u00fa spozn\u00e1te len na Slovenskom vidi\u00e9ku.  Vyr\u00e1baj\u00fa sa tradi\u010dn\u00fdm sp\u00f4sobom &#8211; paren\u00edm vykysnut\u00e9ho a \u010diasto\u010dne  prezret\u00e9ho hrudkov\u00e9ho syra v hor\u00facej vode, jeho vy\u0165ahovan\u00edm do tvaru  nit\u00ed, ktor\u00e9 sa tradi\u010dne naz\u00fdvaj\u00fa \u201evojky\u201c s hr\u00fabkou od 2 do 10 mm.  Vytiahnut\u00e9 nite \u2013 vojky sa potom spletaj\u00fa do tvaru korb\u00e1\u010dika. Korb\u00e1\u010diky  zapustili na najm\u00e4 na Orave siln\u00e9 korene. Spolu s bryndzou patria ku  kulin\u00e1rskemu dedi\u010dstvu, ktor\u00e9 u\u017e d\u00e1vno prer\u00e1stlo na\u0161e hranice.<\/p>\n<p>Zabavte sa so \u017eivou \u013eudovou hudbou, zastavte sa na mieste, kde sa  konaj\u00fa ob\u013euben\u00e9\u00a0 folkl\u00f3rne festivaly, ok\u00faste tradi\u010dn\u00e9 slovensk\u00e9 jedl\u00e1  alebo si len tak u\u017e\u00edvajte romantick\u00e9 prostredie a spozn\u00e1vajte kr\u00e1sy  na\u0161ej malej ve\u013ekej krajiny,\u00a0 ktorej pr\u00edrodne aj kult\u00farne dedi\u010dstvo  m\u00f4\u017eete objavi\u0165 e\u0161te aj dnes pr\u00e1ve s\u00a0nami.<\/p>\n<p>Ak m\u00e1te z\u00e1ujem o dovolenku na Slovensku s\u00a0nami, nev\u00e1hajte a <a title=\"Kontakt\" href=\"..\/?page_id=17&amp;lang=sk\">kontaktujte n\u00e1s<\/a>. Povedzte n\u00e1m svoje predstavy a my sa budeme sna\u017ei\u0165 splni\u0165 v\u00e1m ich a obohati\u0165 ich o na\u0161e sk\u00fasenosti. <strong>Zabezpe\u010d\u00edme  pre v\u00e1s cel\u00fd program, od dopravy a\u017e po ubytovanie v\u00a0tradi\u010dnom  slovenskom prostred\u00ed, aby ste pre\u017eili nie len nezabudnute\u013en\u00e9 chv\u00edle v  slovensk\u00fdch hor\u00e1ch, ale aby ste spoznali aj trad\u00edcie slovenskej kult\u00fary.<\/strong><\/p>","protected":false},"excerpt":{"rendered":"<p>Spoznajte s\u00a0nami trad\u00edciu v\u00fdroby uden\u00fdch syrov\u00fdch korb\u00e1\u010dikov, najzn\u00e1mej\u0161ej slovenskej kulin\u00e1rskej \u0161peciality s\u00a0dlhou trad\u00edciou. &nbsp; Ak pl\u00e1nujete nav\u0161t\u00edvi\u0165 na\u0161u mal\u00fa krajinu s\u00a0ve\u013ek\u00fdm srdcom, nazrite spolu s\u00a0nami na vych\u00fdren\u00e9\u00a0 kulin\u00e1rske \u013eudov\u00e9 \u201eremeslo\u201c v\u00fdroba tradi\u010dn\u00fdch syrov\u00fdch korb\u00e1\u010dikov, ktor\u00e9 patr\u00ed k\u00a0jedn\u00fdm z najstar\u0161\u00edm a najzn\u00e1mej\u0161\u00edm \u0161pecialit\u00e1m na Slovensku. Toto je len jedno z\u00a0mnoh\u00fdch trad\u00edci\u00ed, ktor\u00e9 by sme v\u00e1m radi [&hellip;]<\/p>\n","protected":false},"author":1,"featured_media":0,"parent":11,"menu_order":0,"comment_status":"open","ping_status":"closed","template":"","meta":{"ngg_post_thumbnail":0},"yoast_head":"<!-- This site is optimized with the Yoast SEO plugin v20.3 - https:\/\/yoast.com\/wordpress\/plugins\/seo\/ -->\n<title>V\u00fdroba tradi\u010dn\u00fdch korb\u00e1\u010dikov - EST Frontier Slovakia<\/title>\n<meta name=\"robots\" content=\"index, follow, max-snippet:-1, max-image-preview:large, max-video-preview:-1\" \/>\n<link rel=\"canonical\" href=\"https:\/\/www.enjoyslovakiasoul.com\/traditional-crafts-arts\/vyroba-tradicnych-korbacikov-2-2\/\" \/>\n<meta property=\"og:locale\" content=\"sk_SK\" \/>\n<meta property=\"og:type\" content=\"article\" \/>\n<meta property=\"og:title\" content=\"V\u00fdroba tradi\u010dn\u00fdch korb\u00e1\u010dikov - EST Frontier Slovakia\" \/>\n<meta property=\"og:description\" content=\"Spoznajte s\u00a0nami trad\u00edciu v\u00fdroby uden\u00fdch syrov\u00fdch korb\u00e1\u010dikov, najzn\u00e1mej\u0161ej slovenskej kulin\u00e1rskej \u0161peciality s\u00a0dlhou trad\u00edciou. &nbsp; Ak pl\u00e1nujete nav\u0161t\u00edvi\u0165 na\u0161u mal\u00fa krajinu s\u00a0ve\u013ek\u00fdm srdcom, nazrite spolu s\u00a0nami na vych\u00fdren\u00e9\u00a0 kulin\u00e1rske \u013eudov\u00e9 \u201eremeslo\u201c v\u00fdroba tradi\u010dn\u00fdch syrov\u00fdch korb\u00e1\u010dikov, ktor\u00e9 patr\u00ed k\u00a0jedn\u00fdm z najstar\u0161\u00edm a najzn\u00e1mej\u0161\u00edm \u0161pecialit\u00e1m na Slovensku. Toto je len jedno z\u00a0mnoh\u00fdch trad\u00edci\u00ed, ktor\u00e9 by sme v\u00e1m radi [&hellip;]\" \/>\n<meta property=\"og:url\" content=\"https:\/\/www.enjoyslovakiasoul.com\/traditional-crafts-arts\/vyroba-tradicnych-korbacikov-2-2\/\" \/>\n<meta property=\"og:site_name\" content=\"EST Frontier Slovakia\" \/>\n<meta property=\"article:modified_time\" content=\"2011-05-20T16:24:01+00:00\" \/>\n<meta property=\"og:image\" content=\"http:\/\/www.enjoyslovakiasoul.com\/wp-content\/uploads\/Zmena14.jpg\" \/>\n<meta name=\"twitter:card\" content=\"summary_large_image\" \/>\n<meta name=\"twitter:label1\" content=\"Predpokladan\u00fd \u010das \u010d\u00edtania\" \/>\n\t<meta name=\"twitter:data1\" content=\"4 min\u00faty\" \/>\n<script type=\"application\/ld+json\" class=\"yoast-schema-graph\">{\"@context\":\"https:\/\/schema.org\",\"@graph\":[{\"@type\":\"WebPage\",\"@id\":\"https:\/\/www.enjoyslovakiasoul.com\/traditional-crafts-arts\/vyroba-tradicnych-korbacikov-2-2\/\",\"url\":\"https:\/\/www.enjoyslovakiasoul.com\/traditional-crafts-arts\/vyroba-tradicnych-korbacikov-2-2\/\",\"name\":\"V\u00fdroba tradi\u010dn\u00fdch korb\u00e1\u010dikov - EST Frontier Slovakia\",\"isPartOf\":{\"@id\":\"https:\/\/www.enjoyslovakiasoul.com\/#website\"},\"datePublished\":\"2011-05-16T08:33:43+00:00\",\"dateModified\":\"2011-05-20T16:24:01+00:00\",\"breadcrumb\":{\"@id\":\"https:\/\/www.enjoyslovakiasoul.com\/traditional-crafts-arts\/vyroba-tradicnych-korbacikov-2-2\/#breadcrumb\"},\"inLanguage\":\"sk-SK\",\"potentialAction\":[{\"@type\":\"ReadAction\",\"target\":[\"https:\/\/www.enjoyslovakiasoul.com\/traditional-crafts-arts\/vyroba-tradicnych-korbacikov-2-2\/\"]}]},{\"@type\":\"BreadcrumbList\",\"@id\":\"https:\/\/www.enjoyslovakiasoul.com\/traditional-crafts-arts\/vyroba-tradicnych-korbacikov-2-2\/#breadcrumb\",\"itemListElement\":[{\"@type\":\"ListItem\",\"position\":1,\"name\":\"Home\",\"item\":\"https:\/\/www.enjoyslovakiasoul.com\/\"},{\"@type\":\"ListItem\",\"position\":2,\"name\":\"Slovak Heritage\",\"item\":\"https:\/\/www.enjoyslovakiasoul.com\/traditional-crafts-arts\/\"},{\"@type\":\"ListItem\",\"position\":3,\"name\":\"String Cheese Making\"}]},{\"@type\":\"WebSite\",\"@id\":\"https:\/\/www.enjoyslovakiasoul.com\/#website\",\"url\":\"https:\/\/www.enjoyslovakiasoul.com\/\",\"name\":\"EST Frontier Slovakia\",\"description\":\"Fun, Relax, Adventure\",\"potentialAction\":[{\"@type\":\"SearchAction\",\"target\":{\"@type\":\"EntryPoint\",\"urlTemplate\":\"https:\/\/www.enjoyslovakiasoul.com\/?s={search_term_string}\"},\"query-input\":\"required name=search_term_string\"}],\"inLanguage\":\"sk-SK\"}]}<\/script>\n<!-- \/ Yoast SEO plugin. -->","yoast_head_json":{"title":"V\u00fdroba tradi\u010dn\u00fdch korb\u00e1\u010dikov - EST Frontier Slovakia","robots":{"index":"index","follow":"follow","max-snippet":"max-snippet:-1","max-image-preview":"max-image-preview:large","max-video-preview":"max-video-preview:-1"},"canonical":"https:\/\/www.enjoyslovakiasoul.com\/traditional-crafts-arts\/vyroba-tradicnych-korbacikov-2-2\/","og_locale":"sk_SK","og_type":"article","og_title":"V\u00fdroba tradi\u010dn\u00fdch korb\u00e1\u010dikov - EST Frontier Slovakia","og_description":"Spoznajte s\u00a0nami trad\u00edciu v\u00fdroby uden\u00fdch syrov\u00fdch korb\u00e1\u010dikov, najzn\u00e1mej\u0161ej slovenskej kulin\u00e1rskej \u0161peciality s\u00a0dlhou trad\u00edciou. &nbsp; Ak pl\u00e1nujete nav\u0161t\u00edvi\u0165 na\u0161u mal\u00fa krajinu s\u00a0ve\u013ek\u00fdm srdcom, nazrite spolu s\u00a0nami na vych\u00fdren\u00e9\u00a0 kulin\u00e1rske \u013eudov\u00e9 \u201eremeslo\u201c v\u00fdroba tradi\u010dn\u00fdch syrov\u00fdch korb\u00e1\u010dikov, ktor\u00e9 patr\u00ed k\u00a0jedn\u00fdm z najstar\u0161\u00edm a najzn\u00e1mej\u0161\u00edm \u0161pecialit\u00e1m na Slovensku. Toto je len jedno z\u00a0mnoh\u00fdch trad\u00edci\u00ed, ktor\u00e9 by sme v\u00e1m radi [&hellip;]","og_url":"https:\/\/www.enjoyslovakiasoul.com\/traditional-crafts-arts\/vyroba-tradicnych-korbacikov-2-2\/","og_site_name":"EST Frontier Slovakia","article_modified_time":"2011-05-20T16:24:01+00:00","og_image":[{"url":"http:\/\/www.enjoyslovakiasoul.com\/wp-content\/uploads\/Zmena14.jpg"}],"twitter_card":"summary_large_image","twitter_misc":{"Predpokladan\u00fd \u010das \u010d\u00edtania":"4 min\u00faty"},"schema":{"@context":"https:\/\/schema.org","@graph":[{"@type":"WebPage","@id":"https:\/\/www.enjoyslovakiasoul.com\/traditional-crafts-arts\/vyroba-tradicnych-korbacikov-2-2\/","url":"https:\/\/www.enjoyslovakiasoul.com\/traditional-crafts-arts\/vyroba-tradicnych-korbacikov-2-2\/","name":"V\u00fdroba tradi\u010dn\u00fdch korb\u00e1\u010dikov - EST Frontier Slovakia","isPartOf":{"@id":"https:\/\/www.enjoyslovakiasoul.com\/#website"},"datePublished":"2011-05-16T08:33:43+00:00","dateModified":"2011-05-20T16:24:01+00:00","breadcrumb":{"@id":"https:\/\/www.enjoyslovakiasoul.com\/traditional-crafts-arts\/vyroba-tradicnych-korbacikov-2-2\/#breadcrumb"},"inLanguage":"sk-SK","potentialAction":[{"@type":"ReadAction","target":["https:\/\/www.enjoyslovakiasoul.com\/traditional-crafts-arts\/vyroba-tradicnych-korbacikov-2-2\/"]}]},{"@type":"BreadcrumbList","@id":"https:\/\/www.enjoyslovakiasoul.com\/traditional-crafts-arts\/vyroba-tradicnych-korbacikov-2-2\/#breadcrumb","itemListElement":[{"@type":"ListItem","position":1,"name":"Home","item":"https:\/\/www.enjoyslovakiasoul.com\/"},{"@type":"ListItem","position":2,"name":"Slovak Heritage","item":"https:\/\/www.enjoyslovakiasoul.com\/traditional-crafts-arts\/"},{"@type":"ListItem","position":3,"name":"String Cheese Making"}]},{"@type":"WebSite","@id":"https:\/\/www.enjoyslovakiasoul.com\/#website","url":"https:\/\/www.enjoyslovakiasoul.com\/","name":"EST Frontier Slovakia","description":"Fun, Relax, Adventure","potentialAction":[{"@type":"SearchAction","target":{"@type":"EntryPoint","urlTemplate":"https:\/\/www.enjoyslovakiasoul.com\/?s={search_term_string}"},"query-input":"required name=search_term_string"}],"inLanguage":"sk-SK"}]}},"_links":{"self":[{"href":"https:\/\/www.enjoyslovakiasoul.com\/sk\/wp-json\/wp\/v2\/pages\/81"}],"collection":[{"href":"https:\/\/www.enjoyslovakiasoul.com\/sk\/wp-json\/wp\/v2\/pages"}],"about":[{"href":"https:\/\/www.enjoyslovakiasoul.com\/sk\/wp-json\/wp\/v2\/types\/page"}],"author":[{"embeddable":true,"href":"https:\/\/www.enjoyslovakiasoul.com\/sk\/wp-json\/wp\/v2\/users\/1"}],"replies":[{"embeddable":true,"href":"https:\/\/www.enjoyslovakiasoul.com\/sk\/wp-json\/wp\/v2\/comments?post=81"}],"version-history":[{"count":22,"href":"https:\/\/www.enjoyslovakiasoul.com\/sk\/wp-json\/wp\/v2\/pages\/81\/revisions"}],"predecessor-version":[{"id":633,"href":"https:\/\/www.enjoyslovakiasoul.com\/sk\/wp-json\/wp\/v2\/pages\/81\/revisions\/633"}],"up":[{"embeddable":true,"href":"https:\/\/www.enjoyslovakiasoul.com\/sk\/wp-json\/wp\/v2\/pages\/11"}],"wp:attachment":[{"href":"https:\/\/www.enjoyslovakiasoul.com\/sk\/wp-json\/wp\/v2\/media?parent=81"}],"curies":[{"name":"wp","href":"https:\/\/api.w.org\/{rel}","templated":true}]}}